{"id":2306,"date":"2026-01-29T16:37:15","date_gmt":"2026-01-29T13:37:15","guid":{"rendered":"https:\/\/kalinkamagazin.com\/product\/5255-crutones-de-centeno-y-trigo-con-sabor-a-tomate-es\/"},"modified":"2026-01-29T17:03:07","modified_gmt":"2026-01-29T14:03:07","slug":"5255-crutones-de-centeno-y-trigo-con-sabor-a-tomate-es","status":"publish","type":"product","link":"https:\/\/kalinkamagazin.com\/es\/product\/5255-crutones-de-centeno-y-trigo-con-sabor-a-tomate-es\/","title":{"rendered":"Crutones de centeno y trigo con sabor a tomate"},"content":{"rendered":"<p>Un aperitivo de pan de centeno y trigo con sabor a tomate. La imagen refleja la direcci\u00f3n del sabor. Ingredientes: Pan de centeno (40 % de harina de centeno, agua, 17 % de harina de trigo, jarabe de glucosa, malta de centeno, sal, extracto de levadura, cilantro), aceite de girasol, mezcla de especias (az\u00facar, sal, potenciador del sabor (E621), regulador de acidez (E330), tomate en polvo, mejorador de la fluidez del polvo (E551), potenciador del sabor (E627, E631), aromas), mezcla de especias (sal, maltodextrina, az\u00facar, tomate en polvo, cebolla en polvo, potenciador del sabor (E621, E635), aroma, ajo en polvo, mejorador de la fluidez del polvo (E551, E504), aceites vegetales: (girasol, oliva), reguladores de acidez: (E330, E296), almid\u00f3n modificado, copos de arroz, antioxidantes: (E392)). Conservar en un lugar fresco y seco. Este producto puede contener trazas de: <b>Mostaza,<\/b><b>soja.<\/b>Distribuci\u00f3n: Lackmann Fleisch- und Feinkostfabrik GmbH, Carl Benz Stra\u00dfe 10, 77731 Willst\u00e4tt, Alemania. Consumir preferentemente antes: ver pie de imprenta, segunda l\u00ednea. <!--NWT-Text-->Valor nutricional por 100 g: Valor energ\u00e9tico: 1670 kJ \/ 395 kcal, Grasas: 6,6 g, de las cuales saturadas: 0,8 g, Hidratos de carbono: 76 g, de los cuales az\u00facares: 7,2 g, Prote\u00ednas: 8,0 g, Sal: 1,6 g, <!--NWT-Table--><\/p>\n<table>\n<tbody>\n<tr>\n<td colspan=\"2\">Valor nutricional por 100 g:<\/td>\n<\/tr>\n<tr>\n<td>Valor energ\u00e9tico:<\/td>\n<td align = \"right\">1670 kJ\/395 kcal<\/td>\n<\/tr>\n<tr>\n<td>Grasas:<\/td>\n<td align = \"right\">6,6 g<\/td>\n<\/tr>\n<tr>\n<td>de las cuales saturadas:<\/td>\n<td align = \"right\">0.8g<\/td>\n<\/tr>\n<tr>\n<td>Hidratos de carbono:<\/td>\n<td align = \"right\">76g<\/td>\n<\/tr>\n<tr>\n<td>- de los cuales az\u00facares:<\/td>\n<td align = \"right\">7.2g<\/td>\n<\/tr>\n<tr>\n<td>Prote\u00ednas:<\/td>\n<td align = \"right\">8.0g<\/td>\n<\/tr>\n<tr>\n<td>Sal:<\/td>\n<td align = \"right\">1.6g<\/td>\n<\/tr>\n<\/tbody>\n<\/table>\n<p> <!--Bezeichnung-->Snack de pan de centeno con sabor a tomate. .<\/p>\n","protected":false},"excerpt":{"rendered":"<p>Un aperitivo de pan de centeno y trigo con sabor a tomate. La imagen refleja la direcci\u00f3n del sabor. Ingredientes: Pan de centeno (40 % de harina de centeno, agua, 17 % de harina de trigo, jarabe de glucosa, malta de centeno, sal, extracto de levadura, cilantro), aceite de girasol, mezcla de especias (az\u00facar, sal, [&hellip;]<\/p>\n","protected":false},"featured_media":1570,"template":"","meta":{"inline_featured_image":false},"product_brand":[],"product_cat":[207],"product_tag":[],"class_list":{"0":"post-2306","1":"product","2":"type-product","3":"status-publish","4":"has-post-thumbnail","6":"product_cat-granos-cereales-y-snacks","8":"first","9":"instock","10":"shipping-taxable","11":"purchasable","12":"product-type-simple"},"acf":[],"_links":{"self":[{"href":"https:\/\/kalinkamagazin.com\/es\/wp-json\/wp\/v2\/product\/2306","targetHints":{"allow":["GET"]}}],"collection":[{"href":"https:\/\/kalinkamagazin.com\/es\/wp-json\/wp\/v2\/product"}],"about":[{"href":"https:\/\/kalinkamagazin.com\/es\/wp-json\/wp\/v2\/types\/product"}],"wp:featuredmedia":[{"embeddable":true,"href":"https:\/\/kalinkamagazin.com\/es\/wp-json\/wp\/v2\/media\/1570"}],"wp:attachment":[{"href":"https:\/\/kalinkamagazin.com\/es\/wp-json\/wp\/v2\/media?parent=2306"}],"wp:term":[{"taxonomy":"product_brand","embeddable":true,"href":"https:\/\/kalinkamagazin.com\/es\/wp-json\/wp\/v2\/product_brand?post=2306"},{"taxonomy":"product_cat","embeddable":true,"href":"https:\/\/kalinkamagazin.com\/es\/wp-json\/wp\/v2\/product_cat?post=2306"},{"taxonomy":"product_tag","embeddable":true,"href":"https:\/\/kalinkamagazin.com\/es\/wp-json\/wp\/v2\/product_tag?post=2306"}],"curies":[{"name":"wp","href":"https:\/\/api.w.org\/{rel}","templated":true}]}}