{"id":2307,"date":"2026-01-29T16:37:12","date_gmt":"2026-01-29T13:37:12","guid":{"rendered":"https:\/\/kalinkamagazin.com\/product\/5258-crutones-de-pan-de-trigo-con-sabor-a-tocino-es\/"},"modified":"2026-01-29T17:03:02","modified_gmt":"2026-01-29T14:03:02","slug":"5258-crutones-de-pan-de-trigo-con-sabor-a-tocino-es","status":"publish","type":"product","link":"https:\/\/kalinkamagazin.com\/es\/product\/5258-crutones-de-pan-de-trigo-con-sabor-a-tocino-es\/","title":{"rendered":"Crutones de pan de trigo con sabor a tocino"},"content":{"rendered":"<p>Pan de trigo con sabor a tocino. La imagen muestra la direcci\u00f3n del sabor. Ingredientes: <b>pan de trigo<\/b> (harina de trigo,<\/b>agua, <b>harina de centeno<\/b>, sal, levadura), aceite de girasol, mezcla de especias (sal, az\u00facar, potenciadores del sabor: (E621, E631), aceite de palma, agente de fluidez para polvos: (E551), regulador de acidez (E330), aceite de palma, colorante: E160c, aromas). Conservar en un lugar fresco y seco. Consumir preferentemente antes del: ver la segunda l\u00ednea del pie de imprenta. Ventas: Lackmann Fleisch- und Feinkostfabrik GmbH, Carl Benz Stra\u00dfe 10, 77731 Willst\u00e4tt, Alemania. <!--NWT-Text-->Valor nutricional por 100 g: Valor energ\u00e9tico: 1790 kJ \/ 424 kcal, Grasas: 9,8 g, de las cuales saturadas: 1,5 g, Hidratos de carbono: 73 g, de los cuales az\u00facares: 5,4 g, Prote\u00ednas: 11 g, Sal: 1,9 g, <!--NWT-Table--><\/p>\n<table>\n<tbody>\n<tr>\n<td colspan=\"2\">Valor nutricional por 100 g:<\/td>\n<\/tr>\n<tr>\n<td>Valor energ\u00e9tico:<\/td>\n<td align = \"right\">1790 kJ\/424 kcal<\/td>\n<\/tr>\n<tr>\n<td>Grasas:<\/td>\n<td align = \"right\">9,8 g<\/td>\n<\/tr>\n<tr>\n<td>de las cuales saturadas:<\/td>\n<td align = \"right\">1.5g<\/td>\n<\/tr>\n<tr>\n<td>Hidratos de carbono:<\/td>\n<td align = \"right\">73g<\/td>\n<\/tr>\n<tr>\n<td>- de los cuales az\u00facares:<\/td>\n<td align = \"right\">5.4g<\/td>\n<\/tr>\n<tr>\n<td>Prote\u00ednas:<\/td>\n<td align = \"right\">11g<\/td>\n<\/tr>\n<tr>\n<td>Sal:<\/td>\n<td align = \"right\">1.9g<\/td>\n<\/tr>\n<\/tbody>\n<\/table>\n<p> <!--Bezeichnung-->Snack de pan de trigo con sabor a tocino. .<\/p>\n","protected":false},"excerpt":{"rendered":"<p>Pan de trigo con sabor a tocino. La imagen muestra la direcci\u00f3n del sabor. Ingredientes: pan de trigo (harina de trigo,agua, harina de centeno, sal, levadura), aceite de girasol, mezcla de especias (sal, az\u00facar, potenciadores del sabor: (E621, E631), aceite de palma, agente de fluidez para polvos: (E551), regulador de acidez (E330), aceite de palma, [&hellip;]<\/p>\n","protected":false},"featured_media":1573,"template":"","meta":{"inline_featured_image":false},"product_brand":[],"product_cat":[207],"product_tag":[],"class_list":{"0":"post-2307","1":"product","2":"type-product","3":"status-publish","4":"has-post-thumbnail","6":"product_cat-granos-cereales-y-snacks","8":"first","9":"instock","10":"shipping-taxable","11":"purchasable","12":"product-type-simple"},"acf":[],"_links":{"self":[{"href":"https:\/\/kalinkamagazin.com\/es\/wp-json\/wp\/v2\/product\/2307","targetHints":{"allow":["GET"]}}],"collection":[{"href":"https:\/\/kalinkamagazin.com\/es\/wp-json\/wp\/v2\/product"}],"about":[{"href":"https:\/\/kalinkamagazin.com\/es\/wp-json\/wp\/v2\/types\/product"}],"wp:featuredmedia":[{"embeddable":true,"href":"https:\/\/kalinkamagazin.com\/es\/wp-json\/wp\/v2\/media\/1573"}],"wp:attachment":[{"href":"https:\/\/kalinkamagazin.com\/es\/wp-json\/wp\/v2\/media?parent=2307"}],"wp:term":[{"taxonomy":"product_brand","embeddable":true,"href":"https:\/\/kalinkamagazin.com\/es\/wp-json\/wp\/v2\/product_brand?post=2307"},{"taxonomy":"product_cat","embeddable":true,"href":"https:\/\/kalinkamagazin.com\/es\/wp-json\/wp\/v2\/product_cat?post=2307"},{"taxonomy":"product_tag","embeddable":true,"href":"https:\/\/kalinkamagazin.com\/es\/wp-json\/wp\/v2\/product_tag?post=2307"}],"curies":[{"name":"wp","href":"https:\/\/api.w.org\/{rel}","templated":true}]}}