{"id":2309,"date":"2026-01-29T16:36:43","date_gmt":"2026-01-29T13:36:43","guid":{"rendered":"https:\/\/kalinkamagazin.com\/product\/3413-galletas-con-sabor-a-leche-tibia-es\/"},"modified":"2026-01-29T17:02:32","modified_gmt":"2026-01-29T14:02:32","slug":"3413-galletas-con-sabor-a-leche-tibia-es","status":"publish","type":"product","link":"https:\/\/kalinkamagazin.com\/es\/product\/3413-galletas-con-sabor-a-leche-tibia-es\/","title":{"rendered":"Galletas con sabor a leche tibia"},"content":{"rendered":"<p>Galletas con sabor a leche horneada. La opci\u00f3n de presentaci\u00f3n se muestra en la imagen. Ingredientes: <b>harina de trigo,<\/b>az\u00facar,<\/b>grasa de confiter\u00eda (aceite de palma,<\/b>emulgente: lecitina (soja),<\/b>antioxidantes: (E300, E307)),<\/b>huevo entero en polvo,<\/b>leche entera,<\/b>producto de suero,<\/b>grasas y aceites vegetales (palma, girasol,<\/b>soja,<\/b>colza),<\/b>emulgente (E471),<\/b>antioxidantes: (E306),<\/b>lactosa,<\/b>almid\u00f3n de ma\u00edz,<\/b>sal de mesa,<\/b>aroma,<\/b>levadura en polvo (E500),<\/b>regulador de acidez (E270).<\/b>Este producto puede contener trazas de: <b>cacahuetes,<\/b>frutos secos,<\/b>s\u00e9samo.<\/b>Conservar en un lugar fresco y seco. Consumir preferentemente antes de: ver reimpresi\u00f3n, segunda ola. Distribuci\u00f3n: Lackmann Fleisch- und Feinkostfabrik GmbH, Carl Benz Stra\u00dfe 10, 77731 Willst\u00e4tt, Alemania. <!--NWT-Text-->Valor nutricional por 100 g: Valor energ\u00e9tico: 1940 kJ \/ 460 kcal, Grasas: 16 g, de las cuales saturadas: 9,6 g, Hidratos de carbono: 71 g, de los cuales az\u00facares: 25 g, Prote\u00ednas: 7,5 g, Sal: 0,40 g, <!--NWT-Table--><\/p>\n<table>\n<tbody>\n<tr>\n<td colspan=\"2\">Valor nutricional por 100 g:<\/td>\n<\/tr>\n<tr>\n<td>Valor energ\u00e9tico:<\/td>\n<td align = \"right\">1940 kJ \/ 460 kcal<\/td>\n<\/tr>\n<tr>\n<td>Grasas:<\/td>\n<td align = \"right\">16 g<\/td>\n<\/tr>\n<tr>\n<td>de las cuales saturadas:<\/td>\n<td align = \"right\">9.6g<\/td>\n<\/tr>\n<tr>\n<td>Hidratos de carbono:<\/td>\n<td align = \"right\">71g<\/td>\n<\/tr>\n<tr>\n<td>- de los cuales az\u00facares:<\/td>\n<td align = \"right\">25g<\/td>\n<\/tr>\n<tr>\n<td>Prote\u00ednas:<\/td>\n<td align = \"right\">7.5g<\/td>\n<\/tr>\n<tr>\n<td>Sal:<\/td>\n<td align = \"right\">0.40g<\/td>\n<\/tr>\n<\/tbody>\n<\/table>\n<p> <!--Bezeichnung-->Galletas con sabor a leche horneada..<\/p>\n","protected":false},"excerpt":{"rendered":"<p>Galletas con sabor a leche horneada. La opci\u00f3n de presentaci\u00f3n se muestra en la imagen. Ingredientes: harina de trigo,az\u00facar,grasa de confiter\u00eda (aceite de palma,emulgente: lecitina (soja),antioxidantes: (E300, E307)),huevo entero en polvo,leche entera,producto de suero,grasas y aceites vegetales (palma, girasol,soja,colza),emulgente (E471),antioxidantes: (E306),lactosa,almid\u00f3n de ma\u00edz,sal de mesa,aroma,levadura en polvo (E500),regulador de acidez (E270).Este producto puede contener trazas [&hellip;]<\/p>\n","protected":false},"featured_media":1597,"template":"","meta":{"inline_featured_image":false},"product_brand":[],"product_cat":[238,245],"product_tag":[],"class_list":{"0":"post-2309","1":"product","2":"type-product","3":"status-publish","4":"has-post-thumbnail","6":"product_cat-dulces-y-reposteria","7":"product_cat-galletas","9":"first","10":"instock","11":"shipping-taxable","12":"purchasable","13":"product-type-simple"},"acf":[],"_links":{"self":[{"href":"https:\/\/kalinkamagazin.com\/es\/wp-json\/wp\/v2\/product\/2309","targetHints":{"allow":["GET"]}}],"collection":[{"href":"https:\/\/kalinkamagazin.com\/es\/wp-json\/wp\/v2\/product"}],"about":[{"href":"https:\/\/kalinkamagazin.com\/es\/wp-json\/wp\/v2\/types\/product"}],"wp:featuredmedia":[{"embeddable":true,"href":"https:\/\/kalinkamagazin.com\/es\/wp-json\/wp\/v2\/media\/1597"}],"wp:attachment":[{"href":"https:\/\/kalinkamagazin.com\/es\/wp-json\/wp\/v2\/media?parent=2309"}],"wp:term":[{"taxonomy":"product_brand","embeddable":true,"href":"https:\/\/kalinkamagazin.com\/es\/wp-json\/wp\/v2\/product_brand?post=2309"},{"taxonomy":"product_cat","embeddable":true,"href":"https:\/\/kalinkamagazin.com\/es\/wp-json\/wp\/v2\/product_cat?post=2309"},{"taxonomy":"product_tag","embeddable":true,"href":"https:\/\/kalinkamagazin.com\/es\/wp-json\/wp\/v2\/product_tag?post=2309"}],"curies":[{"name":"wp","href":"https:\/\/api.w.org\/{rel}","templated":true}]}}