{"id":2310,"date":"2026-01-29T16:36:39","date_gmt":"2026-01-29T13:36:39","guid":{"rendered":"https:\/\/kalinkamagazin.com\/product\/3961-galletas-de-azcar-para-cafj-con-aroma-a-crema-de-vainilla-es\/"},"modified":"2026-03-18T21:28:21","modified_gmt":"2026-03-18T18:28:21","slug":"3961-galletas-de-azcar-para-cafj-con-aroma-a-crema-de-vainilla-es","status":"publish","type":"product","link":"https:\/\/kalinkamagazin.com\/es\/product\/3961-galletas-de-azcar-para-cafj-con-aroma-a-crema-de-vainilla-es\/","title":{"rendered":"Galletas de az\u044acar \"Para caf\u0439\" con aroma a crema de vainilla"},"content":{"rendered":"<p>Cupcakes con cremoso sabor a vainilla. Ingredientes: <b>Harina de trigo,<\/b>az\u00facar,<\/b>aceite de palma,<\/b>emulgente: (lecitina de soja)),<\/b>levadura en polvo: (E503, E500),<\/b>sal,<\/b>aroma,<\/b>regulador de acidez: (E270). Este producto puede contener trazas de: <b>huevos,<\/b><b>cacahuetes,<\/b><b>leche,<\/b><b>s\u00e9samo.<\/b>Conservar en un lugar fresco y seco. Consumir preferentemente antes de: ver la segunda l\u00ednea del pie de imprenta. Ventas: Lackmann Fleisch- und Feinkostfabrik GmbH, Carl Benz Stra\u00dfe 10, 77731 Willst\u00e4tt, Alemania. <!--NWT-Text-->Valor nutricional por 100 g: Valor energ\u00e9tico: 1904 kJ \/ 453 kcal, Grasas: 17 g, de las cuales saturadas: 8,0 g, Hidratos de carbono: 66 g, de los cuales az\u00facares: 21 g, Prote\u00ednas: 7,1 g, Sal: 0,71 g, <!--NWT-Table--><\/p>\n<table>\n<tbody>\n<tr>\n<td colspan=\"2\">Valor nutricional por 100 g:<\/td>\n<\/tr>\n<tr>\n<td>Valor energ\u00e9tico:<\/td>\n<td align = \"right\">1904 kJ\/453 kcal<\/td>\n<\/tr>\n<tr>\n<td>Grasas:<\/td>\n<td align = \"right\">17 g<\/td>\n<\/tr>\n<tr>\n<td>de las cuales saturadas:<\/td>\n<td align = \"right\">8,0 g<\/td>\n<\/tr>\n<tr>\n<td>Hidratos de carbono:<\/td>\n<td align = \"right\">66 g<\/td>\n<\/tr>\n<tr>\n<td>- de los cuales az\u00facares:<\/td>\n<td align = \"right\">21 g<\/td>\n<\/tr>\n<tr>\n<td>Prote\u00ednas:<\/td>\n<td align = \"right\">7,1 g<\/td>\n<\/tr>\n<tr>\n<td>Sal:<\/td>\n<td align = \"right\">0,71 g<\/td>\n<\/tr>\n<\/tbody>\n<\/table>\n<p> <!--Bezeichnung-->Cupcakes cremosos de vainilla. .<\/p>\n","protected":false},"excerpt":{"rendered":"<p>Cupcakes con cremoso sabor a vainilla. Ingredientes: Harina de trigo,az\u00facar,aceite de palma,emulgente: (lecitina de soja)),levadura en polvo: (E503, E500),sal,aroma,regulador de acidez: (E270). Este producto puede contener trazas de: huevos,cacahuetes,leche,s\u00e9samo.Conservar en un lugar fresco y seco. Consumir preferentemente antes de: ver la segunda l\u00ednea del pie de imprenta. Ventas: Lackmann Fleisch- und Feinkostfabrik GmbH, Carl Benz [&hellip;]<\/p>\n","protected":false},"featured_media":1600,"template":"","meta":{"inline_featured_image":false},"product_brand":[],"product_cat":[238,245],"product_tag":[],"class_list":{"0":"post-2310","1":"product","2":"type-product","3":"status-publish","4":"has-post-thumbnail","6":"product_cat-dulces-y-reposteria","7":"product_cat-galletas","9":"first","10":"instock","11":"shipping-taxable","12":"purchasable","13":"product-type-simple"},"acf":[],"_links":{"self":[{"href":"https:\/\/kalinkamagazin.com\/es\/wp-json\/wp\/v2\/product\/2310","targetHints":{"allow":["GET"]}}],"collection":[{"href":"https:\/\/kalinkamagazin.com\/es\/wp-json\/wp\/v2\/product"}],"about":[{"href":"https:\/\/kalinkamagazin.com\/es\/wp-json\/wp\/v2\/types\/product"}],"wp:featuredmedia":[{"embeddable":true,"href":"https:\/\/kalinkamagazin.com\/es\/wp-json\/wp\/v2\/media\/1600"}],"wp:attachment":[{"href":"https:\/\/kalinkamagazin.com\/es\/wp-json\/wp\/v2\/media?parent=2310"}],"wp:term":[{"taxonomy":"product_brand","embeddable":true,"href":"https:\/\/kalinkamagazin.com\/es\/wp-json\/wp\/v2\/product_brand?post=2310"},{"taxonomy":"product_cat","embeddable":true,"href":"https:\/\/kalinkamagazin.com\/es\/wp-json\/wp\/v2\/product_cat?post=2310"},{"taxonomy":"product_tag","embeddable":true,"href":"https:\/\/kalinkamagazin.com\/es\/wp-json\/wp\/v2\/product_tag?post=2310"}],"curies":[{"name":"wp","href":"https:\/\/api.w.org\/{rel}","templated":true}]}}