{"id":2311,"date":"2026-01-29T16:36:36","date_gmt":"2026-01-29T13:36:36","guid":{"rendered":"https:\/\/kalinkamagazin.com\/product\/3962-galletas-de-azcar-para-cafj-con-aroma-a-leche-horneada-es\/"},"modified":"2026-03-18T21:28:35","modified_gmt":"2026-03-18T18:28:35","slug":"3962-galletas-de-azcar-para-cafj-con-aroma-a-leche-horneada-es","status":"publish","type":"product","link":"https:\/\/kalinkamagazin.com\/es\/product\/3962-galletas-de-azcar-para-cafj-con-aroma-a-leche-horneada-es\/","title":{"rendered":"Galletas de az\u044acar \"Para caf\u0439\" con aroma a leche horneada"},"content":{"rendered":"<p>Muffins con sabor a leche horneada. Ingredientes: <b>harina de trigo,<\/b>az\u00facar, aceite de palma, emulgente: (lecitina de soja)), levadura qu\u00edmica: (E503, E500), sal, aroma, regulador de acidez: (E270), <b>leche desnatada en polvo,<\/b><b>cacahuetes tostados rallados,<\/b>avellanas ralladas,<\/b>almendras ralladas, <b>huevo entero de gallina.<\/b>Este producto puede contener trazas de: <b>s\u00e9samo.<\/b>Conservar en un lugar fresco y seco. Consumir preferentemente antes del: ver la segunda l\u00ednea del pie de imprenta. Ventas: Lackmann Fleisch- und Feinkostfabrik GmbH, Carl Benz Stra\u00dfe 10, 77731 Willst\u00e4tt, Alemania. <!--NWT-Text-->Valor nutricional por 100 g: Valor energ\u00e9tico: 1900 kJ \/ 452 kcal, Grasas: 17 g, de las cuales saturadas: 7,7 g, Hidratos de carbono: 66 g, de los cuales az\u00facares: 21 g, Prote\u00ednas: 7,1 g, Sal: 0,77 g, <!--NWT-Table--><\/p>\n<table>\n<tbody>\n<tr>\n<td colspan=\"2\">Valor nutricional por 100 g:<\/td>\n<\/tr>\n<tr>\n<td>Valor energ\u00e9tico:<\/td>\n<td align = \"right\">1900 kJ\/452 kcal<\/td>\n<\/tr>\n<tr>\n<td>Grasas:<\/td>\n<td align = \"right\">17 g<\/td>\n<\/tr>\n<tr>\n<td>de las cuales saturadas:<\/td>\n<td align = \"right\">7,7 g<\/td>\n<\/tr>\n<tr>\n<td>Hidratos de carbono:<\/td>\n<td align = \"right\">66 g<\/td>\n<\/tr>\n<tr>\n<td>- de los cuales az\u00facares:<\/td>\n<td align = \"right\">21 g<\/td>\n<\/tr>\n<tr>\n<td>Prote\u00ednas:<\/td>\n<td align = \"right\">7,1 g<\/td>\n<\/tr>\n<tr>\n<td>Sal:<\/td>\n<td align = \"right\">0,77 g<\/td>\n<\/tr>\n<\/tbody>\n<\/table>\n<p> <!--Bezeichnung-->Muffins con sabor a leche horneada. .<\/p>\n","protected":false},"excerpt":{"rendered":"<p>Muffins con sabor a leche horneada. Ingredientes: harina de trigo,az\u00facar, aceite de palma, emulgente: (lecitina de soja)), levadura qu\u00edmica: (E503, E500), sal, aroma, regulador de acidez: (E270), leche desnatada en polvo,cacahuetes tostados rallados,avellanas ralladas,almendras ralladas, huevo entero de gallina.Este producto puede contener trazas de: s\u00e9samo.Conservar en un lugar fresco y seco. Consumir preferentemente antes del: [&hellip;]<\/p>\n","protected":false},"featured_media":1603,"template":"","meta":{"inline_featured_image":false},"product_brand":[],"product_cat":[238,245],"product_tag":[],"class_list":{"0":"post-2311","1":"product","2":"type-product","3":"status-publish","4":"has-post-thumbnail","6":"product_cat-dulces-y-reposteria","7":"product_cat-galletas","9":"first","10":"instock","11":"shipping-taxable","12":"purchasable","13":"product-type-simple"},"acf":[],"_links":{"self":[{"href":"https:\/\/kalinkamagazin.com\/es\/wp-json\/wp\/v2\/product\/2311","targetHints":{"allow":["GET"]}}],"collection":[{"href":"https:\/\/kalinkamagazin.com\/es\/wp-json\/wp\/v2\/product"}],"about":[{"href":"https:\/\/kalinkamagazin.com\/es\/wp-json\/wp\/v2\/types\/product"}],"wp:featuredmedia":[{"embeddable":true,"href":"https:\/\/kalinkamagazin.com\/es\/wp-json\/wp\/v2\/media\/1603"}],"wp:attachment":[{"href":"https:\/\/kalinkamagazin.com\/es\/wp-json\/wp\/v2\/media?parent=2311"}],"wp:term":[{"taxonomy":"product_brand","embeddable":true,"href":"https:\/\/kalinkamagazin.com\/es\/wp-json\/wp\/v2\/product_brand?post=2311"},{"taxonomy":"product_cat","embeddable":true,"href":"https:\/\/kalinkamagazin.com\/es\/wp-json\/wp\/v2\/product_cat?post=2311"},{"taxonomy":"product_tag","embeddable":true,"href":"https:\/\/kalinkamagazin.com\/es\/wp-json\/wp\/v2\/product_tag?post=2311"}],"curies":[{"name":"wp","href":"https:\/\/api.w.org\/{rel}","templated":true}]}}