{"id":2312,"date":"2026-01-29T16:36:11","date_gmt":"2026-01-29T13:36:11","guid":{"rendered":"https:\/\/kalinkamagazin.com\/product\/6168-galletas-de-azcar-con-leche-condensada-hervida-es\/"},"modified":"2026-01-29T17:01:58","modified_gmt":"2026-01-29T14:01:58","slug":"6168-galletas-de-azcar-con-leche-condensada-hervida-es","status":"publish","type":"product","link":"https:\/\/kalinkamagazin.com\/es\/product\/6168-galletas-de-azcar-con-leche-condensada-hervida-es\/","title":{"rendered":"Galletas de az\u044acar con leche condensada hervida"},"content":{"rendered":"<p>Un producto de confiter\u00eda con sabor a leche condensada caramelizada. Las opciones de presentaci\u00f3n se muestran en la imagen. Ingredientes: <b>harina de trigo,<\/b>az\u00facar,<\/b>grasa de confiter\u00eda (aceite de palma parcialmente endurecido,<\/b> emulgente (lecitina (soja)),<\/b>antioxidantes: (E300, E307)),<\/b>huevo entero en polvo,<\/b>nata con leche<\/b> (leche entera,<\/b>leche desnatada,<\/b>leche desnatada en polvo,<\/b>az\u00facar,<\/b>mantequilla,<\/b>lactosa,<\/b>grasa de confiter\u00eda (grasas y aceites vegetales: palma, girasol,<\/b>soja,<\/b>colza),<\/b>emulgentes (E471, lecitina (soja)),<\/b>antioxidantes: (E304, E307)),<\/b>almid\u00f3n de ma\u00edz,<\/b>sal de mesa,<\/b>aroma, <b>extracto de malta de cebada,<\/b>levadura en polvo (E500), corrector de acidez (E270). Este producto puede contener trazas de: <b>Cacahuetes,<\/b>Frutos secos,<\/b>s\u00e9samo.<\/b>Conservar en un lugar fresco y seco. Consumir preferentemente antes de: ver la segunda l\u00ednea del pie de imprenta. Distribuci\u00f3n: Lackmann Fleisch- und Feinkostfabrik GmbH, Carl Benz Stra\u00dfe 10, 77731 Willst\u00e4tt, Alemania. <!--NWT-Text-->Valor nutricional por 100 g: Valor energ\u00e9tico: 2030 kJ \/ 480 kcal, Grasas: 20 g, de las cuales saturadas: 9,4 g, Hidratos de carbono: 69 g, de los cuales az\u00facares: 23 g, Prote\u00ednas: 7,0 g, Sal: 0,52 g, <!--NWT-Table--><\/p>\n<table>\n<tbody>\n<tr>\n<td colspan=\"2\">Valor nutricional por 100 g:<\/td>\n<\/tr>\n<tr>\n<td>Valor energ\u00e9tico:<\/td>\n<td align = \"right\">2030 kJ\/480 kcal<\/td>\n<\/tr>\n<tr>\n<td>Grasas:<\/td>\n<td align = \"right\">20 g<\/td>\n<\/tr>\n<tr>\n<td>de las cuales saturadas:<\/td>\n<td align = \"right\">9,4 g<\/td>\n<\/tr>\n<tr>\n<td>Hidratos de carbono:<\/td>\n<td align = \"right\">69 g<\/td>\n<\/tr>\n<tr>\n<td>- de los cuales az\u00facares:<\/td>\n<td align = \"right\">23 g<\/td>\n<\/tr>\n<tr>\n<td>Prote\u00ednas:<\/td>\n<td align = \"right\">7,0 g<\/td>\n<\/tr>\n<tr>\n<td>Sal:<\/td>\n<td align = \"right\">0,52 g<\/td>\n<\/tr>\n<\/tbody>\n<\/table>\n<p> <!--Bezeichnung-->Confiter\u00eda con sabor a leche condensada caramelizada. .<\/p>\n","protected":false},"excerpt":{"rendered":"<p>Un producto de confiter\u00eda con sabor a leche condensada caramelizada. Las opciones de presentaci\u00f3n se muestran en la imagen. Ingredientes: harina de trigo,az\u00facar,grasa de confiter\u00eda (aceite de palma parcialmente endurecido, emulgente (lecitina (soja)),antioxidantes: (E300, E307)),huevo entero en polvo,nata con leche (leche entera,leche desnatada,leche desnatada en polvo,az\u00facar,mantequilla,lactosa,grasa de confiter\u00eda (grasas y aceites vegetales: palma, girasol,soja,colza),emulgentes (E471, [&hellip;]<\/p>\n","protected":false},"featured_media":1627,"template":"","meta":{"inline_featured_image":false},"product_brand":[],"product_cat":[238,245],"product_tag":[],"class_list":{"0":"post-2312","1":"product","2":"type-product","3":"status-publish","4":"has-post-thumbnail","6":"product_cat-dulces-y-reposteria","7":"product_cat-galletas","9":"first","10":"instock","11":"shipping-taxable","12":"purchasable","13":"product-type-simple"},"acf":[],"_links":{"self":[{"href":"https:\/\/kalinkamagazin.com\/es\/wp-json\/wp\/v2\/product\/2312","targetHints":{"allow":["GET"]}}],"collection":[{"href":"https:\/\/kalinkamagazin.com\/es\/wp-json\/wp\/v2\/product"}],"about":[{"href":"https:\/\/kalinkamagazin.com\/es\/wp-json\/wp\/v2\/types\/product"}],"wp:featuredmedia":[{"embeddable":true,"href":"https:\/\/kalinkamagazin.com\/es\/wp-json\/wp\/v2\/media\/1627"}],"wp:attachment":[{"href":"https:\/\/kalinkamagazin.com\/es\/wp-json\/wp\/v2\/media?parent=2312"}],"wp:term":[{"taxonomy":"product_brand","embeddable":true,"href":"https:\/\/kalinkamagazin.com\/es\/wp-json\/wp\/v2\/product_brand?post=2312"},{"taxonomy":"product_cat","embeddable":true,"href":"https:\/\/kalinkamagazin.com\/es\/wp-json\/wp\/v2\/product_cat?post=2312"},{"taxonomy":"product_tag","embeddable":true,"href":"https:\/\/kalinkamagazin.com\/es\/wp-json\/wp\/v2\/product_tag?post=2312"}],"curies":[{"name":"wp","href":"https:\/\/api.w.org\/{rel}","templated":true}]}}