{"id":2321,"date":"2026-01-29T16:35:46","date_gmt":"2026-01-29T13:35:46","guid":{"rendered":"https:\/\/kalinkamagazin.com\/product\/4186-crutones-de-centeno-con-sabor-a-tomate-y-hierbas-es\/"},"modified":"2026-01-29T17:01:33","modified_gmt":"2026-01-29T14:01:33","slug":"4186-crutones-de-centeno-con-sabor-a-tomate-y-hierbas-es","status":"publish","type":"product","link":"https:\/\/kalinkamagazin.com\/es\/product\/4186-crutones-de-centeno-con-sabor-a-tomate-y-hierbas-es\/","title":{"rendered":"Crutones de centeno con sabor a tomate y hierbas"},"content":{"rendered":"<p>Crutones de centeno con sabor a tomate y hierbas. Sugerencia de presentaci\u00f3n: se muestra en la imagen. Ingredientes: Pan de centeno 86,8%: (harina de centeno 44,3%, harina de trigo, agua), aceite de girasol, antioxidantes: (E319), mezcla de especias (sal de mesa, glucosa, potenciador del sabor: (E621, E627, E631), piment\u00f3n molido, ajo en polvo, perejil, aromas, regulador de acidez: (E330), colorantes: (E160c, E150c, E120), pimienta negra molida, sal de mesa, levadura. Conservar en un lugar fresco y seco. Este producto puede contener trazas de: crust\u00e1ceos, pescado, leche, apio, soja. La fecha del envase es la fecha de producci\u00f3n\/envasado. Distribuci\u00f3n: Lackmann Fleisch- und Feinkostfabrik GmbH, Carl Benz Stra\u00dfe 10, 77731 Willst\u00e4tt, Alemania. Consumir preferentemente antes de: ver pie de imprenta, segunda l\u00ednea. <!--NWT-Text-->Informaci\u00f3n nutricional por 100 g: Valor energ\u00e9tico: 1630 kJ \/ 390 kcal, Grasas: 10 g, de las cuales saturadas: 1,8 g, Hidratos de carbono: 64 g, de los cuales az\u00facares: 3,4 g, Prote\u00ednas: 10 g, Sal: 3,0 g, <!--NWT-Table--><\/p>\n<table>\n<tbody>\n<tr>\n<td colspan=\"2\">Informaci\u00f3n nutricional por 100 g:<\/td>\n<\/tr>\n<tr>\n<td>Valor energ\u00e9tico:<\/td>\n<td align = \"right\">1630 kJ \/ 390 kcal<\/td>\n<\/tr>\n<tr>\n<td>Grasas:<\/td>\n<td align = \"right\">10 g<\/td>\n<\/tr>\n<tr>\n<td>de los cuales saturados:<\/td>\n<td align = \"right\">1.8g<\/td>\n<\/tr>\n<tr>\n<td>Hidratos de carbono:<\/td>\n<td align = \"right\">64g<\/td>\n<\/tr>\n<tr>\n<td>- de los cuales az\u00facares:<\/td>\n<td align = \"right\">3.4g<\/td>\n<\/tr>\n<tr>\n<td>Prote\u00ednas:<\/td>\n<td align = \"right\">10g<\/td>\n<\/tr>\n<tr>\n<td>Sal:<\/td>\n<td align = \"right\">3.0g<\/td>\n<\/tr>\n<\/tbody>\n<\/table>\n<p> <!--Bezeichnung-->Crutones de centeno con sabor a tomate y verduras.<\/p>\n","protected":false},"excerpt":{"rendered":"<p>Crutones de centeno con sabor a tomate y hierbas. Sugerencia de presentaci\u00f3n: se muestra en la imagen. Ingredientes: Pan de centeno 86,8%: (harina de centeno 44,3%, harina de trigo, agua), aceite de girasol, antioxidantes: (E319), mezcla de especias (sal de mesa, glucosa, potenciador del sabor: (E621, E627, E631), piment\u00f3n molido, ajo en polvo, perejil, aromas, [&hellip;]<\/p>\n","protected":false},"featured_media":1687,"template":"","meta":{"inline_featured_image":false},"product_brand":[],"product_cat":[207],"product_tag":[],"class_list":{"0":"post-2321","1":"product","2":"type-product","3":"status-publish","4":"has-post-thumbnail","6":"product_cat-granos-cereales-y-snacks","8":"first","9":"instock","10":"shipping-taxable","11":"purchasable","12":"product-type-simple"},"acf":[],"_links":{"self":[{"href":"https:\/\/kalinkamagazin.com\/es\/wp-json\/wp\/v2\/product\/2321","targetHints":{"allow":["GET"]}}],"collection":[{"href":"https:\/\/kalinkamagazin.com\/es\/wp-json\/wp\/v2\/product"}],"about":[{"href":"https:\/\/kalinkamagazin.com\/es\/wp-json\/wp\/v2\/types\/product"}],"wp:featuredmedia":[{"embeddable":true,"href":"https:\/\/kalinkamagazin.com\/es\/wp-json\/wp\/v2\/media\/1687"}],"wp:attachment":[{"href":"https:\/\/kalinkamagazin.com\/es\/wp-json\/wp\/v2\/media?parent=2321"}],"wp:term":[{"taxonomy":"product_brand","embeddable":true,"href":"https:\/\/kalinkamagazin.com\/es\/wp-json\/wp\/v2\/product_brand?post=2321"},{"taxonomy":"product_cat","embeddable":true,"href":"https:\/\/kalinkamagazin.com\/es\/wp-json\/wp\/v2\/product_cat?post=2321"},{"taxonomy":"product_tag","embeddable":true,"href":"https:\/\/kalinkamagazin.com\/es\/wp-json\/wp\/v2\/product_tag?post=2321"}],"curies":[{"name":"wp","href":"https:\/\/api.w.org\/{rel}","templated":true}]}}