{"id":2323,"date":"2026-01-29T16:35:39","date_gmt":"2026-01-29T13:35:39","guid":{"rendered":"https:\/\/kalinkamagazin.com\/product\/4201-pan-crujiente-arroz-y-trigo-sarraceno-es\/"},"modified":"2026-01-29T17:01:25","modified_gmt":"2026-01-29T14:01:25","slug":"4201-pan-crujiente-arroz-y-trigo-sarraceno-es","status":"publish","type":"product","link":"https:\/\/kalinkamagazin.com\/es\/product\/4201-pan-crujiente-arroz-y-trigo-sarraceno-es\/","title":{"rendered":"Pan crujiente, arroz y trigo sarraceno"},"content":{"rendered":"<p>Pan crujiente de arroz y trigo sarraceno. Ingredientes: Harina de arroz 63%, harina de trigo sarraceno 31%, agua, sal de mesa. Este producto puede contener trazas de trigo. Conservar en un lugar fresco y seco. Consumir preferentemente antes del: ver la segunda l\u00ednea del pie de imprenta. Distribuci\u00f3n: Lackmann Fleisch- und Feinkostfabrik GmbH, Carl Benz Stra\u00dfe 10, 77731 Willst\u00e4tt, Alemania. <!--NWT-Text-->Valor nutricional por 100 g: Valor energ\u00e9tico: 1542 kJ \/ 363 kcal, Grasas: 1,0 g, de las cuales saturadas: 0,3 g, Hidratos de carbono: 80 g, de los cuales az\u00facares: 0,6 g, Prote\u00ednas: 9,0 g, Sal: 0,53 g, <!--NWT-Table--><\/p>\n<table>\n<tbody>\n<tr>\n<td colspan=\"2\">Valor nutricional por 100 g:<\/td>\n<\/tr>\n<tr>\n<td>Valor energ\u00e9tico:<\/td>\n<td align = \"right\">1542 kJ\/363 kcal<\/td>\n<\/tr>\n<tr>\n<td>Grasas:<\/td>\n<td align = \"right\">1,0 g<\/td>\n<\/tr>\n<tr>\n<td>de las cuales saturadas:<\/td>\n<td align = \"right\">0.3g<\/td>\n<\/tr>\n<tr>\n<td>Hidratos de carbono:<\/td>\n<td align = \"right\">80g<\/td>\n<\/tr>\n<tr>\n<td>- de los cuales az\u00facares:<\/td>\n<td align = \"right\">0.6g<\/td>\n<\/tr>\n<tr>\n<td>Prote\u00ednas:<\/td>\n<td align = \"right\">9.0g<\/td>\n<\/tr>\n<tr>\n<td>Sal:<\/td>\n<td align = \"right\">0.53g<\/td>\n<\/tr>\n<\/tbody>\n<\/table>\n<p> <!--Bezeichnung-->Pan crujiente Arroz y trigo sarraceno .<\/p>\n","protected":false},"excerpt":{"rendered":"<p>Pan crujiente de arroz y trigo sarraceno. Ingredientes: Harina de arroz 63%, harina de trigo sarraceno 31%, agua, sal de mesa. Este producto puede contener trazas de trigo. Conservar en un lugar fresco y seco. Consumir preferentemente antes del: ver la segunda l\u00ednea del pie de imprenta. Distribuci\u00f3n: Lackmann Fleisch- und Feinkostfabrik GmbH, Carl Benz [&hellip;]<\/p>\n","protected":false},"featured_media":1693,"template":"","meta":{"inline_featured_image":false},"product_brand":[],"product_cat":[207],"product_tag":[],"class_list":{"0":"post-2323","1":"product","2":"type-product","3":"status-publish","4":"has-post-thumbnail","6":"product_cat-granos-cereales-y-snacks","8":"first","9":"instock","10":"shipping-taxable","11":"purchasable","12":"product-type-simple"},"acf":[],"_links":{"self":[{"href":"https:\/\/kalinkamagazin.com\/es\/wp-json\/wp\/v2\/product\/2323","targetHints":{"allow":["GET"]}}],"collection":[{"href":"https:\/\/kalinkamagazin.com\/es\/wp-json\/wp\/v2\/product"}],"about":[{"href":"https:\/\/kalinkamagazin.com\/es\/wp-json\/wp\/v2\/types\/product"}],"wp:featuredmedia":[{"embeddable":true,"href":"https:\/\/kalinkamagazin.com\/es\/wp-json\/wp\/v2\/media\/1693"}],"wp:attachment":[{"href":"https:\/\/kalinkamagazin.com\/es\/wp-json\/wp\/v2\/media?parent=2323"}],"wp:term":[{"taxonomy":"product_brand","embeddable":true,"href":"https:\/\/kalinkamagazin.com\/es\/wp-json\/wp\/v2\/product_brand?post=2323"},{"taxonomy":"product_cat","embeddable":true,"href":"https:\/\/kalinkamagazin.com\/es\/wp-json\/wp\/v2\/product_cat?post=2323"},{"taxonomy":"product_tag","embeddable":true,"href":"https:\/\/kalinkamagazin.com\/es\/wp-json\/wp\/v2\/product_tag?post=2323"}],"curies":[{"name":"wp","href":"https:\/\/api.w.org\/{rel}","templated":true}]}}