{"id":2325,"date":"2026-01-29T16:35:35","date_gmt":"2026-01-29T13:35:35","guid":{"rendered":"https:\/\/kalinkamagazin.com\/product\/4922-crutones-ageevskie-con-pasas-es\/"},"modified":"2026-01-29T17:01:21","modified_gmt":"2026-01-29T14:01:21","slug":"4922-crutones-ageevskie-con-pasas-es","status":"publish","type":"product","link":"https:\/\/kalinkamagazin.com\/es\/product\/4922-crutones-ageevskie-con-pasas-es\/","title":{"rendered":"Crutones Ageevskie con pasas"},"content":{"rendered":"<p>Bizcochos de az\u00facar con pasas \"Ageevskie\": Ingredientes: <b>harina de trigo<\/b>, az\u00facar, pasas 4%, grasa de reposter\u00eda (grasas y aceites vegetales [palma, girasol, soja]), agua, emulgentes: (E475, E471), sal, az\u00facar, conservante: (E202), regulador de acidez: (E330), aroma, colorante: (E160a), antioxidantes: (E300, E307)), levadura, sal, aroma, <b>harina de soja<\/b>, estabilizante: (E170), antioxidantes: (E300), mejorador de las propiedades de la harina para hornear: (amilasa, hemicelulasa). Conservar en un lugar fresco y seco. Distribuci\u00f3n: Lackmann Fleisch- und Feinkostfabrik GmbH, Carl Benz Stra\u00dfe 10, 77731 Willst\u00e4tt, Alemania. La vida \u00fatil m\u00ednima en envases sin abrir es de hasta: ver pie de imprenta, segunda l\u00ednea. <!--NWT-Text-->Valor nutricional por 100 g: Valor energ\u00e9tico: 1580 kJ \/ 380 kcal, Grasas: 4,5 g, de las cuales saturadas: 2,2 g, Hidratos de carbono: 74 g, de los cuales az\u00facares: 11 g, Prote\u00ednas: 9,5 g, Sal: 0,80 g, <!--NWT-Table--><\/p>\n<table>\n<tbody>\n<tr>\n<td colspan=\"2\">Valor nutricional por 100 g:<\/td>\n<\/tr>\n<tr>\n<td>Valor energ\u00e9tico:<\/td>\n<td align = \"right\">1580 kJ \/ 380 kcal<\/td>\n<\/tr>\n<tr>\n<td>Grasas:<\/td>\n<td align = \"right\">4,5 g<\/td>\n<\/tr>\n<tr>\n<td>de las cuales saturadas:<\/td>\n<td align = \"right\">2,2 g<\/td>\n<\/tr>\n<tr>\n<td>Hidratos de carbono:<\/td>\n<td align = \"right\">74 g<\/td>\n<\/tr>\n<tr>\n<td>- de los cuales az\u00facares:<\/td>\n<td align = \"right\">11 g<\/td>\n<\/tr>\n<tr>\n<td>Prote\u00ednas:<\/td>\n<td align = \"right\">9,5 g<\/td>\n<\/tr>\n<tr>\n<td>Sal:<\/td>\n<td align = \"right\">0,80 g<\/td>\n<\/tr>\n<\/tbody>\n<\/table>\n<p> <!--Bezeichnung-->Galletas de az\u00facar con pasas \"Ageevskie\": .<\/p>\n","protected":false},"excerpt":{"rendered":"<p>Bizcochos de az\u00facar con pasas \"Ageevskie\": Ingredientes: harina de trigo, az\u00facar, pasas 4%, grasa de reposter\u00eda (grasas y aceites vegetales [palma, girasol, soja]), agua, emulgentes: (E475, E471), sal, az\u00facar, conservante: (E202), regulador de acidez: (E330), aroma, colorante: (E160a), antioxidantes: (E300, E307)), levadura, sal, aroma, harina de soja, estabilizante: (E170), antioxidantes: (E300), mejorador de las propiedades [&hellip;]<\/p>\n","protected":false},"featured_media":1699,"template":"","meta":{"inline_featured_image":false},"product_brand":[],"product_cat":[207],"product_tag":[],"class_list":{"0":"post-2325","1":"product","2":"type-product","3":"status-publish","4":"has-post-thumbnail","6":"product_cat-granos-cereales-y-snacks","8":"first","9":"instock","10":"shipping-taxable","11":"purchasable","12":"product-type-simple"},"acf":[],"_links":{"self":[{"href":"https:\/\/kalinkamagazin.com\/es\/wp-json\/wp\/v2\/product\/2325","targetHints":{"allow":["GET"]}}],"collection":[{"href":"https:\/\/kalinkamagazin.com\/es\/wp-json\/wp\/v2\/product"}],"about":[{"href":"https:\/\/kalinkamagazin.com\/es\/wp-json\/wp\/v2\/types\/product"}],"wp:featuredmedia":[{"embeddable":true,"href":"https:\/\/kalinkamagazin.com\/es\/wp-json\/wp\/v2\/media\/1699"}],"wp:attachment":[{"href":"https:\/\/kalinkamagazin.com\/es\/wp-json\/wp\/v2\/media?parent=2325"}],"wp:term":[{"taxonomy":"product_brand","embeddable":true,"href":"https:\/\/kalinkamagazin.com\/es\/wp-json\/wp\/v2\/product_brand?post=2325"},{"taxonomy":"product_cat","embeddable":true,"href":"https:\/\/kalinkamagazin.com\/es\/wp-json\/wp\/v2\/product_cat?post=2325"},{"taxonomy":"product_tag","embeddable":true,"href":"https:\/\/kalinkamagazin.com\/es\/wp-json\/wp\/v2\/product_tag?post=2325"}],"curies":[{"name":"wp","href":"https:\/\/api.w.org\/{rel}","templated":true}]}}