{"id":2326,"date":"2025-10-20T03:58:56","date_gmt":"2025-10-20T00:58:56","guid":{"rendered":"https:\/\/kalinkamagazin.com\/product\/5199-crutones-de-pasas-es\/"},"modified":"2026-04-26T18:51:12","modified_gmt":"2026-04-26T15:51:12","slug":"5199-crutones-de-pasas-es","status":"publish","type":"product","link":"https:\/\/kalinkamagazin.com\/es\/product\/5199-crutones-de-pasas-es\/","title":{"rendered":"Crutones de pasas"},"content":{"rendered":"<p>Bizcochos de az\u00facar con pasas. Ingredientes: <b>harina de trigo<\/b>, az\u00facar, pasas 4,5 %, grasa de reposter\u00eda (grasas y aceites vegetales [palma, girasol, soja], agua, emulsionantes: (E475, E471), sal, az\u00facar, conservante: (E202), regulador de acidez: (E330), aroma, colorante: (E160a), antioxidantes: (E300, E307)), levadura, sal, extracto (t\u00e9 verde), reguladores de acidez: (E500, E330). Conservar en un lugar fresco y seco. Ventas: Lackmann Fleisch- und Feinkostfabrik GmbH, Carl Benz Stra\u00dfe 10, 77731 Willst\u00e4tt, Alemania. La fecha de caducidad sin abrir es: ver pie de imprenta, segunda l\u00ednea. <!--NWT-Text-->Valor nutricional por 100 g: Valor energ\u00e9tico: 1600 kJ \/ 380 kcal, Grasas: 3,5 g, de las cuales saturadas: 1,8 g, Hidratos de carbono: 78 g, de los cuales az\u00facares: 11 g, Prote\u00ednas: 8,0 g, Sal: 0,80 g, <!--NWT-Table--><\/p>\n<table>\n<tbody>\n<tr>\n<td colspan=\"2\">Valor nutricional por 100 g:<\/td>\n<\/tr>\n<tr>\n<td>Valor energ\u00e9tico:<\/td>\n<td align = \"right\">1600 kJ \/ 380 kcal<\/td>\n<\/tr>\n<tr>\n<td>Grasas:<\/td>\n<td align = \"right\">3,5 g<\/td>\n<\/tr>\n<tr>\n<td>de las cuales saturadas:<\/td>\n<td align = \"right\">1.8g<\/td>\n<\/tr>\n<tr>\n<td>Hidratos de carbono:<\/td>\n<td align = \"right\">78g<\/td>\n<\/tr>\n<tr>\n<td>- de los cuales az\u00facares:<\/td>\n<td align = \"right\">11g<\/td>\n<\/tr>\n<tr>\n<td>Prote\u00ednas:<\/td>\n<td align = \"right\">8.0g<\/td>\n<\/tr>\n<tr>\n<td>Sal:<\/td>\n<td align = \"right\">0.80g<\/td>\n<\/tr>\n<\/tbody>\n<\/table>\n<p> <!--Bezeichnung-->Galletas de az\u00facar con pasas.<\/p>\n","protected":false},"excerpt":{"rendered":"<p>Bizcochos de az\u00facar con pasas. Ingredientes: harina de trigo, az\u00facar, pasas 4,5 %, grasa de reposter\u00eda (grasas y aceites vegetales [palma, girasol, soja], agua, emulsionantes: (E475, E471), sal, az\u00facar, conservante: (E202), regulador de acidez: (E330), aroma, colorante: (E160a), antioxidantes: (E300, E307)), levadura, sal, extracto (t\u00e9 verde), reguladores de acidez: (E500, E330). Conservar en un lugar [&hellip;]<\/p>\n","protected":false},"featured_media":1702,"template":"","meta":{"inline_featured_image":false},"product_brand":[],"product_cat":[207],"product_tag":[],"class_list":{"0":"post-2326","1":"product","2":"type-product","3":"status-publish","4":"has-post-thumbnail","6":"product_cat-granos-cereales-y-snacks","8":"first","9":"instock","10":"shipping-taxable","11":"purchasable","12":"product-type-simple"},"acf":[],"_links":{"self":[{"href":"https:\/\/kalinkamagazin.com\/es\/wp-json\/wp\/v2\/product\/2326","targetHints":{"allow":["GET"]}}],"collection":[{"href":"https:\/\/kalinkamagazin.com\/es\/wp-json\/wp\/v2\/product"}],"about":[{"href":"https:\/\/kalinkamagazin.com\/es\/wp-json\/wp\/v2\/types\/product"}],"wp:featuredmedia":[{"embeddable":true,"href":"https:\/\/kalinkamagazin.com\/es\/wp-json\/wp\/v2\/media\/1702"}],"wp:attachment":[{"href":"https:\/\/kalinkamagazin.com\/es\/wp-json\/wp\/v2\/media?parent=2326"}],"wp:term":[{"taxonomy":"product_brand","embeddable":true,"href":"https:\/\/kalinkamagazin.com\/es\/wp-json\/wp\/v2\/product_brand?post=2326"},{"taxonomy":"product_cat","embeddable":true,"href":"https:\/\/kalinkamagazin.com\/es\/wp-json\/wp\/v2\/product_cat?post=2326"},{"taxonomy":"product_tag","embeddable":true,"href":"https:\/\/kalinkamagazin.com\/es\/wp-json\/wp\/v2\/product_tag?post=2326"}],"curies":[{"name":"wp","href":"https:\/\/api.w.org\/{rel}","templated":true}]}}