{"id":2327,"date":"2026-01-29T16:35:07","date_gmt":"2026-01-29T13:35:07","guid":{"rendered":"https:\/\/kalinkamagazin.com\/product\/3169-caramelos-chio-rio-glaseados-es\/"},"modified":"2026-01-29T17:00:51","modified_gmt":"2026-01-29T14:00:51","slug":"3169-caramelos-chio-rio-glaseados-es","status":"publish","type":"product","link":"https:\/\/kalinkamagazin.com\/es\/product\/3169-caramelos-chio-rio-glaseados-es\/","title":{"rendered":"Caramelos Chio Rio, glaseados"},"content":{"rendered":"<p>Caramelos glaseados con coberturas combinadas. Glaseado con 21% de grasa de cacao. Ingredientes: az\u00facar, grasa de confiter\u00eda: (grasas y aceites vegetales: (palma, karit\u00e9 (\u00e1rbol oleaginoso), girasol), emulgente: (lecitina (girasol)), antioxidantes: (E304, E306, E307)), jarabe de glucosa, crema <b>(leche entera en polvo, <\/b><b>leche desnatada, <\/b>az\u00facar, <b>lactosa, <\/b><b>producto de suero, <\/b>pasta de cacao, <\/b>regulador de humedad: (E420), <b>leche entera en polvo, <\/b><b>harina de trigo, <\/b>harina de arroz, <\/b>cacao en polvo 4.5%, aromas, emulgente: (lecitina <b>(soja), <\/b>E476), sal de mesa, aroma, espesante: (E407). <b>extracto de centeno malta. <\/b>Este producto puede contener trazas de: <b>di\u00f3xido de azufre, <\/b><b>Huevos, <\/b><b>Frutos secos, <\/b><b>Cacahuetes. <\/b>Conservar en un lugar fresco y seco. Distribuidor: Lackmann Fleisch- und Feinkostfabrik GmbH, Carl Benz Stra\u00dfe 10, 77731 Willst\u00e4tt, Alemania. Consumir preferentemente antes de: ver pie de imprenta, segunda l\u00ednea. <!--NWT-Text-->Valor nutricional por 100 g: Valor energ\u00e9tico: 2170 kJ \/ 520 kcal, Grasas: 30 g, de las cuales saturadas: 16 g, Hidratos de carbono: 59 g, de los cuales az\u00facares: 40 g, Prote\u00ednas: 3,5 g, Sal: 0,22 g, <!--NWT-Table--><\/p>\n<table>\n<tbody>\n<tr>\n<td colspan=\"2\">Valor nutricional por 100 g:<\/td>\n<\/tr>\n<tr>\n<td>Energ\u00eda Valor diario: 2170 kJ\/520 kcal. Grasas: 30 g, de las cuales saturadas: 16 g. Hidratos de carbono: 59 g, de los cuales az\u00facares: 40 g. Prote\u00ednas: 3,5 g. Sal: 0,22 g. <!--Bezeichnung-->Caramelos glaseados con c\u00e1scaras combinadas.<\/p>\n","protected":false},"excerpt":{"rendered":"<p>Caramelos glaseados con coberturas combinadas. Glaseado con 21% de grasa de cacao. Ingredientes: az\u00facar, grasa de confiter\u00eda: (grasas y aceites vegetales: (palma, karit\u00e9 (\u00e1rbol oleaginoso), girasol), emulgente: (lecitina (girasol)), antioxidantes: (E304, E306, E307)), jarabe de glucosa, crema (leche entera en polvo, leche desnatada, az\u00facar, lactosa, producto de suero, pasta de cacao, regulador de humedad: (E420), [&hellip;]<\/p>\n","protected":false},"featured_media":1732,"template":"","meta":{"inline_featured_image":false},"product_brand":[],"product_cat":[205,203],"product_tag":[],"class_list":{"0":"post-2327","1":"product","2":"type-product","3":"status-publish","4":"has-post-thumbnail","6":"product_cat-bombones-de-chocolate","7":"product_cat-caramelos-bombones","9":"first","10":"instock","11":"shipping-taxable","12":"purchasable","13":"product-type-simple"},"acf":[],"_links":{"self":[{"href":"https:\/\/kalinkamagazin.com\/es\/wp-json\/wp\/v2\/product\/2327","targetHints":{"allow":["GET"]}}],"collection":[{"href":"https:\/\/kalinkamagazin.com\/es\/wp-json\/wp\/v2\/product"}],"about":[{"href":"https:\/\/kalinkamagazin.com\/es\/wp-json\/wp\/v2\/types\/product"}],"wp:featuredmedia":[{"embeddable":true,"href":"https:\/\/kalinkamagazin.com\/es\/wp-json\/wp\/v2\/media\/1732"}],"wp:attachment":[{"href":"https:\/\/kalinkamagazin.com\/es\/wp-json\/wp\/v2\/media?parent=2327"}],"wp:term":[{"taxonomy":"product_brand","embeddable":true,"href":"https:\/\/kalinkamagazin.com\/es\/wp-json\/wp\/v2\/product_brand?post=2327"},{"taxonomy":"product_cat","embeddable":true,"href":"https:\/\/kalinkamagazin.com\/es\/wp-json\/wp\/v2\/product_cat?post=2327"},{"taxonomy":"product_tag","embeddable":true,"href":"https:\/\/kalinkamagazin.com\/es\/wp-json\/wp\/v2\/product_tag?post=2327"}],"curies":[{"name":"wp","href":"https:\/\/api.w.org\/{rel}","templated":true}]}}