{"id":2330,"date":"2026-01-29T16:35:03","date_gmt":"2026-01-29T13:35:03","guid":{"rendered":"https:\/\/kalinkamagazin.com\/product\/3194-caramelos-krokant-con-cacahuetes-es\/"},"modified":"2026-01-29T17:00:48","modified_gmt":"2026-01-29T14:00:48","slug":"3194-caramelos-krokant-con-cacahuetes-es","status":"publish","type":"product","link":"https:\/\/kalinkamagazin.com\/es\/product\/3194-caramelos-krokant-con-cacahuetes-es\/","title":{"rendered":"Caramelos Krokant con cacahuetes"},"content":{"rendered":"<p>Caramelos con cacahuetes, en un glaseado que contiene cacao. ENK555. Vender los productos solo sin envasar. Glaseado de grasa que contiene cacao 25%. Ingredientes: az\u00facar, grasa de confiter\u00eda (grasas y aceites vegetales, (palma, girasol), emulgente: (E492), antioxidantes: (E306)), cacahuetes tostados 18,1%, jarabe de glucosa, cacao en polvo 3,6%, producto de suero, emulgente: (lecitina (soja)), sal de mesa, almendras 0,2%, aromas. Este producto puede contener trazas de: di\u00f3xido de azufre, gluten, huevos. Conservar en un lugar fresco y seco. Proteger de la luz solar directa. Consumir preferentemente antes de: ver pie de imprenta, segunda l\u00ednea. Distribuci\u00f3n: Lackmann Fleisch- und Feinkostfabrik GmbH, Carl Benz Stra\u00dfe 10, 77731 Willst\u00e4tt, Alemania. <!--NWT-Text-->Valor nutricional por 100 g: Valor energ\u00e9tico: 2380 kJ \/ 570 kcal, Grasas: 38 g, de las cuales saturadas: 20 g, Hidratos de carbono: 51 g, de los cuales az\u00facares: 39 g, Prote\u00ednas: 6,0 g, Sal: 0,50 g, <!--NWT-Table--><\/p>\n<table>\n<tbody>\n<tr>\n<td colspan=\"2\">Valor nutricional por 100 g:<\/td>\n<\/tr>\n<tr>\n<td>Valor energ\u00e9tico:<\/td>\n<td align = \"right\">2380 kJ\/570 kcal<\/td>\n<\/tr>\n<tr>\n<td>Grasas:<\/td>\n<td align = \"right\">38 g<\/td>\n<\/tr>\n<tr>\n<td>de las cuales saturadas:<\/td>\n<td align = \"right\">20 g<\/td>\n<\/tr>\n<tr>\n<td>Hidratos de carbono:<\/td>\n<td align = \"right\">51 g<\/td>\n<\/tr>\n<tr>\n<td>- de los cuales az\u00facares:<\/td>\n<td align = \"right\">39 g<\/td>\n<\/tr>\n<tr>\n<td>Prote\u00ednas:<\/td>\n<td align = \"right\">6,0 g<\/td>\n<\/tr>\n<tr>\n<td>Sal:<\/td>\n<td align = \"right\">0,50 g<\/td>\n<\/tr>\n<\/tbody>\n<\/table>\n<p> <!--Bezeichnung-->Caramelos con cacahuetes, glaseados con cacao. ENK555.<\/p>\n","protected":false},"excerpt":{"rendered":"<p>Caramelos con cacahuetes, en un glaseado que contiene cacao. ENK555. Vender los productos solo sin envasar. Glaseado de grasa que contiene cacao 25%. Ingredientes: az\u00facar, grasa de confiter\u00eda (grasas y aceites vegetales, (palma, girasol), emulgente: (E492), antioxidantes: (E306)), cacahuetes tostados 18,1%, jarabe de glucosa, cacao en polvo 3,6%, producto de suero, emulgente: (lecitina (soja)), sal [&hellip;]<\/p>\n","protected":false},"featured_media":1741,"template":"","meta":{"inline_featured_image":false},"product_brand":[],"product_cat":[205,203],"product_tag":[],"class_list":{"0":"post-2330","1":"product","2":"type-product","3":"status-publish","4":"has-post-thumbnail","6":"product_cat-bombones-de-chocolate","7":"product_cat-caramelos-bombones","9":"first","10":"instock","11":"shipping-taxable","12":"purchasable","13":"product-type-simple"},"acf":[],"_links":{"self":[{"href":"https:\/\/kalinkamagazin.com\/es\/wp-json\/wp\/v2\/product\/2330","targetHints":{"allow":["GET"]}}],"collection":[{"href":"https:\/\/kalinkamagazin.com\/es\/wp-json\/wp\/v2\/product"}],"about":[{"href":"https:\/\/kalinkamagazin.com\/es\/wp-json\/wp\/v2\/types\/product"}],"wp:featuredmedia":[{"embeddable":true,"href":"https:\/\/kalinkamagazin.com\/es\/wp-json\/wp\/v2\/media\/1741"}],"wp:attachment":[{"href":"https:\/\/kalinkamagazin.com\/es\/wp-json\/wp\/v2\/media?parent=2330"}],"wp:term":[{"taxonomy":"product_brand","embeddable":true,"href":"https:\/\/kalinkamagazin.com\/es\/wp-json\/wp\/v2\/product_brand?post=2330"},{"taxonomy":"product_cat","embeddable":true,"href":"https:\/\/kalinkamagazin.com\/es\/wp-json\/wp\/v2\/product_cat?post=2330"},{"taxonomy":"product_tag","embeddable":true,"href":"https:\/\/kalinkamagazin.com\/es\/wp-json\/wp\/v2\/product_tag?post=2330"}],"curies":[{"name":"wp","href":"https:\/\/api.w.org\/{rel}","templated":true}]}}