{"id":2332,"date":"2026-01-29T16:34:59","date_gmt":"2026-01-29T13:34:59","guid":{"rendered":"https:\/\/kalinkamagazin.com\/product\/3950-tj-negro-de-hoja-grande-earl-grey-es\/"},"modified":"2026-01-29T17:00:44","modified_gmt":"2026-01-29T14:00:44","slug":"3950-tj-negro-de-hoja-grande-earl-grey-es","status":"publish","type":"product","link":"https:\/\/kalinkamagazin.com\/es\/product\/3950-tj-negro-de-hoja-grande-earl-grey-es\/","title":{"rendered":"T\u0439 negro de hoja grande Earl Grey"},"content":{"rendered":"<p>T\u00e9 negro a granel. Origen del t\u00e9: Sri Lanka. Conservar en un lugar fresco y seco. Preparaci\u00f3n: Verter 200 ml de agua hirviendo sobre 1 o 2 cucharaditas (2-4 g) y remover. A\u00f1adir agua hirviendo y dejar reposar al menos 2 o 3 minutos. \u00a1Solo as\u00ed se obtendr\u00e1 un buen resultado! Distribuci\u00f3n: Lackmann Fleisch- und Feinkostfabrik GmbH, Carl Benz Stra\u00dfe 10, 77731 Willst\u00e4tt, Alemania. La fecha del envase es la de fabricaci\u00f3n\/envasado. Consumir preferentemente antes de: T\u00e9 negro a granel.<\/p>\n","protected":false},"excerpt":{"rendered":"<p>T\u00e9 negro a granel. Origen del t\u00e9: Sri Lanka. Conservar en un lugar fresco y seco. Preparaci\u00f3n: Verter 200 ml de agua hirviendo sobre 1 o 2 cucharaditas (2-4 g) y remover. A\u00f1adir agua hirviendo y dejar reposar al menos 2 o 3 minutos. \u00a1Solo as\u00ed se obtendr\u00e1 un buen resultado! Distribuci\u00f3n: Lackmann Fleisch- und [&hellip;]<\/p>\n","protected":false},"featured_media":1747,"template":"","meta":{"inline_featured_image":false},"product_brand":[],"product_cat":[251,248],"product_tag":[],"class_list":{"0":"post-2332","1":"product","2":"type-product","3":"status-publish","4":"has-post-thumbnail","6":"product_cat-te","7":"product_cat-te-y-cafe","9":"first","10":"instock","11":"shipping-taxable","12":"purchasable","13":"product-type-simple"},"acf":[],"_links":{"self":[{"href":"https:\/\/kalinkamagazin.com\/es\/wp-json\/wp\/v2\/product\/2332","targetHints":{"allow":["GET"]}}],"collection":[{"href":"https:\/\/kalinkamagazin.com\/es\/wp-json\/wp\/v2\/product"}],"about":[{"href":"https:\/\/kalinkamagazin.com\/es\/wp-json\/wp\/v2\/types\/product"}],"wp:featuredmedia":[{"embeddable":true,"href":"https:\/\/kalinkamagazin.com\/es\/wp-json\/wp\/v2\/media\/1747"}],"wp:attachment":[{"href":"https:\/\/kalinkamagazin.com\/es\/wp-json\/wp\/v2\/media?parent=2332"}],"wp:term":[{"taxonomy":"product_brand","embeddable":true,"href":"https:\/\/kalinkamagazin.com\/es\/wp-json\/wp\/v2\/product_brand?post=2332"},{"taxonomy":"product_cat","embeddable":true,"href":"https:\/\/kalinkamagazin.com\/es\/wp-json\/wp\/v2\/product_cat?post=2332"},{"taxonomy":"product_tag","embeddable":true,"href":"https:\/\/kalinkamagazin.com\/es\/wp-json\/wp\/v2\/product_tag?post=2332"}],"curies":[{"name":"wp","href":"https:\/\/api.w.org\/{rel}","templated":true}]}}