{"id":2336,"date":"2026-01-29T16:34:49","date_gmt":"2026-01-29T13:34:49","guid":{"rendered":"https:\/\/kalinkamagazin.com\/product\/4437-caramelos-grilyazh-es\/"},"modified":"2026-01-29T17:00:33","modified_gmt":"2026-01-29T14:00:33","slug":"4437-caramelos-grilyazh-es","status":"publish","type":"product","link":"https:\/\/kalinkamagazin.com\/es\/product\/4437-caramelos-grilyazh-es\/","title":{"rendered":"Caramelos \"Grilyazh\""},"content":{"rendered":"<p>Caramelos con cacahuetes, glaseado con cacao. Producto vendido solo sin envasar. Ingredientes: cacahuetes tostados, 41,67%, glaseado de grasa de cacao 18,5% (az\u00facar, grasa de palmiste, cacao desnatado en polvo 17,5%, emulgente: E322 (soja), sal, aroma), jarabe de glucosa, leche condensada azucarada (leche entera, leche desnatada, az\u00facar, lactosa), az\u00facar, agua, margarina (aceite de palma, agua, sal, emulgentes: (E471, E433, E322 (girasol)), conservante: E202, regulador de acidez: E330, aroma, colorante: E160a), aroma. Puede contener: <b>gluten<\/b><b>avellanas<\/b><b>s\u00e9samo<\/b><b>huevos.<\/b> El contenido de cacao se aplica al producto completo 3,2%. Conservar en un lugar fresco y seco. Proteger de la luz solar directa. Consumir preferentemente antes: ver fecha en la etiqueta blanca con texto en alem\u00e1n, indicaci\u00f3n de fecha. Valor nutricional por 100g: fibra diet\u00e9tica: 2,8g. Ventas: Lackmann Fleisch- und Feinkostfabrik GmbH, Carl-Benz-Stra\u00dfe 10, 77731 Willst\u00e4tt, Alemania. <!--NWT-Text-->Valor nutricional por 100 g: Valor energ\u00e9tico: 2239 kJ \/ 536 kcal, Grasas: 32 g, de las cuales saturadas: 7,9 g, Hidratos de carbono: 47 g, de los cuales az\u00facares: 34 g, Prote\u00ednas: 14 g, Sal: 0,25 g, <!--NWT-Table--><\/p>\n<table>\n<tbody>\n<tr>\n<td colspan=\"2\">Valor nutricional por 100 g:<\/td>\n<\/tr>\n<tr>\n<td>Valor energ\u00e9tico:<\/td>\n<td align = \"right\">2239 kJ \/ 536 kcal<\/td>\n<\/tr>\n<tr>\n<td>Grasas:<\/td>\n<td align = \"right\">32 g<\/td>\n<\/tr>\n<tr>\n<td>de las cuales saturadas:<\/td>\n<td align = \"right\">7,9 g<\/td>\n<\/tr>\n<tr>\n<td>Hidratos de carbono:<\/td>\n<td align = \"right\">47 g<\/td>\n<\/tr>\n<tr>\n<td>- de los cuales az\u00facares:<\/td>\n<td align = \"right\">34 g<\/td>\n<\/tr>\n<tr>\n<td>Prote\u00ednas:<\/td>\n<td align = \"right\">14 g<\/td>\n<\/tr>\n<tr>\n<td>Sal:<\/td>\n<td align = \"right\">0,25 g<\/td>\n<\/tr>\n<\/tbody>\n<\/table>\n<p> <!--Bezeichnung-->Caramelos con cacahuetes, glaseados con cacao.<\/p>\n","protected":false},"excerpt":{"rendered":"<p>Caramelos con cacahuetes, glaseado con cacao. Producto vendido solo sin envasar. Ingredientes: cacahuetes tostados, 41,67%, glaseado de grasa de cacao 18,5% (az\u00facar, grasa de palmiste, cacao desnatado en polvo 17,5%, emulgente: E322 (soja), sal, aroma), jarabe de glucosa, leche condensada azucarada (leche entera, leche desnatada, az\u00facar, lactosa), az\u00facar, agua, margarina (aceite de palma, agua, sal, [&hellip;]<\/p>\n","protected":false},"featured_media":1759,"template":"","meta":{"inline_featured_image":false},"product_brand":[],"product_cat":[205,203],"product_tag":[],"class_list":{"0":"post-2336","1":"product","2":"type-product","3":"status-publish","4":"has-post-thumbnail","6":"product_cat-bombones-de-chocolate","7":"product_cat-caramelos-bombones","9":"first","10":"instock","11":"shipping-taxable","12":"purchasable","13":"product-type-simple"},"acf":[],"_links":{"self":[{"href":"https:\/\/kalinkamagazin.com\/es\/wp-json\/wp\/v2\/product\/2336","targetHints":{"allow":["GET"]}}],"collection":[{"href":"https:\/\/kalinkamagazin.com\/es\/wp-json\/wp\/v2\/product"}],"about":[{"href":"https:\/\/kalinkamagazin.com\/es\/wp-json\/wp\/v2\/types\/product"}],"wp:featuredmedia":[{"embeddable":true,"href":"https:\/\/kalinkamagazin.com\/es\/wp-json\/wp\/v2\/media\/1759"}],"wp:attachment":[{"href":"https:\/\/kalinkamagazin.com\/es\/wp-json\/wp\/v2\/media?parent=2336"}],"wp:term":[{"taxonomy":"product_brand","embeddable":true,"href":"https:\/\/kalinkamagazin.com\/es\/wp-json\/wp\/v2\/product_brand?post=2336"},{"taxonomy":"product_cat","embeddable":true,"href":"https:\/\/kalinkamagazin.com\/es\/wp-json\/wp\/v2\/product_cat?post=2336"},{"taxonomy":"product_tag","embeddable":true,"href":"https:\/\/kalinkamagazin.com\/es\/wp-json\/wp\/v2\/product_tag?post=2336"}],"curies":[{"name":"wp","href":"https:\/\/api.w.org\/{rel}","templated":true}]}}