{"id":2337,"date":"2026-01-29T16:34:45","date_gmt":"2026-01-29T13:34:45","guid":{"rendered":"https:\/\/kalinkamagazin.com\/product\/4668-barras-rot-front-es\/"},"modified":"2026-01-29T17:00:29","modified_gmt":"2026-01-29T14:00:29","slug":"4668-barras-rot-front-es","status":"publish","type":"product","link":"https:\/\/kalinkamagazin.com\/es\/product\/4668-barras-rot-front-es\/","title":{"rendered":"Barras \"Rot Front\""},"content":{"rendered":"<p>Caramelos con trozos de cacahuete y migas de galleta. El producto se vende sin envasar. Ingredientes: az\u00facar, cacahuetes picados 18,9%, grasa de confiter\u00eda: (grasas y aceites vegetales totalmente hidrogenados: (palma, palmiste), antioxidantes: (E306), emulgente: (lecitina, (soja)), migas de barquillo 10,7%: (harina de trigo, almid\u00f3n de patata, aceite de girasol, emulgente: (lecitina (soja)), sal de mesa, levadura qu\u00edmica: (E500), huevo entero de gallina, regulador de acidez: (E330)), harina de soja, cacao en polvo, leche entera en polvo, producto de suero de leche, antioxidantes: (E300, E307), aroma. Este producto puede contener trazas de: <b>Almendras,<\/b> <b>Avellanas,<\/b> <b>s\u00e9samo.<\/b> <b>Di\u00f3xido de azufre.<\/b> Conservar en un lugar fresco y seco. Proteger de la luz solar directa. Distribuci\u00f3n: Lackmann Fleisch- und Feinkostfabrik GmbH, Carl Benz Stra\u00dfe 10, 77731 Willst\u00e4tt, Alemania. Consumir preferentemente antes del: <!--NWT-Text-->Valor nutricional por 100 g: Valor energ\u00e9tico: 2190 kJ \/ 530 kcal, Grasas: 29 g, de las cuales saturadas: 18 g, Hidratos de carbono: 55 g, de los cuales az\u00facares: 44 g, Prote\u00ednas: 9,5 g, Sal: 0,19 g, <!--NWT-Table--><\/p>\n<table>\n<tbody>\n<tr>\n<td colspan=\"2\">Valor nutricional por 100 g:<\/td>\n<\/tr>\n<tr>\n<td>Valor energ\u00e9tico:<\/td>\n<td align = \"right\">2190 kJ \/ 530 kcal<\/td>\n<\/tr>\n<tr>\n<td>Grasas:<\/td>\n<td align = \"right\">29 g<\/td>\n<\/tr>\n<tr>\n<td>- de los cuales \u00e1cidos grasos saturados:<\/td>\n<td align = \"right\">18 g<\/td>\n<\/tr>\n<tr>\n<td>Hidratos de carbono:<\/td>\n<td align = \"right\">55 g<\/td>\n<\/tr>\n<tr>\n<td>- de los cuales az\u00facares:<\/td>\n<td align = \"right\">44 g<\/td>\n<\/tr>\n<tr>\n<td>Prote\u00ednas:<\/td>\n<td align = \"right\">9,5 g<\/td>\n<\/tr>\n<tr>\n<td>Sal:<\/td>\n<td align = \"right\">0,19 g<\/td>\n<\/tr>\n<\/tbody>\n<\/table>\n<p> <!--Bezeichnung-->Caramelos con trozos de cacahuete, con migas de barquillo.<\/p>\n","protected":false},"excerpt":{"rendered":"<p>Caramelos con trozos de cacahuete y migas de galleta. El producto se vende sin envasar. Ingredientes: az\u00facar, cacahuetes picados 18,9%, grasa de confiter\u00eda: (grasas y aceites vegetales totalmente hidrogenados: (palma, palmiste), antioxidantes: (E306), emulgente: (lecitina, (soja)), migas de barquillo 10,7%: (harina de trigo, almid\u00f3n de patata, aceite de girasol, emulgente: (lecitina (soja)), sal de mesa, [&hellip;]<\/p>\n","protected":false},"featured_media":1762,"template":"","meta":{"inline_featured_image":false},"product_brand":[],"product_cat":[205,203],"product_tag":[],"class_list":{"0":"post-2337","1":"product","2":"type-product","3":"status-publish","4":"has-post-thumbnail","6":"product_cat-bombones-de-chocolate","7":"product_cat-caramelos-bombones","9":"first","10":"instock","11":"shipping-taxable","12":"purchasable","13":"product-type-simple"},"acf":[],"_links":{"self":[{"href":"https:\/\/kalinkamagazin.com\/es\/wp-json\/wp\/v2\/product\/2337","targetHints":{"allow":["GET"]}}],"collection":[{"href":"https:\/\/kalinkamagazin.com\/es\/wp-json\/wp\/v2\/product"}],"about":[{"href":"https:\/\/kalinkamagazin.com\/es\/wp-json\/wp\/v2\/types\/product"}],"wp:featuredmedia":[{"embeddable":true,"href":"https:\/\/kalinkamagazin.com\/es\/wp-json\/wp\/v2\/media\/1762"}],"wp:attachment":[{"href":"https:\/\/kalinkamagazin.com\/es\/wp-json\/wp\/v2\/media?parent=2337"}],"wp:term":[{"taxonomy":"product_brand","embeddable":true,"href":"https:\/\/kalinkamagazin.com\/es\/wp-json\/wp\/v2\/product_brand?post=2337"},{"taxonomy":"product_cat","embeddable":true,"href":"https:\/\/kalinkamagazin.com\/es\/wp-json\/wp\/v2\/product_cat?post=2337"},{"taxonomy":"product_tag","embeddable":true,"href":"https:\/\/kalinkamagazin.com\/es\/wp-json\/wp\/v2\/product_tag?post=2337"}],"curies":[{"name":"wp","href":"https:\/\/api.w.org\/{rel}","templated":true}]}}