{"id":2340,"date":"2026-01-29T16:34:42","date_gmt":"2026-01-29T13:34:42","guid":{"rendered":"https:\/\/kalinkamagazin.com\/product\/4811-caramelos-de-oblea-vaca-perezosa-con-relleno-de-leche-y-glaseado-de-cacao-es\/"},"modified":"2026-01-29T17:00:26","modified_gmt":"2026-01-29T14:00:26","slug":"4811-caramelos-de-oblea-vaca-perezosa-con-relleno-de-leche-y-glaseado-de-cacao-es","status":"publish","type":"product","link":"https:\/\/kalinkamagazin.com\/es\/product\/4811-caramelos-de-oblea-vaca-perezosa-con-relleno-de-leche-y-glaseado-de-cacao-es\/","title":{"rendered":"Caramelos de oblea \"Vaca perezosa\" con relleno de leche y glaseado de cacao"},"content":{"rendered":"<p>Caramelos de oblea con relleno de crema de leche, en glaseado de chocolate. . relleno de crema de leche 55%. glaseado de grasa que contiene cacao 30%. Vender los productos solo sin envasar. Ingredientes: az\u00facar, grasas y aceites vegetales (palma, palma totalmente hidrogenada, coco), harina de trigo, leche desnatada en polvo, producto de suero, cacao en polvo descremado 2%, crema en polvo 2%, leche entera en polvo 2%, almid\u00f3n modificado, sal de mesa, polvo para hornear: (E500, E503), Emulgente: lecitina (soja), aroma. Este producto puede contener trazas de: Huevos, Cacahuetes, Frutos secos, S\u00e9samo. Conservar en un lugar fresco y oscuro. Consumir preferentemente antes de: Distribuci\u00f3n: Lackmann Fleisch- und Feinkostfabrik GmbH, Carl Benz Stra\u00dfe 10, 77731 Willst\u00e4tt, Alemania. <!--NWT-Text-->Valor nutricional por 100 g: Valor energ\u00e9tico: 2301 kJ \/ 551 kcal, Grasas: 33 g, de las cuales saturadas: 25 g, Hidratos de carbono: 57 g, de los cuales az\u00facares: 41 g, Prote\u00ednas: 5,5 g, Sal: 0,23 g, <!--NWT-Table--><\/p>\n<table>\n<tbody>\n<tr>\n<td colspan=\"2\">Valor nutricional por 100 g:<\/td>\n<\/tr>\n<tr>\n<td>Valor energ\u00e9tico:<\/td>\n<td align = \"right\">2301 kJ\/551 kcal<\/td>\n<\/tr>\n<tr>\n<td>Grasas:<\/td>\n<td align = \"right\">33 g<\/td>\n<\/tr>\n<tr>\n<td>de las cuales saturadas:<\/td>\n<td align = \"right\">25 g<\/td>\n<\/tr>\n<tr>\n<td>Hidratos de carbono:<\/td>\n<td align = \"right\">57 g<\/td>\n<\/tr>\n<tr>\n<td>- de los cuales az\u00facares:<\/td>\n<td align = \"right\">41 g<\/td>\n<\/tr>\n<tr>\n<td>Prote\u00ednas:<\/td>\n<td align = \"right\">5,5 g<\/td>\n<\/tr>\n<tr>\n<td>Sal:<\/td>\n<td align = \"right\">0,23 g<\/td>\n<\/tr>\n<\/tbody>\n<\/table>\n<p> <!--Bezeichnung-->Caramelo de gofre relleno de crema de leche con glaseado de chocolate.<\/p>\n","protected":false},"excerpt":{"rendered":"<p>Caramelos de oblea con relleno de crema de leche, en glaseado de chocolate. . relleno de crema de leche 55%. glaseado de grasa que contiene cacao 30%. Vender los productos solo sin envasar. Ingredientes: az\u00facar, grasas y aceites vegetales (palma, palma totalmente hidrogenada, coco), harina de trigo, leche desnatada en polvo, producto de suero, cacao [&hellip;]<\/p>\n","protected":false},"featured_media":1777,"template":"","meta":{"inline_featured_image":false},"product_brand":[],"product_cat":[205,203],"product_tag":[],"class_list":{"0":"post-2340","1":"product","2":"type-product","3":"status-publish","4":"has-post-thumbnail","6":"product_cat-bombones-de-chocolate","7":"product_cat-caramelos-bombones","9":"first","10":"instock","11":"shipping-taxable","12":"purchasable","13":"product-type-simple"},"acf":[],"_links":{"self":[{"href":"https:\/\/kalinkamagazin.com\/es\/wp-json\/wp\/v2\/product\/2340","targetHints":{"allow":["GET"]}}],"collection":[{"href":"https:\/\/kalinkamagazin.com\/es\/wp-json\/wp\/v2\/product"}],"about":[{"href":"https:\/\/kalinkamagazin.com\/es\/wp-json\/wp\/v2\/types\/product"}],"wp:featuredmedia":[{"embeddable":true,"href":"https:\/\/kalinkamagazin.com\/es\/wp-json\/wp\/v2\/media\/1777"}],"wp:attachment":[{"href":"https:\/\/kalinkamagazin.com\/es\/wp-json\/wp\/v2\/media?parent=2340"}],"wp:term":[{"taxonomy":"product_brand","embeddable":true,"href":"https:\/\/kalinkamagazin.com\/es\/wp-json\/wp\/v2\/product_brand?post=2340"},{"taxonomy":"product_cat","embeddable":true,"href":"https:\/\/kalinkamagazin.com\/es\/wp-json\/wp\/v2\/product_cat?post=2340"},{"taxonomy":"product_tag","embeddable":true,"href":"https:\/\/kalinkamagazin.com\/es\/wp-json\/wp\/v2\/product_tag?post=2340"}],"curies":[{"name":"wp","href":"https:\/\/api.w.org\/{rel}","templated":true}]}}