{"id":2342,"date":"2026-01-29T16:34:35","date_gmt":"2026-01-29T13:34:35","guid":{"rendered":"https:\/\/kalinkamagazin.com\/product\/4814-caramelos-karamelkino-agracejo-es\/"},"modified":"2026-01-29T17:00:18","modified_gmt":"2026-01-29T14:00:18","slug":"4814-caramelos-karamelkino-agracejo-es","status":"publish","type":"product","link":"https:\/\/kalinkamagazin.com\/es\/product\/4814-caramelos-karamelkino-agracejo-es\/","title":{"rendered":"Caramelos Karamelkino, agracejo"},"content":{"rendered":"<p>Caramelo duro con sabor a agracejo, a granel. Venta al por mayor. Ingredientes: jarabe de glucosa, az\u00facar, reguladores de acidez (E270, E330), aromas, colorantes (E163, E160c). Este producto puede contener trazas de soja y leche. Conservar en un lugar fresco y oscuro. Consumir preferentemente antes de: Distribuci\u00f3n: Lackmann Fleisch- und Feinkostfabrik GmbH, Carl Benz Stra\u00dfe 10, 77731 Willst\u00e4tt, Alemania. <!--NWT-Text-->Valor nutricional por 100 g: Valor energ\u00e9tico: 1662 kJ \/ 391 kcal, Grasas: 0 g, de las cuales \u00e1cidos grasos saturados: 0 g, Hidratos de carbono: 97 g, de los cuales az\u00facares: 63 g, Prote\u00ednas: 0 g, Sal: <0,1 g, <!--NWT-Table--><\/p>\n<table>\n<tbody>\n<tr>\n<td colspan=\"2\">Valor nutricional por 100 g:<\/td>\n<\/tr>\n<tr>\n<td>Valor energ\u00e9tico:<\/td>\n<td align = \"right\">1662 kJ \/ 391 kcal<\/td>\n<\/tr>\n<tr>\n<td>Grasas:<\/td>\n<td align = \"right\">0 g<\/td>\n<\/tr>\n<tr>\n<td>de los cuales \u00e1cidos grasos saturados:<\/td>\n<td align = \"right\">0g<\/td>\n<\/tr>\n<tr>\n<td>Carbohidratos:<\/td>\n<td align = \"right\">97g<\/td>\n<\/tr>\n<tr>\n<td>- de los cuales az\u00facares:<\/td>\n<td align = \"right\">63g<\/td>\n<\/tr>\n<tr>\n<td>Prote\u00ednas:<\/td>\n<td align = \"right\">0g<\/td>\n<\/tr>\n<tr>\n<td>Sal:<\/td>\n<td align = \"right\"><0.1g<\/td>\n<\/tr>\n<\/tbody>\n<\/table>\n<p> <!--Bezeichnung-->Caramelo duro con sabor a agracejo, a granel. .<\/p>\n","protected":false},"excerpt":{"rendered":"<p>Caramelo duro con sabor a agracejo, a granel. Venta al por mayor. Ingredientes: jarabe de glucosa, az\u00facar, reguladores de acidez (E270, E330), aromas, colorantes (E163, E160c). Este producto puede contener trazas de soja y leche. Conservar en un lugar fresco y oscuro. Consumir preferentemente antes de: Distribuci\u00f3n: Lackmann Fleisch- und Feinkostfabrik GmbH, Carl Benz Stra\u00dfe [&hellip;]<\/p>\n","protected":false},"featured_media":1783,"template":"","meta":{"inline_featured_image":false},"product_brand":[],"product_cat":[204,203],"product_tag":[],"class_list":{"0":"post-2342","1":"product","2":"type-product","3":"status-publish","4":"has-post-thumbnail","6":"product_cat-caramelo","7":"product_cat-caramelos-bombones","9":"first","10":"instock","11":"shipping-taxable","12":"purchasable","13":"product-type-simple"},"acf":[],"_links":{"self":[{"href":"https:\/\/kalinkamagazin.com\/es\/wp-json\/wp\/v2\/product\/2342","targetHints":{"allow":["GET"]}}],"collection":[{"href":"https:\/\/kalinkamagazin.com\/es\/wp-json\/wp\/v2\/product"}],"about":[{"href":"https:\/\/kalinkamagazin.com\/es\/wp-json\/wp\/v2\/types\/product"}],"wp:featuredmedia":[{"embeddable":true,"href":"https:\/\/kalinkamagazin.com\/es\/wp-json\/wp\/v2\/media\/1783"}],"wp:attachment":[{"href":"https:\/\/kalinkamagazin.com\/es\/wp-json\/wp\/v2\/media?parent=2342"}],"wp:term":[{"taxonomy":"product_brand","embeddable":true,"href":"https:\/\/kalinkamagazin.com\/es\/wp-json\/wp\/v2\/product_brand?post=2342"},{"taxonomy":"product_cat","embeddable":true,"href":"https:\/\/kalinkamagazin.com\/es\/wp-json\/wp\/v2\/product_cat?post=2342"},{"taxonomy":"product_tag","embeddable":true,"href":"https:\/\/kalinkamagazin.com\/es\/wp-json\/wp\/v2\/product_tag?post=2342"}],"curies":[{"name":"wp","href":"https:\/\/api.w.org\/{rel}","templated":true}]}}