{"id":2343,"date":"2026-01-29T16:34:31","date_gmt":"2026-01-29T13:34:31","guid":{"rendered":"https:\/\/kalinkamagazin.com\/product\/4815-caramelos-karamelkino-con-sabor-a-pera-duquesa-es\/"},"modified":"2026-01-29T17:00:14","modified_gmt":"2026-01-29T14:00:14","slug":"4815-caramelos-karamelkino-con-sabor-a-pera-duquesa-es","status":"publish","type":"product","link":"https:\/\/kalinkamagazin.com\/es\/product\/4815-caramelos-karamelkino-con-sabor-a-pera-duquesa-es\/","title":{"rendered":"Caramelos Karamelkino con sabor a pera duquesa"},"content":{"rendered":"<p>Caramelo duro con sabor a pera, a granel. Venta al por mayor. Ingredientes: jarabe de glucosa, az\u00facar, reguladores de acidez (E270, E330), aromas, colorantes (E100, E132). Este producto puede contener trazas de: <b>soja<\/b><b>leche<\/b>. Conservar en un lugar fresco y oscuro. Consumir preferentemente antes del: Distribuci\u00f3n: Lackmann Fleisch- und Feinkostfabrik GmbH, Carl Benz Stra\u00dfe 10, 77731 Willst\u00e4tt, Alemania. <!--NWT-Text-->Valor nutricional por 100 g: Valor energ\u00e9tico: 1663 kJ \/ 391 kcal, Grasas: 0 g, de las cuales \u00e1cidos grasos saturados: 0 g, Hidratos de carbono: 97 g, de los cuales az\u00facares: 63 g, Prote\u00ednas: 0 g, Sal: <0,1 g, <!--NWT-Table--><\/p>\n<table>\n<tbody>\n<tr>\n<td colspan=\"2\">Valor nutricional por 100 g:<\/td>\n<\/tr>\n<tr>\n<td>Valor energ\u00e9tico:<\/td>\n<td align = \"right\">1663 kJ\/391 kcal<\/td>\n<\/tr>\n<tr>\n<td>Grasas:<\/td>\n<td align = \"right\">0 g<\/td>\n<\/tr>\n<tr>\n<td>de los cuales \u00e1cidos grasos saturados:<\/td>\n<td align = \"right\">0g<\/td>\n<\/tr>\n<tr>\n<td>Carbohidratos:<\/td>\n<td align = \"right\">97g<\/td>\n<\/tr>\n<tr>\n<td>- de los cuales az\u00facares:<\/td>\n<td align = \"right\">63g<\/td>\n<\/tr>\n<tr>\n<td>Prote\u00ednas:<\/td>\n<td align = \"right\">0g<\/td>\n<\/tr>\n<tr>\n<td>Sal:<\/td>\n<td align = \"right\"><0.1g<\/td>\n<\/tr>\n<\/tbody>\n<\/table>\n<p> <!--Bezeichnung-->Caramelo duro con sabor a pera, a granel. .<\/p>\n","protected":false},"excerpt":{"rendered":"<p>Caramelo duro con sabor a pera, a granel. Venta al por mayor. Ingredientes: jarabe de glucosa, az\u00facar, reguladores de acidez (E270, E330), aromas, colorantes (E100, E132). Este producto puede contener trazas de: sojaleche. Conservar en un lugar fresco y oscuro. Consumir preferentemente antes del: Distribuci\u00f3n: Lackmann Fleisch- und Feinkostfabrik GmbH, Carl Benz Stra\u00dfe 10, 77731 [&hellip;]<\/p>\n","protected":false},"featured_media":1786,"template":"","meta":{"inline_featured_image":false},"product_brand":[],"product_cat":[204,203],"product_tag":[],"class_list":{"0":"post-2343","1":"product","2":"type-product","3":"status-publish","4":"has-post-thumbnail","6":"product_cat-caramelo","7":"product_cat-caramelos-bombones","9":"first","10":"instock","11":"shipping-taxable","12":"purchasable","13":"product-type-simple"},"acf":[],"_links":{"self":[{"href":"https:\/\/kalinkamagazin.com\/es\/wp-json\/wp\/v2\/product\/2343","targetHints":{"allow":["GET"]}}],"collection":[{"href":"https:\/\/kalinkamagazin.com\/es\/wp-json\/wp\/v2\/product"}],"about":[{"href":"https:\/\/kalinkamagazin.com\/es\/wp-json\/wp\/v2\/types\/product"}],"wp:featuredmedia":[{"embeddable":true,"href":"https:\/\/kalinkamagazin.com\/es\/wp-json\/wp\/v2\/media\/1786"}],"wp:attachment":[{"href":"https:\/\/kalinkamagazin.com\/es\/wp-json\/wp\/v2\/media?parent=2343"}],"wp:term":[{"taxonomy":"product_brand","embeddable":true,"href":"https:\/\/kalinkamagazin.com\/es\/wp-json\/wp\/v2\/product_brand?post=2343"},{"taxonomy":"product_cat","embeddable":true,"href":"https:\/\/kalinkamagazin.com\/es\/wp-json\/wp\/v2\/product_cat?post=2343"},{"taxonomy":"product_tag","embeddable":true,"href":"https:\/\/kalinkamagazin.com\/es\/wp-json\/wp\/v2\/product_tag?post=2343"}],"curies":[{"name":"wp","href":"https:\/\/api.w.org\/{rel}","templated":true}]}}