{"id":2346,"date":"2026-01-29T16:34:03","date_gmt":"2026-01-29T13:34:03","guid":{"rendered":"https:\/\/kalinkamagazin.com\/product\/3350-leche-condensada-hervida-con-azcar-85-es\/"},"modified":"2026-01-29T16:59:44","modified_gmt":"2026-01-29T13:59:44","slug":"3350-leche-condensada-hervida-con-azcar-85-es","status":"publish","type":"product","link":"https:\/\/kalinkamagazin.com\/es\/product\/3350-leche-condensada-hervida-con-azcar-85-es\/","title":{"rendered":"Leche condensada hervida con az\u044acar 8,5%"},"content":{"rendered":"<p>Leche condensada caramelizada, tratada t\u00e9rmicamente, 8,5 % de grasa, 20 % de s\u00f3lidos l\u00e1cteos descremados. Ingredientes: leche entera, 43,5 % de az\u00facar, lactosa. Conservar en un lugar fresco y seco. Distribuci\u00f3n: Lackmann Fleisch- und Feinkostfabrik GmbH, Carl Benz Stra\u00dfe 10, 77731 Willst\u00e4tt, Alemania. Consumir preferentemente antes del: ver la segunda l\u00ednea inferior. <!--NWT-Text-->Valor nutricional por 100 g: Valor energ\u00e9tico: 1423 kJ \/ 337 kcal, Grasas: 8,5 g, de las cuales saturadas: 5,6 g, Hidratos de carbono: 58 g, de los cuales az\u00facares: 58 g, Prote\u00ednas: 7,2 g, Sal: 0,32 g, <!--NWT-Table--><\/p>\n<table>\n<tbody>\n<tr>\n<td colspan=\"2\">Valor nutricional por 100 g:<\/td>\n<\/tr>\n<tr>\n<td>Valor energ\u00e9tico:<\/td>\n<td align = \"right\">1423 kJ\/337 kcal<\/td>\n<\/tr>\n<tr>\n<td>Grasas:<\/td>\n<td align = \"right\">8,5 g<\/td>\n<\/tr>\n<tr>\n<td>de las cuales saturadas:<\/td>\n<td align = \"right\">5,6 g<\/td>\n<\/tr>\n<tr>\n<td>Hidratos de carbono:<\/td>\n<td align = \"right\">58 g<\/td>\n<\/tr>\n<tr>\n<td>- de los cuales az\u00facares:<\/td>\n<td align = \"right\">58 g<\/td>\n<\/tr>\n<tr>\n<td>Prote\u00ednas:<\/td>\n<td align = \"right\">7,2 g<\/td>\n<\/tr>\n<tr>\n<td>Sal:<\/td>\n<td align = \"right\">0,32 g<\/td>\n<\/tr>\n<\/tbody>\n<\/table>\n<p> <!--Bezeichnung-->Leche condensada caramelizada, tratada t\u00e9rmicamente, 8,5 % de grasa, .<\/p>\n","protected":false},"excerpt":{"rendered":"<p>Leche condensada caramelizada, tratada t\u00e9rmicamente, 8,5 % de grasa, 20 % de s\u00f3lidos l\u00e1cteos descremados. Ingredientes: leche entera, 43,5 % de az\u00facar, lactosa. Conservar en un lugar fresco y seco. Distribuci\u00f3n: Lackmann Fleisch- und Feinkostfabrik GmbH, Carl Benz Stra\u00dfe 10, 77731 Willst\u00e4tt, Alemania. Consumir preferentemente antes del: ver la segunda l\u00ednea inferior. Valor nutricional por [&hellip;]<\/p>\n","protected":false},"featured_media":1816,"template":"","meta":{"inline_featured_image":false},"product_brand":[],"product_cat":[221,218],"product_tag":[],"class_list":{"0":"post-2346","1":"product","2":"type-product","3":"status-publish","4":"has-post-thumbnail","6":"product_cat-leche-condensada","7":"product_cat-productos-lacteos","9":"first","10":"instock","11":"shipping-taxable","12":"purchasable","13":"product-type-simple"},"acf":[],"_links":{"self":[{"href":"https:\/\/kalinkamagazin.com\/es\/wp-json\/wp\/v2\/product\/2346","targetHints":{"allow":["GET"]}}],"collection":[{"href":"https:\/\/kalinkamagazin.com\/es\/wp-json\/wp\/v2\/product"}],"about":[{"href":"https:\/\/kalinkamagazin.com\/es\/wp-json\/wp\/v2\/types\/product"}],"wp:featuredmedia":[{"embeddable":true,"href":"https:\/\/kalinkamagazin.com\/es\/wp-json\/wp\/v2\/media\/1816"}],"wp:attachment":[{"href":"https:\/\/kalinkamagazin.com\/es\/wp-json\/wp\/v2\/media?parent=2346"}],"wp:term":[{"taxonomy":"product_brand","embeddable":true,"href":"https:\/\/kalinkamagazin.com\/es\/wp-json\/wp\/v2\/product_brand?post=2346"},{"taxonomy":"product_cat","embeddable":true,"href":"https:\/\/kalinkamagazin.com\/es\/wp-json\/wp\/v2\/product_cat?post=2346"},{"taxonomy":"product_tag","embeddable":true,"href":"https:\/\/kalinkamagazin.com\/es\/wp-json\/wp\/v2\/product_tag?post=2346"}],"curies":[{"name":"wp","href":"https:\/\/api.w.org\/{rel}","templated":true}]}}