{"id":2347,"date":"2026-01-29T16:34:00","date_gmt":"2026-01-29T13:34:00","guid":{"rendered":"https:\/\/kalinkamagazin.com\/product\/3361-salsa-satsebeli-es\/"},"modified":"2026-01-29T16:59:41","modified_gmt":"2026-01-29T13:59:41","slug":"3361-salsa-satsebeli-es","status":"publish","type":"product","link":"https:\/\/kalinkamagazin.com\/es\/product\/3361-salsa-satsebeli-es\/","title":{"rendered":"Salsa Satsebeli"},"content":{"rendered":"<p>Una salsa picante dulce y con un toque picante. \"Satsebeli\". 270 ml. El tama\u00f1o de la porci\u00f3n se muestra en la imagen. Ingredientes: agua, pulpa de tomate, az\u00facar, espesante (E1422), sal, regulador de acidez (E260), mezcla de especias (piment\u00f3n, ajo, cebolla, chile, cilantro, fenogreco, albahaca, eneldo, pimienta negra), conservante (E202). Conservar en un lugar fresco y seco. Consumir preferentemente antes del: Ventas: Lackmann Fleisch- und Feinkostfabrik GmbH, Carl Benz Stra\u00dfe 10, 77731 Willst\u00e4tt, Alemania. <!--NWT-Text-->Valor nutricional por 100 g: Valor energ\u00e9tico: 334 kJ \/ 80 kcal, Grasas: 0 g, de las cuales \u00e1cidos grasos saturados: 0 g, Hidratos de carbono: 20 g, de los cuales az\u00facares: 11 g, Prote\u00ednas: 0 g, Sal: 2,5 g, <!--NWT-Table--><\/p>\n<table>\n<tbody>\n<tr>\n<td colspan=\"2\">Valor nutricional por 100 g:<\/td>\n<\/tr>\n<tr>\n<td>Valor energ\u00e9tico:<\/td>\n<td align = \"right\">334 kJ\/80 kcal<\/td>\n<\/tr>\n<tr>\n<td>Grasas:<\/td>\n<td align = \"right\">0 g<\/td>\n<\/tr>\n<tr>\n<td>de los cuales \u00e1cidos grasos saturados:<\/td>\n<td align = \"right\">0 g<\/td>\n<\/tr>\n<tr>\n<td>Hidratos de carbono:<\/td>\n<td align = \"right\">20 g<\/td>\n<\/tr>\n<tr>\n<td>- de los cuales az\u00facares:<\/td>\n<td align = \"right\">11 g<\/td>\n<\/tr>\n<tr>\n<td>Prote\u00ednas:<\/td>\n<td align = \"right\">0 g<\/td>\n<\/tr>\n<tr>\n<td>Sal:<\/td>\n<td align = \"right\">2,5 g<\/td>\n<\/tr>\n<\/tbody>\n<\/table>\n<p> <!--Bezeichnung-->La salsa picante es dulce y picante. \"Satsebeli\".<\/p>\n","protected":false},"excerpt":{"rendered":"<p>Una salsa picante dulce y con un toque picante. \"Satsebeli\". 270 ml. El tama\u00f1o de la porci\u00f3n se muestra en la imagen. Ingredientes: agua, pulpa de tomate, az\u00facar, espesante (E1422), sal, regulador de acidez (E260), mezcla de especias (piment\u00f3n, ajo, cebolla, chile, cilantro, fenogreco, albahaca, eneldo, pimienta negra), conservante (E202). Conservar en un lugar fresco [&hellip;]<\/p>\n","protected":false},"featured_media":1819,"template":"","meta":{"inline_featured_image":false},"product_brand":[],"product_cat":[214,215],"product_tag":[],"class_list":{"0":"post-2347","1":"product","2":"type-product","3":"status-publish","4":"has-post-thumbnail","6":"product_cat-aceites-salsas-y-condimentos","7":"product_cat-salsas-mayonesas-condimentos","9":"first","10":"instock","11":"shipping-taxable","12":"purchasable","13":"product-type-simple"},"acf":[],"_links":{"self":[{"href":"https:\/\/kalinkamagazin.com\/es\/wp-json\/wp\/v2\/product\/2347","targetHints":{"allow":["GET"]}}],"collection":[{"href":"https:\/\/kalinkamagazin.com\/es\/wp-json\/wp\/v2\/product"}],"about":[{"href":"https:\/\/kalinkamagazin.com\/es\/wp-json\/wp\/v2\/types\/product"}],"wp:featuredmedia":[{"embeddable":true,"href":"https:\/\/kalinkamagazin.com\/es\/wp-json\/wp\/v2\/media\/1819"}],"wp:attachment":[{"href":"https:\/\/kalinkamagazin.com\/es\/wp-json\/wp\/v2\/media?parent=2347"}],"wp:term":[{"taxonomy":"product_brand","embeddable":true,"href":"https:\/\/kalinkamagazin.com\/es\/wp-json\/wp\/v2\/product_brand?post=2347"},{"taxonomy":"product_cat","embeddable":true,"href":"https:\/\/kalinkamagazin.com\/es\/wp-json\/wp\/v2\/product_cat?post=2347"},{"taxonomy":"product_tag","embeddable":true,"href":"https:\/\/kalinkamagazin.com\/es\/wp-json\/wp\/v2\/product_tag?post=2347"}],"curies":[{"name":"wp","href":"https:\/\/api.w.org\/{rel}","templated":true}]}}