{"id":2349,"date":"2026-01-29T16:33:56","date_gmt":"2026-01-29T13:33:56","guid":{"rendered":"https:\/\/kalinkamagazin.com\/product\/3374-vinagre-9-es\/"},"modified":"2026-01-29T16:59:38","modified_gmt":"2026-01-29T13:59:38","slug":"3374-vinagre-9-es","status":"publish","type":"product","link":"https:\/\/kalinkamagazin.com\/es\/product\/3374-vinagre-9-es\/","title":{"rendered":"Vinagre 9%"},"content":{"rendered":"<p>Vinagre de mesa 9%. 900ml. Ingredientes: agua potable, Acidulante: \u00e1cido ac\u00e9tico. Conservar en un lugar fresco y seco. Distribuci\u00f3n: Lackmann Fleisch- und Feinkostfabrik GmbH, Carl Benz Stra\u00dfe 10, 77731 Willst\u00e4tt, Alemania. Consumir preferentemente antes: Vinagre de mesa al 9%.<\/p>\n","protected":false},"excerpt":{"rendered":"<p>Vinagre de mesa 9%. 900ml. Ingredientes: agua potable, Acidulante: \u00e1cido ac\u00e9tico. Conservar en un lugar fresco y seco. Distribuci\u00f3n: Lackmann Fleisch- und Feinkostfabrik GmbH, Carl Benz Stra\u00dfe 10, 77731 Willst\u00e4tt, Alemania. Consumir preferentemente antes: Vinagre de mesa al 9%.<\/p>\n","protected":false},"featured_media":1825,"template":"","meta":{"inline_featured_image":false},"product_brand":[],"product_cat":[214,215],"product_tag":[],"class_list":{"0":"post-2349","1":"product","2":"type-product","3":"status-publish","4":"has-post-thumbnail","6":"product_cat-aceites-salsas-y-condimentos","7":"product_cat-salsas-mayonesas-condimentos","9":"first","10":"instock","11":"shipping-taxable","12":"purchasable","13":"product-type-simple"},"acf":[],"_links":{"self":[{"href":"https:\/\/kalinkamagazin.com\/es\/wp-json\/wp\/v2\/product\/2349","targetHints":{"allow":["GET"]}}],"collection":[{"href":"https:\/\/kalinkamagazin.com\/es\/wp-json\/wp\/v2\/product"}],"about":[{"href":"https:\/\/kalinkamagazin.com\/es\/wp-json\/wp\/v2\/types\/product"}],"wp:featuredmedia":[{"embeddable":true,"href":"https:\/\/kalinkamagazin.com\/es\/wp-json\/wp\/v2\/media\/1825"}],"wp:attachment":[{"href":"https:\/\/kalinkamagazin.com\/es\/wp-json\/wp\/v2\/media?parent=2349"}],"wp:term":[{"taxonomy":"product_brand","embeddable":true,"href":"https:\/\/kalinkamagazin.com\/es\/wp-json\/wp\/v2\/product_brand?post=2349"},{"taxonomy":"product_cat","embeddable":true,"href":"https:\/\/kalinkamagazin.com\/es\/wp-json\/wp\/v2\/product_cat?post=2349"},{"taxonomy":"product_tag","embeddable":true,"href":"https:\/\/kalinkamagazin.com\/es\/wp-json\/wp\/v2\/product_tag?post=2349"}],"curies":[{"name":"wp","href":"https:\/\/api.w.org\/{rel}","templated":true}]}}