{"id":2351,"date":"2026-01-29T16:33:16","date_gmt":"2026-01-29T13:33:16","guid":{"rendered":"https:\/\/kalinkamagazin.com\/product\/3513-caramelo-duquesa-es\/"},"modified":"2026-01-29T16:59:00","modified_gmt":"2026-01-29T13:59:00","slug":"3513-caramelo-duquesa-es","status":"publish","type":"product","link":"https:\/\/kalinkamagazin.com\/es\/product\/3513-caramelo-duquesa-es\/","title":{"rendered":"Caramelo \"Duquesa\""},"content":{"rendered":"<p>Caramelo \"Duquesa\", peso. Se vende solo sin envasar. Ingredientes: az\u00facar, jarabe de glucosa, acidulante (\u00e1cido c\u00edtrico), aroma, colorantes (E141, E100). Este producto puede contener trazas de: cacahuetes, almendras, avellanas, sulfitos, huevos, soja y leche. Ventas: Lackmann Fleisch- und Feinkostfabrik GmbH, Carl Benz Stra\u00dfe 10, 77731 Willst\u00e4tt, Alemania. Consumir preferentemente antes del: <!--NWT-Text-->Valor nutricional por 100 g: Valor energ\u00e9tico: 1660 kJ \/ 390 kcal, Grasas: <0,5 g, - de las cuales \u00e1cidos grasos saturados: 0 g, Carbohidratos: 97 g, - de los cuales az\u00facares: 79 g, Prote\u00ednas: 0 g, Sal: 0,10 g, <!--NWT-Table--><\/p>\n<table>\n<tbody>\n<tr>\n<td colspan=\"2\">Valor nutricional por 100 g:<\/td>\n<\/tr>\n<tr>\n<td>Valor energ\u00e9tico:<\/td>\n<td align = \"right\">1660 kJ\/390 kcal<\/td>\n<\/tr>\n<tr>\n<td>Grasas:<\/td>\n<td align = \"right\"><0,5 g<\/td>\n<\/tr>\n<tr>\n<td>- de las cuales \u00e1cidos grasos saturados:<\/td>\n<td align = \"right\">0g<\/td>\n<\/tr>\n<tr>\n<td>Hidratos de carbono:<\/td>\n<td align = \"right\">97g<\/td>\n<\/tr>\n<tr>\n<td>- de los cuales az\u00facares:<\/td>\n<td align = \"right\">79g<\/td>\n<\/tr>\n<tr>\n<td>Prote\u00ednas:<\/td>\n<td align = \"right\">0g<\/td>\n<\/tr>\n<tr>\n<td>Sal:<\/td>\n<td align = \"right\">0,10g<\/td>\n<\/tr>\n<\/tbody>\n<\/table>\n<p> <!--Bezeichnung-->Caramelo duquesa, peso .<\/p>\n","protected":false},"excerpt":{"rendered":"<p>Caramelo \"Duquesa\", peso. Se vende solo sin envasar. Ingredientes: az\u00facar, jarabe de glucosa, acidulante (\u00e1cido c\u00edtrico), aroma, colorantes (E141, E100). Este producto puede contener trazas de: cacahuetes, almendras, avellanas, sulfitos, huevos, soja y leche. Ventas: Lackmann Fleisch- und Feinkostfabrik GmbH, Carl Benz Stra\u00dfe 10, 77731 Willst\u00e4tt, Alemania. Consumir preferentemente antes del: Valor nutricional por 100 [&hellip;]<\/p>\n","protected":false},"featured_media":1858,"template":"","meta":{"inline_featured_image":false},"product_brand":[],"product_cat":[204,203],"product_tag":[],"class_list":{"0":"post-2351","1":"product","2":"type-product","3":"status-publish","4":"has-post-thumbnail","6":"product_cat-caramelo","7":"product_cat-caramelos-bombones","9":"first","10":"instock","11":"shipping-taxable","12":"purchasable","13":"product-type-simple"},"acf":[],"_links":{"self":[{"href":"https:\/\/kalinkamagazin.com\/es\/wp-json\/wp\/v2\/product\/2351","targetHints":{"allow":["GET"]}}],"collection":[{"href":"https:\/\/kalinkamagazin.com\/es\/wp-json\/wp\/v2\/product"}],"about":[{"href":"https:\/\/kalinkamagazin.com\/es\/wp-json\/wp\/v2\/types\/product"}],"wp:featuredmedia":[{"embeddable":true,"href":"https:\/\/kalinkamagazin.com\/es\/wp-json\/wp\/v2\/media\/1858"}],"wp:attachment":[{"href":"https:\/\/kalinkamagazin.com\/es\/wp-json\/wp\/v2\/media?parent=2351"}],"wp:term":[{"taxonomy":"product_brand","embeddable":true,"href":"https:\/\/kalinkamagazin.com\/es\/wp-json\/wp\/v2\/product_brand?post=2351"},{"taxonomy":"product_cat","embeddable":true,"href":"https:\/\/kalinkamagazin.com\/es\/wp-json\/wp\/v2\/product_cat?post=2351"},{"taxonomy":"product_tag","embeddable":true,"href":"https:\/\/kalinkamagazin.com\/es\/wp-json\/wp\/v2\/product_tag?post=2351"}],"curies":[{"name":"wp","href":"https:\/\/api.w.org\/{rel}","templated":true}]}}