{"id":2354,"date":"2026-01-29T16:33:02","date_gmt":"2026-01-29T13:33:02","guid":{"rendered":"https:\/\/kalinkamagazin.com\/product\/3700-caramelo-similar-al-cafj-es\/"},"modified":"2026-01-29T16:58:44","modified_gmt":"2026-01-29T13:58:44","slug":"3700-caramelo-similar-al-cafj-es","status":"publish","type":"product","link":"https:\/\/kalinkamagazin.com\/es\/product\/3700-caramelo-similar-al-cafj-es\/","title":{"rendered":"Caramelo \"similar al caf\u0439\""},"content":{"rendered":"<p>Caramelo duro relleno, con sabor a capuchino. Relleno: 22 %. El producto se vende solo sin envasar. Ingredientes: jarabe de glucosa, az\u00facar, leche desnatada, aceite de palma, sal, emulgente: lecitina de soja, colorante: E150d, aroma, regulador de humedad: E420, extracto de caf\u00e9 0,1 %, lactosa. Este producto puede contener trazas de: gluten, huevos, cacahuetes, frutos secos y s\u00e9samo. Conservar en un lugar fresco y seco. Consumir preferentemente antes de: ver el pie de imprenta. Ventas: Lackmann Fleisch- und Feinkostfabrik GmbH, Carl Benz Stra\u00dfe 10, 77731 Willst\u00e4tt, Alemania. <!--NWT-Text-->Valor nutricional por 100 g: Valor energ\u00e9tico: 1754 kJ \/ 415 kcal, Grasas: 8,4 g, de las cuales saturadas: 3,9 g, Hidratos de carbono: 83 g, de los cuales az\u00facares: 56 g, Prote\u00ednas: 2,2 g, Sal: 0,67 g, <!--NWT-Table--><\/p>\n<table>\n<tbody>\n<tr>\n<td colspan=\"2\">Valor nutricional por 100 g:<\/td>\n<\/tr>\n<tr>\n<td>Valor energ\u00e9tico:<\/td>\n<td align = \"right\">1754 kJ\/415 kcal<\/td>\n<\/tr>\n<tr>\n<td>Grasas:<\/td>\n<td align = \"right\">8,4 g<\/td>\n<\/tr>\n<tr>\n<td>de las cuales saturadas:<\/td>\n<td align = \"right\">3,9 g<\/td>\n<\/tr>\n<tr>\n<td>Hidratos de carbono:<\/td>\n<td align = \"right\">83 g<\/td>\n<\/tr>\n<tr>\n<td>- de los cuales az\u00facares:<\/td>\n<td align = \"right\">56 g<\/td>\n<\/tr>\n<tr>\n<td>Prote\u00ednas:<\/td>\n<td align = \"right\">2,2 g<\/td>\n<\/tr>\n<tr>\n<td>Sal:<\/td>\n<td align = \"right\">0,67 g<\/td>\n<\/tr>\n<\/tbody>\n<\/table>\n<p> <!--Bezeichnung-->Caramelo duro con relleno, sabor capuchino. .<\/p>\n","protected":false},"excerpt":{"rendered":"<p>Caramelo duro relleno, con sabor a capuchino. Relleno: 22 %. El producto se vende solo sin envasar. Ingredientes: jarabe de glucosa, az\u00facar, leche desnatada, aceite de palma, sal, emulgente: lecitina de soja, colorante: E150d, aroma, regulador de humedad: E420, extracto de caf\u00e9 0,1 %, lactosa. Este producto puede contener trazas de: gluten, huevos, cacahuetes, frutos [&hellip;]<\/p>\n","protected":false},"featured_media":1879,"template":"","meta":{"inline_featured_image":false},"product_brand":[],"product_cat":[204,203],"product_tag":[],"class_list":{"0":"post-2354","1":"product","2":"type-product","3":"status-publish","4":"has-post-thumbnail","6":"product_cat-caramelo","7":"product_cat-caramelos-bombones","9":"first","10":"instock","11":"shipping-taxable","12":"purchasable","13":"product-type-simple"},"acf":[],"_links":{"self":[{"href":"https:\/\/kalinkamagazin.com\/es\/wp-json\/wp\/v2\/product\/2354","targetHints":{"allow":["GET"]}}],"collection":[{"href":"https:\/\/kalinkamagazin.com\/es\/wp-json\/wp\/v2\/product"}],"about":[{"href":"https:\/\/kalinkamagazin.com\/es\/wp-json\/wp\/v2\/types\/product"}],"wp:featuredmedia":[{"embeddable":true,"href":"https:\/\/kalinkamagazin.com\/es\/wp-json\/wp\/v2\/media\/1879"}],"wp:attachment":[{"href":"https:\/\/kalinkamagazin.com\/es\/wp-json\/wp\/v2\/media?parent=2354"}],"wp:term":[{"taxonomy":"product_brand","embeddable":true,"href":"https:\/\/kalinkamagazin.com\/es\/wp-json\/wp\/v2\/product_brand?post=2354"},{"taxonomy":"product_cat","embeddable":true,"href":"https:\/\/kalinkamagazin.com\/es\/wp-json\/wp\/v2\/product_cat?post=2354"},{"taxonomy":"product_tag","embeddable":true,"href":"https:\/\/kalinkamagazin.com\/es\/wp-json\/wp\/v2\/product_tag?post=2354"}],"curies":[{"name":"wp","href":"https:\/\/api.w.org\/{rel}","templated":true}]}}