{"id":2357,"date":"2026-01-29T16:32:50","date_gmt":"2026-01-29T13:32:50","guid":{"rendered":"https:\/\/kalinkamagazin.com\/product\/3792-taffy-korivka-roshen-es\/"},"modified":"2026-01-29T16:58:34","modified_gmt":"2026-01-29T13:58:34","slug":"3792-taffy-korivka-roshen-es","status":"publish","type":"product","link":"https:\/\/kalinkamagazin.com\/es\/product\/3792-taffy-korivka-roshen-es\/","title":{"rendered":"Taffy \"Korivka Roshen\""},"content":{"rendered":"<p>Caramelo suave con sabor a leche. Se vende solo sin envasar. Ingredientes: az\u00facar, nata (leche desnatada en polvo, az\u00facar, aceite de palma, lactosa), jarabe de glucosa, mantequilla fresca, aroma. Conservar en un lugar fresco y seco. Consumir preferentemente antes de: ver el pie de imprenta. Distribuci\u00f3n: Lackmann Fleisch- und Feinkostfabrik GmbH, Carl Benz Stra\u00dfe 10, 77731 Willst\u00e4tt, Alemania. <!--NWT-Text-->Valor nutricional por 100 g: Valor energ\u00e9tico: 1587 kJ \/ 375 kcal, Grasas: 4,1 g, de las cuales saturadas: 2,1 g, Hidratos de carbono: 82 g, de los cuales az\u00facares: 68 g, Prote\u00ednas: 2,8 g, Sal: 0,12 g, <!--NWT-Table--><\/p>\n<table>\n<tbody>\n<tr>\n<td colspan=\"2\">Valor nutricional por 100 g:<\/td>\n<\/tr>\n<tr>\n<td>Valor energ\u00e9tico:<\/td>\n<td align = \"right\">1587 kJ\/375 kcal<\/td>\n<\/tr>\n<tr>\n<td>Grasas:<\/td>\n<td align = \"right\">4,1 g<\/td>\n<\/tr>\n<tr>\n<td>de las cuales saturadas:<\/td>\n<td align = \"right\">2,1 g<\/td>\n<\/tr>\n<tr>\n<td>Hidratos de carbono:<\/td>\n<td align = \"right\">82 g<\/td>\n<\/tr>\n<tr>\n<td>- de los cuales az\u00facares:<\/td>\n<td align = \"right\">68 g<\/td>\n<\/tr>\n<tr>\n<td>Prote\u00ednas:<\/td>\n<td align = \"right\">2,8 g<\/td>\n<\/tr>\n<tr>\n<td>Sal:<\/td>\n<td align = \"right\">0,12 g<\/td>\n<\/tr>\n<\/tbody>\n<\/table>\n<p> <!--Bezeichnung-->Caramelo suave con sabor a leche. .<\/p>\n","protected":false},"excerpt":{"rendered":"<p>Caramelo suave con sabor a leche. Se vende solo sin envasar. Ingredientes: az\u00facar, nata (leche desnatada en polvo, az\u00facar, aceite de palma, lactosa), jarabe de glucosa, mantequilla fresca, aroma. Conservar en un lugar fresco y seco. Consumir preferentemente antes de: ver el pie de imprenta. Distribuci\u00f3n: Lackmann Fleisch- und Feinkostfabrik GmbH, Carl Benz Stra\u00dfe 10, [&hellip;]<\/p>\n","protected":false},"featured_media":1891,"template":"","meta":{"inline_featured_image":false},"product_brand":[],"product_cat":[204,203],"product_tag":[],"class_list":{"0":"post-2357","1":"product","2":"type-product","3":"status-publish","4":"has-post-thumbnail","6":"product_cat-caramelo","7":"product_cat-caramelos-bombones","9":"first","10":"instock","11":"shipping-taxable","12":"purchasable","13":"product-type-simple"},"acf":[],"_links":{"self":[{"href":"https:\/\/kalinkamagazin.com\/es\/wp-json\/wp\/v2\/product\/2357","targetHints":{"allow":["GET"]}}],"collection":[{"href":"https:\/\/kalinkamagazin.com\/es\/wp-json\/wp\/v2\/product"}],"about":[{"href":"https:\/\/kalinkamagazin.com\/es\/wp-json\/wp\/v2\/types\/product"}],"wp:featuredmedia":[{"embeddable":true,"href":"https:\/\/kalinkamagazin.com\/es\/wp-json\/wp\/v2\/media\/1891"}],"wp:attachment":[{"href":"https:\/\/kalinkamagazin.com\/es\/wp-json\/wp\/v2\/media?parent=2357"}],"wp:term":[{"taxonomy":"product_brand","embeddable":true,"href":"https:\/\/kalinkamagazin.com\/es\/wp-json\/wp\/v2\/product_brand?post=2357"},{"taxonomy":"product_cat","embeddable":true,"href":"https:\/\/kalinkamagazin.com\/es\/wp-json\/wp\/v2\/product_cat?post=2357"},{"taxonomy":"product_tag","embeddable":true,"href":"https:\/\/kalinkamagazin.com\/es\/wp-json\/wp\/v2\/product_tag?post=2357"}],"curies":[{"name":"wp","href":"https:\/\/api.w.org\/{rel}","templated":true}]}}