{"id":2364,"date":"2026-01-29T16:32:36","date_gmt":"2026-01-29T13:32:36","guid":{"rendered":"https:\/\/kalinkamagazin.com\/product\/4638-jarabe-de-limun-es\/"},"modified":"2026-01-29T16:58:17","modified_gmt":"2026-01-29T13:58:17","slug":"4638-jarabe-de-limun-es","status":"publish","type":"product","link":"https:\/\/kalinkamagazin.com\/es\/product\/4638-jarabe-de-limun-es\/","title":{"rendered":"jarabe de lim\u0443n"},"content":{"rendered":"<p>Ingredientes: Az\u00facar A*, jarabe de glucosa y fructosa B*, agua potable, zumo de lim\u00f3n a partir de concentrado de zumo de fruta, aroma, colorante (E160a), antioxidantes (E300), regulador de acidez (E330). Para el tipo de az\u00facar, consulte la letra de designaci\u00f3n al final del n\u00famero de lote: ver la tapa, primera l\u00ednea. Conservar en un lugar fresco y oscuro. Preparaci\u00f3n: Diluir 1 parte de jarabe en 10 partes de agua. La vida \u00fatil m\u00ednima en el envase sin abrir es de hasta: ver la tapa, primera l\u00ednea. Ventas: Lackmann Fleisch- und Feinkostfabrik GmbH, Carl Benz Stra\u00dfe 10, 77731 Willst\u00e4tt, Alemania. Contiene trazas de: grasas, incluidos \u00e1cidos grasos saturados, clara de huevo. <!--NWT-Text-->Valor nutricional por 100 g: Valor energ\u00e9tico: 1215 kJ \/ 286 kcal, Grasas: 0 g, de las cuales \u00e1cidos grasos saturados: 0 g, Hidratos de carbono: 72 g, de los cuales az\u00facares: 71 g, Prote\u00ednas: 0 g, Sal: <0,1 g, <!--NWT-Table--><\/p>\n<table>\n<tbody>\n<tr>\n<td colspan=\"2\">Valor nutricional por 100 g:<\/td>\n<\/tr>\n<tr>\n<td>Valor energ\u00e9tico:<\/td>\n<td align = \"right\">1215 kJ\/286 kcal<\/td>\n<\/tr>\n<tr>\n<td>Grasas:<\/td>\n<td align = \"right\">0 g<\/td>\n<\/tr>\n<tr>\n<td>de los cuales \u00e1cidos grasos saturados:<\/td>\n<td align = \"right\">0 g<\/td>\n<\/tr>\n<tr>\n<td>Hidratos de carbono:<\/td>\n<td align = \"right\">72 g<\/td>\n<\/tr>\n<tr>\n<td>- de los cuales az\u00facares:<\/td>\n<td align = \"right\">71 g<\/td>\n<\/tr>\n<tr>\n<td>Prote\u00ednas:<\/td>\n<td align = \"right\">0 g<\/td>\n<\/tr>\n<tr>\n<td>Sal:<\/td>\n<td align = \"right\"><0,1 g<\/td>\n<\/tr>\n<\/tbody>\n<\/table>\n<p> <!--Bezeichnung--><\/p>\n","protected":false},"excerpt":{"rendered":"<p>Ingredientes: Az\u00facar A*, jarabe de glucosa y fructosa B*, agua potable, zumo de lim\u00f3n a partir de concentrado de zumo de fruta, aroma, colorante (E160a), antioxidantes (E300), regulador de acidez (E330). Para el tipo de az\u00facar, consulte la letra de designaci\u00f3n al final del n\u00famero de lote: ver la tapa, primera l\u00ednea. Conservar en un [&hellip;]<\/p>\n","protected":false},"featured_media":1912,"template":"","meta":{"inline_featured_image":false},"product_brand":[],"product_cat":[227,230],"product_tag":[],"class_list":{"0":"post-2364","1":"product","2":"type-product","3":"status-publish","4":"has-post-thumbnail","6":"product_cat-bebidas","7":"product_cat-jarabes","9":"first","10":"instock","11":"shipping-taxable","12":"purchasable","13":"product-type-simple"},"acf":[],"_links":{"self":[{"href":"https:\/\/kalinkamagazin.com\/es\/wp-json\/wp\/v2\/product\/2364","targetHints":{"allow":["GET"]}}],"collection":[{"href":"https:\/\/kalinkamagazin.com\/es\/wp-json\/wp\/v2\/product"}],"about":[{"href":"https:\/\/kalinkamagazin.com\/es\/wp-json\/wp\/v2\/types\/product"}],"wp:featuredmedia":[{"embeddable":true,"href":"https:\/\/kalinkamagazin.com\/es\/wp-json\/wp\/v2\/media\/1912"}],"wp:attachment":[{"href":"https:\/\/kalinkamagazin.com\/es\/wp-json\/wp\/v2\/media?parent=2364"}],"wp:term":[{"taxonomy":"product_brand","embeddable":true,"href":"https:\/\/kalinkamagazin.com\/es\/wp-json\/wp\/v2\/product_brand?post=2364"},{"taxonomy":"product_cat","embeddable":true,"href":"https:\/\/kalinkamagazin.com\/es\/wp-json\/wp\/v2\/product_cat?post=2364"},{"taxonomy":"product_tag","embeddable":true,"href":"https:\/\/kalinkamagazin.com\/es\/wp-json\/wp\/v2\/product_tag?post=2364"}],"curies":[{"name":"wp","href":"https:\/\/api.w.org\/{rel}","templated":true}]}}