{"id":2369,"date":"2026-01-29T16:32:14","date_gmt":"2026-01-29T13:32:14","guid":{"rendered":"https:\/\/kalinkamagazin.com\/product\/3833-caramelos-roshen-manzanilla-es\/"},"modified":"2026-01-29T16:57:54","modified_gmt":"2026-01-29T13:57:54","slug":"3833-caramelos-roshen-manzanilla-es","status":"publish","type":"product","link":"https:\/\/kalinkamagazin.com\/es\/product\/3833-caramelos-roshen-manzanilla-es\/","title":{"rendered":"Caramelos \"Roshen Manzanilla\""},"content":{"rendered":"<p>Caramelos con sabor a ron y vainilla con glaseado de chocolate. Glaseado con un 22 % de grasa de cacao. Venta a granel. Ingredientes: az\u00facar, nata (leche desnatada, az\u00facar, aceite de palma, lactosa), pasta de cacao, jarabe de glucosa, grasas y aceites vegetales (palma, manteca de karit\u00e9), cacao en polvo bajo en grasa, brandy, manteca de cacao, emulgentes (lecitina de soja, E476), aromas. Conservar en un lugar fresco y seco. Consumir preferentemente antes del: ver la segunda l\u00ednea del pie de imprenta. Ventas: Lackmann Fleisch- und Feinkostfabrik GmbH, Carl Benz Stra\u00dfe 10, 77731 Willst\u00e4tt, Alemania. <!--NWT-Text-->Valor nutricional por 100 g: Valor energ\u00e9tico: 1855 kJ \/ 441 kcal, Grasas: 16 g, de las cuales saturadas: 8,7 g, Hidratos de carbono: 69 g, de los cuales az\u00facares: 64 g, Prote\u00ednas: 3,9 g, Sal: 0,10 g, <!--NWT-Table--><\/p>\n<table>\n<tbody>\n<tr>\n<td colspan=\"2\">Valor nutricional por 100 g:<\/td>\n<\/tr>\n<tr>\n<td>Valor energ\u00e9tico:<\/td>\n<td align = \"right\">1855 kJ \/ 441 kcal<\/td>\n<\/tr>\n<tr>\n<td>Grasas:<\/td>\n<td align = \"right\">16 g<\/td>\n<\/tr>\n<tr>\n<td>de las cuales saturadas:<\/td>\n<td align = \"right\">8,7 g<\/td>\n<\/tr>\n<tr>\n<td>Hidratos de carbono:<\/td>\n<td align = \"right\">69 g<\/td>\n<\/tr>\n<tr>\n<td>- de los cuales az\u00facares:<\/td>\n<td align = \"right\">64 g<\/td>\n<\/tr>\n<tr>\n<td>Prote\u00ednas:<\/td>\n<td align = \"right\">3,9 g<\/td>\n<\/tr>\n<tr>\n<td>Sal:<\/td>\n<td align = \"right\">0,10 g<\/td>\n<\/tr>\n<\/tbody>\n<\/table>\n<p> <!--Bezeichnung-->Caramelos con sabor a ron y vainilla, en glaseado de chocolate. .<\/p>\n","protected":false},"excerpt":{"rendered":"<p>Caramelos con sabor a ron y vainilla con glaseado de chocolate. Glaseado con un 22 % de grasa de cacao. Venta a granel. Ingredientes: az\u00facar, nata (leche desnatada, az\u00facar, aceite de palma, lactosa), pasta de cacao, jarabe de glucosa, grasas y aceites vegetales (palma, manteca de karit\u00e9), cacao en polvo bajo en grasa, brandy, manteca [&hellip;]<\/p>\n","protected":false},"featured_media":1933,"template":"","meta":{"inline_featured_image":false},"product_brand":[],"product_cat":[204,203],"product_tag":[],"class_list":{"0":"post-2369","1":"product","2":"type-product","3":"status-publish","4":"has-post-thumbnail","6":"product_cat-caramelo","7":"product_cat-caramelos-bombones","9":"first","10":"instock","11":"shipping-taxable","12":"purchasable","13":"product-type-simple"},"acf":[],"_links":{"self":[{"href":"https:\/\/kalinkamagazin.com\/es\/wp-json\/wp\/v2\/product\/2369","targetHints":{"allow":["GET"]}}],"collection":[{"href":"https:\/\/kalinkamagazin.com\/es\/wp-json\/wp\/v2\/product"}],"about":[{"href":"https:\/\/kalinkamagazin.com\/es\/wp-json\/wp\/v2\/types\/product"}],"wp:featuredmedia":[{"embeddable":true,"href":"https:\/\/kalinkamagazin.com\/es\/wp-json\/wp\/v2\/media\/1933"}],"wp:attachment":[{"href":"https:\/\/kalinkamagazin.com\/es\/wp-json\/wp\/v2\/media?parent=2369"}],"wp:term":[{"taxonomy":"product_brand","embeddable":true,"href":"https:\/\/kalinkamagazin.com\/es\/wp-json\/wp\/v2\/product_brand?post=2369"},{"taxonomy":"product_cat","embeddable":true,"href":"https:\/\/kalinkamagazin.com\/es\/wp-json\/wp\/v2\/product_cat?post=2369"},{"taxonomy":"product_tag","embeddable":true,"href":"https:\/\/kalinkamagazin.com\/es\/wp-json\/wp\/v2\/product_tag?post=2369"}],"curies":[{"name":"wp","href":"https:\/\/api.w.org\/{rel}","templated":true}]}}