{"id":2370,"date":"2026-01-29T16:32:11","date_gmt":"2026-01-29T13:32:11","guid":{"rendered":"https:\/\/kalinkamagazin.com\/product\/3891-caramelos-de-chocolate-red-mak-roshen-con-glaseado-de-chocolate-es\/"},"modified":"2026-01-29T16:57:48","modified_gmt":"2026-01-29T13:57:48","slug":"3891-caramelos-de-chocolate-red-mak-roshen-con-glaseado-de-chocolate-es","status":"publish","type":"product","link":"https:\/\/kalinkamagazin.com\/es\/product\/3891-caramelos-de-chocolate-red-mak-roshen-con-glaseado-de-chocolate-es\/","title":{"rendered":"Caramelos de chocolate \"Red Mak Roshen\" con glaseado de chocolate"},"content":{"rendered":"<p>Caramelos con 8% de avellanas y almendras tostadas, 10% de caramelo, 28% de glaseado de chocolate. Vender la mercanc\u00eda \u00fanicamente sin envasar. Ingredientes: az\u00facar, pasta de cacao, grasas y aceites vegetales: (palma, karit\u00e9 (\u00e1rbol oleaginoso), palmiste), harina de trigo, jarabe de glucosa, cacao en polvo desgrasado 4%, almendras tostadas 4%, manteca de cacao, emulgentes: (lecitina (soja), E476), huevo entero en polvo, leche entera en polvo, gasificante: (E500), sal de mesa, aceite de girasol, aromas. Conservar en un lugar fresco y seco. Consumir preferentemente antes de: ver pie de imprenta, segunda l\u00ednea. Ventas: Lackmann Fleisch- und Feinkostfabrik GmbH, Carl Benz Stra\u00dfe 10, 77731 Willst\u00e4tt, Alemania. <!--NWT-Text-->Valor nutricional por 100 g: Valor energ\u00e9tico: 2172 kJ \/ 520 kcal, Grasas: 28 g, de las cuales saturadas: 15 g, Hidratos de carbono: 59 g, de los cuales az\u00facares: 47 g, Prote\u00ednas: 5,4 g, Sal: 0,09 g, <!--NWT-Table--><\/p>\n<table>\n<tbody>\n<tr>\n<td colspan=\"2\">Valor nutricional por 100 g:<\/td>\n<\/tr>\n<tr>\n<td>Valor energ\u00e9tico:<\/td>\n<td align = \"right\">2172 \u200b\u200bkJ \/ 520 kcal<\/td>\n<\/tr>\n<tr>\n<td>Grasas:<\/td>\n<td align = \"right\">28 g<\/td>\n<\/tr>\n<tr>\n<td>de las cuales saturadas:<\/td>\n<td align = \"right\">15 g<\/td>\n<\/tr>\n<tr>\n<td>Hidratos de carbono:<\/td>\n<td align = \"right\">59 g<\/td>\n<\/tr>\n<tr>\n<td>- de los cuales az\u00facares:<\/td>\n<td align = \"right\">47 g<\/td>\n<\/tr>\n<tr>\n<td>Prote\u00ednas:<\/td>\n<td align = \"right\">5,4 g<\/td>\n<\/tr>\n<tr>\n<td>Sal:<\/td>\n<td align = \"right\">0,09 g<\/td>\n<\/tr>\n<\/tbody>\n<\/table>\n<p> <!--Bezeichnung-->Caramelos con 8 % de avellanas y almendras tostadas, 10 % de caramelo, 28 % de glaseado de chocolate.<\/p>\n","protected":false},"excerpt":{"rendered":"<p>Caramelos con 8% de avellanas y almendras tostadas, 10% de caramelo, 28% de glaseado de chocolate. Vender la mercanc\u00eda \u00fanicamente sin envasar. Ingredientes: az\u00facar, pasta de cacao, grasas y aceites vegetales: (palma, karit\u00e9 (\u00e1rbol oleaginoso), palmiste), harina de trigo, jarabe de glucosa, cacao en polvo desgrasado 4%, almendras tostadas 4%, manteca de cacao, emulgentes: (lecitina [&hellip;]<\/p>\n","protected":false},"featured_media":1936,"template":"","meta":{"inline_featured_image":false},"product_brand":[],"product_cat":[204,203],"product_tag":[],"class_list":{"0":"post-2370","1":"product","2":"type-product","3":"status-publish","4":"has-post-thumbnail","6":"product_cat-caramelo","7":"product_cat-caramelos-bombones","9":"first","10":"instock","11":"shipping-taxable","12":"purchasable","13":"product-type-simple"},"acf":[],"_links":{"self":[{"href":"https:\/\/kalinkamagazin.com\/es\/wp-json\/wp\/v2\/product\/2370","targetHints":{"allow":["GET"]}}],"collection":[{"href":"https:\/\/kalinkamagazin.com\/es\/wp-json\/wp\/v2\/product"}],"about":[{"href":"https:\/\/kalinkamagazin.com\/es\/wp-json\/wp\/v2\/types\/product"}],"wp:featuredmedia":[{"embeddable":true,"href":"https:\/\/kalinkamagazin.com\/es\/wp-json\/wp\/v2\/media\/1936"}],"wp:attachment":[{"href":"https:\/\/kalinkamagazin.com\/es\/wp-json\/wp\/v2\/media?parent=2370"}],"wp:term":[{"taxonomy":"product_brand","embeddable":true,"href":"https:\/\/kalinkamagazin.com\/es\/wp-json\/wp\/v2\/product_brand?post=2370"},{"taxonomy":"product_cat","embeddable":true,"href":"https:\/\/kalinkamagazin.com\/es\/wp-json\/wp\/v2\/product_cat?post=2370"},{"taxonomy":"product_tag","embeddable":true,"href":"https:\/\/kalinkamagazin.com\/es\/wp-json\/wp\/v2\/product_tag?post=2370"}],"curies":[{"name":"wp","href":"https:\/\/api.w.org\/{rel}","templated":true}]}}