{"id":2371,"date":"2026-01-29T16:32:07","date_gmt":"2026-01-29T13:32:07","guid":{"rendered":"https:\/\/kalinkamagazin.com\/product\/3953-rollitos-de-oblea-con-crema-de-leche-konafetto-es\/"},"modified":"2026-01-29T16:57:45","modified_gmt":"2026-01-29T13:57:45","slug":"3953-rollitos-de-oblea-con-crema-de-leche-konafetto-es","status":"publish","type":"product","link":"https:\/\/kalinkamagazin.com\/es\/product\/3953-rollitos-de-oblea-con-crema-de-leche-konafetto-es\/","title":{"rendered":"Rollitos de oblea con crema de leche \"Konafetto\""},"content":{"rendered":"<p>Barquillos rellenos de crema de leche al 50% y glaseado de chocolate al 29%. Se venden sin envasar. Ingredientes: az\u00facar, grasas y aceites vegetales (palma, girasol, karit\u00e9, coco), pasta de cacao, harina de trigo, suero de leche, manteca de cacao, leche desnatada en polvo, leche entera en polvo, emulgentes (lecitina de soja, E476), aromas, avellanas tostadas. Cacao: m\u00ednimo 13%. Este producto puede contener trazas de: huevos, cacahuetes y s\u00e9samo. Conservar en un lugar fresco y seco. Consumir preferentemente antes de: ver la segunda l\u00ednea del pie de imprenta. Distribuci\u00f3n: Lackmann Fleisch- und Feinkostfabrik GmbH, Carl Benz Stra\u00dfe 10, 77731 Willst\u00e4tt, Alemania. <!--NWT-Text-->Valor nutricional por 100 g: Valor energ\u00e9tico: 2224 kJ \/ 532 kcal, Grasas: 30 g, de las cuales saturadas: 13 g, Hidratos de carbono: 61 g, de los cuales az\u00facares: 52 g, Prote\u00ednas: 3,8 g, Sal: 0,09 g, <!--NWT-Table--><\/p>\n<table>\n<tbody>\n<tr>\n<td colspan=\"2\">Valor nutricional por 100 g:<\/td>\n<\/tr>\n<tr>\n<td>Valor energ\u00e9tico:<\/td>\n<td align = \"right\">2224 kJ\/532 kcal<\/td>\n<\/tr>\n<tr>\n<td>Grasas:<\/td>\n<td align = \"right\">30 g<\/td>\n<\/tr>\n<tr>\n<td>de las cuales saturadas:<\/td>\n<td align = \"right\">13 g<\/td>\n<\/tr>\n<tr>\n<td>Hidratos de carbono:<\/td>\n<td align = \"right\">61 g<\/td>\n<\/tr>\n<tr>\n<td>- de los cuales az\u00facares:<\/td>\n<td align = \"right\">52 g<\/td>\n<\/tr>\n<tr>\n<td>Prote\u00ednas:<\/td>\n<td align = \"right\">3,8 g<\/td>\n<\/tr>\n<tr>\n<td>Sal:<\/td>\n<td align = \"right\">0,09 g<\/td>\n<\/tr>\n<\/tbody>\n<\/table>\n<p> <!--Bezeichnung-->Rollitos de gofre con relleno de crema de leche 50%, en glaseado de chocolate 29%.<\/p>\n","protected":false},"excerpt":{"rendered":"<p>Barquillos rellenos de crema de leche al 50% y glaseado de chocolate al 29%. Se venden sin envasar. Ingredientes: az\u00facar, grasas y aceites vegetales (palma, girasol, karit\u00e9, coco), pasta de cacao, harina de trigo, suero de leche, manteca de cacao, leche desnatada en polvo, leche entera en polvo, emulgentes (lecitina de soja, E476), aromas, avellanas [&hellip;]<\/p>\n","protected":false},"featured_media":1939,"template":"","meta":{"inline_featured_image":false},"product_brand":[],"product_cat":[205,203],"product_tag":[],"class_list":{"0":"post-2371","1":"product","2":"type-product","3":"status-publish","4":"has-post-thumbnail","6":"product_cat-bombones-de-chocolate","7":"product_cat-caramelos-bombones","9":"first","10":"instock","11":"shipping-taxable","12":"purchasable","13":"product-type-simple"},"acf":[],"_links":{"self":[{"href":"https:\/\/kalinkamagazin.com\/es\/wp-json\/wp\/v2\/product\/2371","targetHints":{"allow":["GET"]}}],"collection":[{"href":"https:\/\/kalinkamagazin.com\/es\/wp-json\/wp\/v2\/product"}],"about":[{"href":"https:\/\/kalinkamagazin.com\/es\/wp-json\/wp\/v2\/types\/product"}],"wp:featuredmedia":[{"embeddable":true,"href":"https:\/\/kalinkamagazin.com\/es\/wp-json\/wp\/v2\/media\/1939"}],"wp:attachment":[{"href":"https:\/\/kalinkamagazin.com\/es\/wp-json\/wp\/v2\/media?parent=2371"}],"wp:term":[{"taxonomy":"product_brand","embeddable":true,"href":"https:\/\/kalinkamagazin.com\/es\/wp-json\/wp\/v2\/product_brand?post=2371"},{"taxonomy":"product_cat","embeddable":true,"href":"https:\/\/kalinkamagazin.com\/es\/wp-json\/wp\/v2\/product_cat?post=2371"},{"taxonomy":"product_tag","embeddable":true,"href":"https:\/\/kalinkamagazin.com\/es\/wp-json\/wp\/v2\/product_tag?post=2371"}],"curies":[{"name":"wp","href":"https:\/\/api.w.org\/{rel}","templated":true}]}}