{"id":2376,"date":"2026-01-29T16:31:07","date_gmt":"2026-01-29T13:31:07","guid":{"rendered":"https:\/\/kalinkamagazin.com\/product\/4637-tj-de-tilo-es\/"},"modified":"2026-01-29T16:56:43","modified_gmt":"2026-01-29T13:56:43","slug":"4637-tj-de-tilo-es","status":"publish","type":"product","link":"https:\/\/kalinkamagazin.com\/es\/product\/4637-tj-de-tilo-es\/","title":{"rendered":"T\u0439 de tilo"},"content":{"rendered":"<p>20 bolsitas de t\u00e9 (1,2 g). Vierta agua hirviendo sobre el t\u00e9 y d\u00e9jelo reposar al menos 2-3 minutos. \u00a1Solo as\u00ed se garantiza su eficacia! Conservar en un lugar fresco y seco. Distribuci\u00f3n: Lackmann Fleisch- und Feinkostfabrik GmbH, Carl Benz Stra\u00dfe 10, 77731 Willst\u00e4tt, Alemania. Consumir antes del fin de: ver el reverso, primera l\u00ednea.<\/p>\n","protected":false},"excerpt":{"rendered":"<p>20 bolsitas de t\u00e9 (1,2 g). Vierta agua hirviendo sobre el t\u00e9 y d\u00e9jelo reposar al menos 2-3 minutos. \u00a1Solo as\u00ed se garantiza su eficacia! Conservar en un lugar fresco y seco. Distribuci\u00f3n: Lackmann Fleisch- und Feinkostfabrik GmbH, Carl Benz Stra\u00dfe 10, 77731 Willst\u00e4tt, Alemania. Consumir antes del fin de: ver el reverso, primera l\u00ednea.<\/p>\n","protected":false},"featured_media":1999,"template":"","meta":{"inline_featured_image":false},"product_brand":[],"product_cat":[251,248],"product_tag":[],"class_list":{"0":"post-2376","1":"product","2":"type-product","3":"status-publish","4":"has-post-thumbnail","6":"product_cat-te","7":"product_cat-te-y-cafe","9":"first","10":"instock","11":"shipping-taxable","12":"purchasable","13":"product-type-simple"},"acf":[],"_links":{"self":[{"href":"https:\/\/kalinkamagazin.com\/es\/wp-json\/wp\/v2\/product\/2376","targetHints":{"allow":["GET"]}}],"collection":[{"href":"https:\/\/kalinkamagazin.com\/es\/wp-json\/wp\/v2\/product"}],"about":[{"href":"https:\/\/kalinkamagazin.com\/es\/wp-json\/wp\/v2\/types\/product"}],"wp:featuredmedia":[{"embeddable":true,"href":"https:\/\/kalinkamagazin.com\/es\/wp-json\/wp\/v2\/media\/1999"}],"wp:attachment":[{"href":"https:\/\/kalinkamagazin.com\/es\/wp-json\/wp\/v2\/media?parent=2376"}],"wp:term":[{"taxonomy":"product_brand","embeddable":true,"href":"https:\/\/kalinkamagazin.com\/es\/wp-json\/wp\/v2\/product_brand?post=2376"},{"taxonomy":"product_cat","embeddable":true,"href":"https:\/\/kalinkamagazin.com\/es\/wp-json\/wp\/v2\/product_cat?post=2376"},{"taxonomy":"product_tag","embeddable":true,"href":"https:\/\/kalinkamagazin.com\/es\/wp-json\/wp\/v2\/product_tag?post=2376"}],"curies":[{"name":"wp","href":"https:\/\/api.w.org\/{rel}","templated":true}]}}