{"id":2377,"date":"2026-01-29T16:31:00","date_gmt":"2026-01-29T13:31:00","guid":{"rendered":"https:\/\/kalinkamagazin.com\/product\/4771-crema-agria-25-grasa-es\/"},"modified":"2026-01-29T16:56:35","modified_gmt":"2026-01-29T13:56:35","slug":"4771-crema-agria-25-grasa-es","status":"publish","type":"product","link":"https:\/\/kalinkamagazin.com\/es\/product\/4771-crema-agria-25-grasa-es\/","title":{"rendered":"Crema agria 25% grasa."},"content":{"rendered":"<p>Ingredientes: Nata agria, leche desnatada en polvo, almid\u00f3n modificado, gelatina, estabilizantes (goma xantana, goma guar), emulgente (monoglic\u00e9ridos y diglic\u00e9ridos de \u00e1cidos grasos), aroma, cultivos de \u00e1cido l\u00e1ctico. Conservar sin abrir a una temperatura de entre 2 y 6 \u00b0C y consumir antes de: ver la segunda l\u00ednea inferior. Ventas: Lackmann Fleisch- und Feinkostfabrik GmbH, Carl Benz Stra\u00dfe 10, 77731 Willst\u00e4tt, Alemania. <!--NWT-Text-->Valor nutricional por 100 g: Valor energ\u00e9tico: 1040 kJ \/ 252 kcal, Grasas: 25 g, de las cuales saturadas: 17 g, Hidratos de carbono: 3,7 g, de los cuales az\u00facares: 3,0 g, Prote\u00ednas: 3,0 g, Sal: 0,10 g, <!--NWT-Table--><\/p>\n<table>\n<tbody>\n<tr>\n<td colspan=\"2\">Valor nutricional por 100 g:<\/td>\n<\/tr>\n<tr>\n<td>Valor energ\u00e9tico:<\/td>\n<td align = \"right\">1040 kJ\/252 kcal<\/td>\n<\/tr>\n<tr>\n<td>Grasas:<\/td>\n<td align = \"right\">25 g<\/td>\n<\/tr>\n<tr>\n<td>de las cuales saturadas: \u00c1cidos:<\/td>\n<td align = \"right\">17 g<\/td>\n<\/tr>\n<tr>\n<td>Hidratos de carbono:<\/td>\n<td align = \"right\">3,7 g<\/td>\n<\/tr>\n<tr>\n<td>- de los cuales az\u00facares:<\/td>\n<td align = \"right\">3,0 g<\/td>\n<\/tr>\n<tr>\n<td>Prote\u00ednas:<\/td>\n<td align = \"right\">3,0 g<\/td>\n<\/tr>\n<tr>\n<td>Sal:<\/td>\n<td align = \"right\">0,10 g<\/td>\n<\/tr>\n<\/tbody>\n<\/table>\n<p> <!--Bezeichnung--><\/p>\n","protected":false},"excerpt":{"rendered":"<p>Ingredientes: Nata agria, leche desnatada en polvo, almid\u00f3n modificado, gelatina, estabilizantes (goma xantana, goma guar), emulgente (monoglic\u00e9ridos y diglic\u00e9ridos de \u00e1cidos grasos), aroma, cultivos de \u00e1cido l\u00e1ctico. Conservar sin abrir a una temperatura de entre 2 y 6 \u00b0C y consumir antes de: ver la segunda l\u00ednea inferior. Ventas: Lackmann Fleisch- und Feinkostfabrik GmbH, Carl [&hellip;]<\/p>\n","protected":false},"featured_media":2011,"template":"","meta":{"inline_featured_image":false},"product_brand":[],"product_cat":[218,220],"product_tag":[],"class_list":{"0":"post-2377","1":"product","2":"type-product","3":"status-publish","4":"has-post-thumbnail","6":"product_cat-productos-lacteos","7":"product_cat-productos-lacteos-fermentados","9":"first","10":"instock","11":"shipping-taxable","12":"purchasable","13":"product-type-simple"},"acf":[],"_links":{"self":[{"href":"https:\/\/kalinkamagazin.com\/es\/wp-json\/wp\/v2\/product\/2377","targetHints":{"allow":["GET"]}}],"collection":[{"href":"https:\/\/kalinkamagazin.com\/es\/wp-json\/wp\/v2\/product"}],"about":[{"href":"https:\/\/kalinkamagazin.com\/es\/wp-json\/wp\/v2\/types\/product"}],"wp:featuredmedia":[{"embeddable":true,"href":"https:\/\/kalinkamagazin.com\/es\/wp-json\/wp\/v2\/media\/2011"}],"wp:attachment":[{"href":"https:\/\/kalinkamagazin.com\/es\/wp-json\/wp\/v2\/media?parent=2377"}],"wp:term":[{"taxonomy":"product_brand","embeddable":true,"href":"https:\/\/kalinkamagazin.com\/es\/wp-json\/wp\/v2\/product_brand?post=2377"},{"taxonomy":"product_cat","embeddable":true,"href":"https:\/\/kalinkamagazin.com\/es\/wp-json\/wp\/v2\/product_cat?post=2377"},{"taxonomy":"product_tag","embeddable":true,"href":"https:\/\/kalinkamagazin.com\/es\/wp-json\/wp\/v2\/product_tag?post=2377"}],"curies":[{"name":"wp","href":"https:\/\/api.w.org\/{rel}","templated":true}]}}