{"id":2381,"date":"2026-01-29T16:30:25","date_gmt":"2026-01-29T13:30:25","guid":{"rendered":"https:\/\/kalinkamagazin.com\/product\/4941-olya-2-tomates-ciruela-con-ajo-880-ml-peso-neto-450-g-es\/"},"modified":"2026-01-29T16:55:57","modified_gmt":"2026-01-29T13:55:57","slug":"4941-olya-2-tomates-ciruela-con-ajo-880-ml-peso-neto-450-g-es","status":"publish","type":"product","link":"https:\/\/kalinkamagazin.com\/es\/product\/4941-olya-2-tomates-ciruela-con-ajo-880-ml-peso-neto-450-g-es\/","title":{"rendered":"Olya 2 tomates ciruela con ajo, 880 ml (peso neto 450 g)"},"content":{"rendered":"<p>Peso seco: 450 g. Ingredientes: tomates, az\u00facar, sal, ajo, especias, hierbas arom\u00e1ticas, corrector de acidez (\u00e1cido c\u00edtrico). Conservar en un lugar fresco y seco. Una vez abierto, conservar en el frigor\u00edfico. La vida \u00fatil m\u00ednima en un envase sin abrir es de hasta: ver la tapa. Distribuci\u00f3n: Lackmann Fleisch- und Feinkostfabrik GmbH, Carl Benz Stra\u00dfe 10, 77731 Willst\u00e4tt, Alemania. Contiene trazas de grasas, incluidos \u00e1cidos grasos saturados. <!--NWT-Text-->Valor nutricional por 100 g: Valor energ\u00e9tico: 79 kJ \/ 19 kcal, Grasas: <0,5 g, - de las cuales \u00e1cidos grasos saturados: <0,1 g, Carbohidratos: 4,0 g, - de los cuales az\u00facares: 2,7 g, Prote\u00ednas: 0,8 g, Sal: 0,96 g, <!--NWT-Table--><\/p>\n<table>\n<tbody>\n<tr>\n<td colspan=\"2\">Valor nutricional por 100 g:<\/td>\n<\/tr>\n<tr>\n<td>Valor energ\u00e9tico:<\/td>\n<td align = \"right\">79 kJ\/19 kcal<\/td>\n<\/tr>\n<tr>\n<td>Grasas:<\/td>\n<td align = \"right\"><0,5 g<\/td>\n<\/tr>\n<tr>\n<td>- de las cuales grasas saturadas \u00c1cidos:<\/td>\n<td align = \"right\"><0.1g<\/td>\n<\/tr>\n<tr>\n<td>Hidratos de carbono:<\/td>\n<td align = \"right\">4.0g<\/td>\n<\/tr>\n<tr>\n<td>- de los cuales az\u00facares:<\/td>\n<td align = \"right\">2.7g<\/td>\n<\/tr>\n<tr>\n<td>Prote\u00ednas:<\/td>\n<td align = \"right\">0.8g<\/td>\n<\/tr>\n<tr>\n<td>Sal:<\/td>\n<td align = \"right\">0.96g<\/td>\n<\/tr>\n<\/tbody>\n<\/table>\n<p> <!--Bezeichnung--><\/p>\n","protected":false},"excerpt":{"rendered":"<p>Peso seco: 450 g. Ingredientes: tomates, az\u00facar, sal, ajo, especias, hierbas arom\u00e1ticas, corrector de acidez (\u00e1cido c\u00edtrico). Conservar en un lugar fresco y seco. Una vez abierto, conservar en el frigor\u00edfico. La vida \u00fatil m\u00ednima en un envase sin abrir es de hasta: ver la tapa. Distribuci\u00f3n: Lackmann Fleisch- und Feinkostfabrik GmbH, Carl Benz Stra\u00dfe [&hellip;]<\/p>\n","protected":false},"featured_media":2041,"template":"","meta":{"inline_featured_image":false},"product_brand":[],"product_cat":[195,201],"product_tag":[],"class_list":{"0":"post-2381","1":"product","2":"type-product","3":"status-publish","4":"has-post-thumbnail","6":"product_cat-conservas","7":"product_cat-conservas-de-tomate","9":"first","10":"instock","11":"shipping-taxable","12":"purchasable","13":"product-type-simple"},"acf":[],"_links":{"self":[{"href":"https:\/\/kalinkamagazin.com\/es\/wp-json\/wp\/v2\/product\/2381","targetHints":{"allow":["GET"]}}],"collection":[{"href":"https:\/\/kalinkamagazin.com\/es\/wp-json\/wp\/v2\/product"}],"about":[{"href":"https:\/\/kalinkamagazin.com\/es\/wp-json\/wp\/v2\/types\/product"}],"wp:featuredmedia":[{"embeddable":true,"href":"https:\/\/kalinkamagazin.com\/es\/wp-json\/wp\/v2\/media\/2041"}],"wp:attachment":[{"href":"https:\/\/kalinkamagazin.com\/es\/wp-json\/wp\/v2\/media?parent=2381"}],"wp:term":[{"taxonomy":"product_brand","embeddable":true,"href":"https:\/\/kalinkamagazin.com\/es\/wp-json\/wp\/v2\/product_brand?post=2381"},{"taxonomy":"product_cat","embeddable":true,"href":"https:\/\/kalinkamagazin.com\/es\/wp-json\/wp\/v2\/product_cat?post=2381"},{"taxonomy":"product_tag","embeddable":true,"href":"https:\/\/kalinkamagazin.com\/es\/wp-json\/wp\/v2\/product_tag?post=2381"}],"curies":[{"name":"wp","href":"https:\/\/api.w.org\/{rel}","templated":true}]}}