{"id":2383,"date":"2026-01-29T16:30:17","date_gmt":"2026-01-29T13:30:17","guid":{"rendered":"https:\/\/kalinkamagazin.com\/product\/5222-requesun-05-es\/"},"modified":"2026-01-29T16:55:50","modified_gmt":"2026-01-29T13:55:50","slug":"5222-requesun-05-es","status":"publish","type":"product","link":"https:\/\/kalinkamagazin.com\/es\/product\/5222-requesun-05-es\/","title":{"rendered":"Reques\u0443n 0,5%"},"content":{"rendered":"<p>Cuajada m\u00ednimo 2,5% de grasa en materia seca. Conservar sin abrir entre +2\u00b0C y +6\u00b0C y utilizar antes: ver pie de imprenta. Ventas: Lackmann Fleisch- und Feinkostfabrik GmbH, Carl Benz Stra\u00dfe 10, 77731 Willst\u00e4tt, Alemania. <!--NWT-Text-->Valor nutricional por 100 g: Valor energ\u00e9tico: 409 kJ \/ 96 kcal, Grasas: <0,5 g, - de las cuales \u00e1cidos grasos saturados: 0,3 g, Carbohidratos: 4,0 g, - de los cuales az\u00facares: 4,0 g, Prote\u00ednas: 19 g, Sal: 0,20 g, <!--NWT-Table--><\/p>\n<table>\n<tbody>\n<tr>\n<td colspan=\"2\">Valor nutricional por 100 g:<\/td>\n<\/tr>\n<tr>\n<td>Valor energ\u00e9tico:<\/td>\n<td align = \"right\">409 kJ\/96 kcal<\/td>\n<\/tr>\n<tr>\n<td>Grasas:<\/td>\n<td align = \"right\"><0,5 g<\/td>\n<\/tr>\n<tr>\n<td>- de las cuales \u00e1cidos grasos saturados:<\/td>\n<td align = \"right\">0,3 g<\/td>\n<\/tr>\n<tr>\n<td>Hidratos de carbono:<\/td>\n<td align = \"right\">4,0 g<\/td>\n<\/tr>\n<tr>\n<td>- de los cuales az\u00facares:<\/td>\n<td align = \"right\">4,0 g<\/td>\n<\/tr>\n<tr>\n<td>Prote\u00ednas:<\/td>\n<td align = \"right\">19 g<\/td>\n<\/tr>\n<tr>\n<td>Sal:<\/td>\n<td align = \"right\">0,20 g<\/td>\n<\/tr>\n<\/tbody>\n<\/table>\n<p> <!--Bezeichnung-->Queso cottage al menos 2,5 % de grasa en extracto seco, .<\/p>\n","protected":false},"excerpt":{"rendered":"<p>Cuajada m\u00ednimo 2,5% de grasa en materia seca. Conservar sin abrir entre +2\u00b0C y +6\u00b0C y utilizar antes: ver pie de imprenta. Ventas: Lackmann Fleisch- und Feinkostfabrik GmbH, Carl Benz Stra\u00dfe 10, 77731 Willst\u00e4tt, Alemania. Valor nutricional por 100 g: Valor energ\u00e9tico: 409 kJ \/ 96 kcal, Grasas: Queso cottage al menos 2,5 % de [&hellip;]<\/p>\n","protected":false},"featured_media":2050,"template":"","meta":{"inline_featured_image":false},"product_brand":[],"product_cat":[218,220],"product_tag":[],"class_list":{"0":"post-2383","1":"product","2":"type-product","3":"status-publish","4":"has-post-thumbnail","6":"product_cat-productos-lacteos","7":"product_cat-productos-lacteos-fermentados","9":"first","10":"instock","11":"shipping-taxable","12":"purchasable","13":"product-type-simple"},"acf":[],"_links":{"self":[{"href":"https:\/\/kalinkamagazin.com\/es\/wp-json\/wp\/v2\/product\/2383","targetHints":{"allow":["GET"]}}],"collection":[{"href":"https:\/\/kalinkamagazin.com\/es\/wp-json\/wp\/v2\/product"}],"about":[{"href":"https:\/\/kalinkamagazin.com\/es\/wp-json\/wp\/v2\/types\/product"}],"wp:featuredmedia":[{"embeddable":true,"href":"https:\/\/kalinkamagazin.com\/es\/wp-json\/wp\/v2\/media\/2050"}],"wp:attachment":[{"href":"https:\/\/kalinkamagazin.com\/es\/wp-json\/wp\/v2\/media?parent=2383"}],"wp:term":[{"taxonomy":"product_brand","embeddable":true,"href":"https:\/\/kalinkamagazin.com\/es\/wp-json\/wp\/v2\/product_brand?post=2383"},{"taxonomy":"product_cat","embeddable":true,"href":"https:\/\/kalinkamagazin.com\/es\/wp-json\/wp\/v2\/product_cat?post=2383"},{"taxonomy":"product_tag","embeddable":true,"href":"https:\/\/kalinkamagazin.com\/es\/wp-json\/wp\/v2\/product_tag?post=2383"}],"curies":[{"name":"wp","href":"https:\/\/api.w.org\/{rel}","templated":true}]}}