{"id":2384,"date":"2026-01-29T16:30:14","date_gmt":"2026-01-29T13:30:14","guid":{"rendered":"https:\/\/kalinkamagazin.com\/product\/5225-requesun-9-es\/"},"modified":"2026-01-29T16:55:44","modified_gmt":"2026-01-29T13:55:44","slug":"5225-requesun-9-es","status":"publish","type":"product","link":"https:\/\/kalinkamagazin.com\/es\/product\/5225-requesun-9-es\/","title":{"rendered":"Reques\u0443n 9%"},"content":{"rendered":"<p>La cuajada contiene al menos un 33% de grasa en materia seca. Conservar sin abrir entre +2\u00b0C y +6\u00b0C y utilizar antes: ver pie de imprenta. Ventas: Lackmann Fleisch- und Feinkostfabrik GmbH, Carl Benz Stra\u00dfe 10, 77731 Willst\u00e4tt, Alemania. <!--NWT-Text-->Valor nutricional por 100 g: Valor energ\u00e9tico: 740 kJ \/ 177 kcal, Grasas: 9,0 g, de las cuales saturadas: 6,0 g, Hidratos de carbono: 4,0 g, de los cuales az\u00facares: 4,0 g, Prote\u00ednas: 20 g, Sal: 0,20 g, <!--NWT-Table--><\/p>\n<table>\n<tbody>\n<tr>\n<td colspan=\"2\">Valor nutricional por 100 g:<\/td>\n<\/tr>\n<tr>\n<td>Valor energ\u00e9tico:<\/td>\n<td align = \"right\">740 kJ\/177 kcal<\/td>\n<\/tr>\n<tr>\n<td>Grasas:<\/td>\n<td align = \"right\">9,0 g<\/td>\n<\/tr>\n<tr>\n<td>de las cuales saturadas:<\/td>\n<td align = \"right\">6,0 g<\/td>\n<\/tr>\n<tr>\n<td>Hidratos de carbono:<\/td>\n<td align = \"right\">4,0 g<\/td>\n<\/tr>\n<tr>\n<td>- de los cuales az\u00facares:<\/td>\n<td align = \"right\">4,0 g<\/td>\n<\/tr>\n<tr>\n<td>Prote\u00ednas:<\/td>\n<td align = \"right\">20 g<\/td>\n<\/tr>\n<tr>\n<td>Sal:<\/td>\n<td align = \"right\">0,20 g<\/td>\n<\/tr>\n<\/tbody>\n<\/table>\n<p> <!--Bezeichnung-->Queso cottage al menos 33% de grasa en extracto seco, .<\/p>\n","protected":false},"excerpt":{"rendered":"<p>La cuajada contiene al menos un 33% de grasa en materia seca. Conservar sin abrir entre +2\u00b0C y +6\u00b0C y utilizar antes: ver pie de imprenta. Ventas: Lackmann Fleisch- und Feinkostfabrik GmbH, Carl Benz Stra\u00dfe 10, 77731 Willst\u00e4tt, Alemania. Valor nutricional por 100 g: Valor energ\u00e9tico: 740 kJ \/ 177 kcal, Grasas: 9,0 g, de [&hellip;]<\/p>\n","protected":false},"featured_media":2053,"template":"","meta":{"inline_featured_image":false},"product_brand":[],"product_cat":[218,220],"product_tag":[],"class_list":{"0":"post-2384","1":"product","2":"type-product","3":"status-publish","4":"has-post-thumbnail","6":"product_cat-productos-lacteos","7":"product_cat-productos-lacteos-fermentados","9":"first","10":"instock","11":"shipping-taxable","12":"purchasable","13":"product-type-simple"},"acf":[],"_links":{"self":[{"href":"https:\/\/kalinkamagazin.com\/es\/wp-json\/wp\/v2\/product\/2384","targetHints":{"allow":["GET"]}}],"collection":[{"href":"https:\/\/kalinkamagazin.com\/es\/wp-json\/wp\/v2\/product"}],"about":[{"href":"https:\/\/kalinkamagazin.com\/es\/wp-json\/wp\/v2\/types\/product"}],"wp:featuredmedia":[{"embeddable":true,"href":"https:\/\/kalinkamagazin.com\/es\/wp-json\/wp\/v2\/media\/2053"}],"wp:attachment":[{"href":"https:\/\/kalinkamagazin.com\/es\/wp-json\/wp\/v2\/media?parent=2384"}],"wp:term":[{"taxonomy":"product_brand","embeddable":true,"href":"https:\/\/kalinkamagazin.com\/es\/wp-json\/wp\/v2\/product_brand?post=2384"},{"taxonomy":"product_cat","embeddable":true,"href":"https:\/\/kalinkamagazin.com\/es\/wp-json\/wp\/v2\/product_cat?post=2384"},{"taxonomy":"product_tag","embeddable":true,"href":"https:\/\/kalinkamagazin.com\/es\/wp-json\/wp\/v2\/product_tag?post=2384"}],"curies":[{"name":"wp","href":"https:\/\/api.w.org\/{rel}","templated":true}]}}