{"id":2386,"date":"2026-01-29T16:30:10","date_gmt":"2026-01-29T13:30:10","guid":{"rendered":"https:\/\/kalinkamagazin.com\/product\/5274-hematugeno-es\/"},"modified":"2026-01-29T16:55:41","modified_gmt":"2026-01-29T13:55:41","slug":"5274-hematugeno-es","status":"publish","type":"product","link":"https:\/\/kalinkamagazin.com\/es\/product\/5274-hematugeno-es\/","title":{"rendered":"Hemat\u0443geno"},"content":{"rendered":"<p>Ingredientes: Jarabe de az\u00facar (az\u00facar, agua), leche condensada azucarada (leche entera, az\u00facar), jarabe de glucosa, grasas vegetales (palmiste, palma), alb\u00famina (suero de leche de vaca), \u00e1cido L-asc\u00f3rbico, aroma. Puede contener: almendras, avellanas, cacahuetes, gluten de trigo. Por 100 g: Vitamina C 46 mg: 57,6 % de la ingesta diaria recomendada (adultos). Por 100 g: Hierro 10 mg: 71,4 % de la ingesta diaria recomendada (adultos). Conservar en un lugar fresco y seco. Consumir preferentemente antes de: en la parte posterior, primera l\u00ednea. Ventas: Lackmann Fleisch- und Feinkostfabrik GmbH, Carl Benz Stra\u00dfe 10, 77731 Willst\u00e4tt, Alemania. <!--NWT-Text-->Valor nutricional por 100 g: Valor energ\u00e9tico: 1765 kJ \/ 418 kcal, Grasas: 8,7 g, de las cuales saturadas: 4,6 g, Hidratos de carbono: 77 g, de los cuales az\u00facares: 75 g, Prote\u00ednas: 7,6 g, Sal: 0,66 g, <!--NWT-Table--><\/p>\n<table>\n<tbody>\n<tr>\n<td colspan=\"2\">Valor nutricional por 100 g:<\/td>\n<\/tr>\n<tr>\n<td>Valor energ\u00e9tico:<\/td>\n<td align = \"right\">1765 kJ \/ 418 kcal<\/td>\n<\/tr>\n<tr>\n<td>Grasas:<\/td>\n<td align = \"right\">8,7 g<\/td>\n<\/tr>\n<tr>\n<td>de las cuales saturadas: \u00c1cidos:<\/td>\n<td align = \"right\">4,6 g<\/td>\n<\/tr>\n<tr>\n<td>Hidratos de carbono:<\/td>\n<td align = \"right\">77 g<\/td>\n<\/tr>\n<tr>\n<td>- de los cuales az\u00facares:<\/td>\n<td align = \"right\">75 g<\/td>\n<\/tr>\n<tr>\n<td>Prote\u00ednas:<\/td>\n<td align = \"right\">7,6 g<\/td>\n<\/tr>\n<tr>\n<td>Sal:<\/td>\n<td align = \"right\">0,66 g<\/td>\n<\/tr>\n<\/tbody>\n<\/table>\n<p> <!--Bezeichnung--><\/p>\n","protected":false},"excerpt":{"rendered":"<p>Ingredientes: Jarabe de az\u00facar (az\u00facar, agua), leche condensada azucarada (leche entera, az\u00facar), jarabe de glucosa, grasas vegetales (palmiste, palma), alb\u00famina (suero de leche de vaca), \u00e1cido L-asc\u00f3rbico, aroma. Puede contener: almendras, avellanas, cacahuetes, gluten de trigo. Por 100 g: Vitamina C 46 mg: 57,6 % de la ingesta diaria recomendada (adultos). Por 100 g: Hierro [&hellip;]<\/p>\n","protected":false},"featured_media":2059,"template":"","meta":{"inline_featured_image":false},"product_brand":[],"product_cat":[204,203],"product_tag":[],"class_list":{"0":"post-2386","1":"product","2":"type-product","3":"status-publish","4":"has-post-thumbnail","6":"product_cat-caramelo","7":"product_cat-caramelos-bombones","9":"first","10":"instock","11":"shipping-taxable","12":"purchasable","13":"product-type-simple"},"acf":[],"_links":{"self":[{"href":"https:\/\/kalinkamagazin.com\/es\/wp-json\/wp\/v2\/product\/2386","targetHints":{"allow":["GET"]}}],"collection":[{"href":"https:\/\/kalinkamagazin.com\/es\/wp-json\/wp\/v2\/product"}],"about":[{"href":"https:\/\/kalinkamagazin.com\/es\/wp-json\/wp\/v2\/types\/product"}],"wp:featuredmedia":[{"embeddable":true,"href":"https:\/\/kalinkamagazin.com\/es\/wp-json\/wp\/v2\/media\/2059"}],"wp:attachment":[{"href":"https:\/\/kalinkamagazin.com\/es\/wp-json\/wp\/v2\/media?parent=2386"}],"wp:term":[{"taxonomy":"product_brand","embeddable":true,"href":"https:\/\/kalinkamagazin.com\/es\/wp-json\/wp\/v2\/product_brand?post=2386"},{"taxonomy":"product_cat","embeddable":true,"href":"https:\/\/kalinkamagazin.com\/es\/wp-json\/wp\/v2\/product_cat?post=2386"},{"taxonomy":"product_tag","embeddable":true,"href":"https:\/\/kalinkamagazin.com\/es\/wp-json\/wp\/v2\/product_tag?post=2386"}],"curies":[{"name":"wp","href":"https:\/\/api.w.org\/{rel}","templated":true}]}}