{"id":2389,"date":"2026-01-29T16:29:29","date_gmt":"2026-01-29T13:29:29","guid":{"rendered":"https:\/\/kalinkamagazin.com\/product\/5427-chips-de-nori-con-salsa-de-soja-es\/"},"modified":"2026-01-29T16:54:59","modified_gmt":"2026-01-29T13:54:59","slug":"5427-chips-de-nori-con-salsa-de-soja-es","status":"publish","type":"product","link":"https:\/\/kalinkamagazin.com\/es\/product\/5427-chips-de-nori-con-salsa-de-soja-es\/","title":{"rendered":"Chips de nori con salsa de soja"},"content":{"rendered":"<p>Chips de nori con salsa de soja. Peso: 4,5 g. Atenci\u00f3n: El envase contiene una bolsa con sustancias que absorben la humedad. No es comestible. Por lo tanto, tras abrir el envase, tire la bolsa a la basura. La imagen muestra la opci\u00f3n de presentaci\u00f3n. Ingredientes: Nori, aceites vegetales (ma\u00edz, s\u00e9samo), sal comestible, salsa de soja 2 % (agua, soja, trigo, sal comestible, az\u00facar, concentrado de zumo de pi\u00f1a, jengibre en polvo, ajo en polvo). Este producto puede contener trazas de mariscos. La fecha del envase es la fecha de fabricaci\u00f3n\/envasado. Conservar en un lugar fresco y seco. Ventas: Lackmann Fleisch- und Feinkostfabrik GmbH, Carl Benz Stra\u00dfe 10, 77731 Willst\u00e4tt, Alemania. Consumir preferentemente antes del: <!--NWT-Text-->Valor nutricional por 100 g: Valor energ\u00e9tico: 2290 kJ \/ 550 kcal, Grasas: 45 g, de las cuales saturadas: 22 g, Hidratos de carbono: 23 g, de los cuales az\u00facares: 0 g, Prote\u00ednas: 15 g, Sal: 4,4 g, <!--NWT-Table--><\/p>\n<table>\n<tbody>\n<tr>\n<td colspan=\"2\">Valor nutricional por 100 g:<\/td>\n<\/tr>\n<tr>\n<td>Valor energ\u00e9tico:<\/td>\n<td align = \"right\">2290 kJ\/550 kcal<\/td>\n<\/tr>\n<tr>\n<td>Grasas:<\/td>\n<td align = \"right\">45 g<\/td>\n<\/tr>\n<tr>\n<td>de las cuales saturadas:<\/td>\n<td align = \"right\">22 g<\/td>\n<\/tr>\n<tr>\n<td>Hidratos de carbono:<\/td>\n<td align = \"right\">23 g<\/td>\n<\/tr>\n<tr>\n<td>- de los cuales az\u00facares:<\/td>\n<td align = \"right\">0 g<\/td>\n<\/tr>\n<tr>\n<td>Prote\u00ednas:<\/td>\n<td align = \"right\">15 g<\/td>\n<\/tr>\n<tr>\n<td>Sal:<\/td>\n<td align = \"right\">4,4 g<\/td>\n<\/tr>\n<\/tbody>\n<\/table>\n<p> <!--Bezeichnung-->Chips de nori con salsa de soja..<\/p>\n","protected":false},"excerpt":{"rendered":"<p>Chips de nori con salsa de soja. Peso: 4,5 g. Atenci\u00f3n: El envase contiene una bolsa con sustancias que absorben la humedad. No es comestible. Por lo tanto, tras abrir el envase, tire la bolsa a la basura. La imagen muestra la opci\u00f3n de presentaci\u00f3n. Ingredientes: Nori, aceites vegetales (ma\u00edz, s\u00e9samo), sal comestible, salsa de [&hellip;]<\/p>\n","protected":false},"featured_media":2092,"template":"","meta":{"inline_featured_image":false},"product_brand":[],"product_cat":[207,210],"product_tag":[],"class_list":{"0":"post-2389","1":"product","2":"type-product","3":"status-publish","4":"has-post-thumbnail","6":"product_cat-granos-cereales-y-snacks","7":"product_cat-pasta-productos-de-pasta","9":"first","10":"instock","11":"shipping-taxable","12":"purchasable","13":"product-type-simple"},"acf":[],"_links":{"self":[{"href":"https:\/\/kalinkamagazin.com\/es\/wp-json\/wp\/v2\/product\/2389","targetHints":{"allow":["GET"]}}],"collection":[{"href":"https:\/\/kalinkamagazin.com\/es\/wp-json\/wp\/v2\/product"}],"about":[{"href":"https:\/\/kalinkamagazin.com\/es\/wp-json\/wp\/v2\/types\/product"}],"wp:featuredmedia":[{"embeddable":true,"href":"https:\/\/kalinkamagazin.com\/es\/wp-json\/wp\/v2\/media\/2092"}],"wp:attachment":[{"href":"https:\/\/kalinkamagazin.com\/es\/wp-json\/wp\/v2\/media?parent=2389"}],"wp:term":[{"taxonomy":"product_brand","embeddable":true,"href":"https:\/\/kalinkamagazin.com\/es\/wp-json\/wp\/v2\/product_brand?post=2389"},{"taxonomy":"product_cat","embeddable":true,"href":"https:\/\/kalinkamagazin.com\/es\/wp-json\/wp\/v2\/product_cat?post=2389"},{"taxonomy":"product_tag","embeddable":true,"href":"https:\/\/kalinkamagazin.com\/es\/wp-json\/wp\/v2\/product_tag?post=2389"}],"curies":[{"name":"wp","href":"https:\/\/api.w.org\/{rel}","templated":true}]}}