{"id":2393,"date":"2026-01-29T16:28:38","date_gmt":"2026-01-29T13:28:38","guid":{"rendered":"https:\/\/kalinkamagazin.com\/product\/6078-manz-dulce-grano-entero-enlatado-peso-neto-225-g-es\/"},"modified":"2026-01-29T16:54:06","modified_gmt":"2026-01-29T13:54:06","slug":"6078-manz-dulce-grano-entero-enlatado-peso-neto-225-g-es","status":"publish","type":"product","link":"https:\/\/kalinkamagazin.com\/es\/product\/6078-manz-dulce-grano-entero-enlatado-peso-neto-225-g-es\/","title":{"rendered":"Ma\u043dz dulce, grano entero, enlatado (peso neto 225 g)"},"content":{"rendered":"<p>Peso seco: 255 g. Ingredientes: ma\u00edz dulce, agua potable, sal de mesa, az\u00facar. Conservar en un lugar fresco y oscuro. Refrigerar despu\u00e9s de abrir. La vida \u00fatil m\u00ednima en envase sin abrir es de hasta: ver la tapa, segunda l\u00ednea. Distribuci\u00f3n: Lackmann Fleisch- und Feinkostfabrik GmbH, Carl Benz Stra\u00dfe 10, 77731 Willst\u00e4tt, Alemania. <!--NWT-Text-->Valor nutricional por 100 g: Valor energ\u00e9tico: 213 kJ \/ 50 kcal, Grasas: 0,8 g, de las cuales saturadas: 0,2 g, Hidratos de carbono: 8,7 g, de los cuales az\u00facares: 5,2 g, Prote\u00ednas: 2,1 g, Sal: 0,45 g, <!--NWT-Table--><\/p>\n<table>\n<tbody>\n<tr>\n<td colspan=\"2\">Valor nutricional por 100 g:<\/td>\n<\/tr>\n<tr>\n<td>Valor energ\u00e9tico:<\/td>\n<td align = \"right\">213 kJ\/50 kcal<\/td>\n<\/tr>\n<tr>\n<td>Grasas:<\/td>\n<td align = \"right\">0,8 g<\/td>\n<\/tr>\n<tr>\n<td>de las cuales saturadas: \u00c1cidos:<\/td>\n<td align = \"right\">0,2 g<\/td>\n<\/tr>\n<tr>\n<td>Hidratos de carbono:<\/td>\n<td align = \"right\">8,7 g<\/td>\n<\/tr>\n<tr>\n<td>- de los cuales az\u00facares:<\/td>\n<td align = \"right\">5,2 g<\/td>\n<\/tr>\n<tr>\n<td>Prote\u00ednas:<\/td>\n<td align = \"right\">2,1 g<\/td>\n<\/tr>\n<tr>\n<td>Sal:<\/td>\n<td align = \"right\">0,45 g<\/td>\n<\/tr>\n<\/tbody>\n<\/table>\n<p> <!--Bezeichnung--><\/p>\n","protected":false},"excerpt":{"rendered":"<p>Peso seco: 255 g. Ingredientes: ma\u00edz dulce, agua potable, sal de mesa, az\u00facar. Conservar en un lugar fresco y oscuro. Refrigerar despu\u00e9s de abrir. La vida \u00fatil m\u00ednima en envase sin abrir es de hasta: ver la tapa, segunda l\u00ednea. Distribuci\u00f3n: Lackmann Fleisch- und Feinkostfabrik GmbH, Carl Benz Stra\u00dfe 10, 77731 Willst\u00e4tt, Alemania. Valor nutricional [&hellip;]<\/p>\n","protected":false},"featured_media":2167,"template":"","meta":{"inline_featured_image":false},"product_brand":[],"product_cat":[195,198],"product_tag":[],"class_list":{"0":"post-2393","1":"product","2":"type-product","3":"status-publish","4":"has-post-thumbnail","6":"product_cat-conservas","7":"product_cat-conservas-otros","9":"first","10":"instock","11":"shipping-taxable","12":"purchasable","13":"product-type-simple"},"acf":[],"_links":{"self":[{"href":"https:\/\/kalinkamagazin.com\/es\/wp-json\/wp\/v2\/product\/2393","targetHints":{"allow":["GET"]}}],"collection":[{"href":"https:\/\/kalinkamagazin.com\/es\/wp-json\/wp\/v2\/product"}],"about":[{"href":"https:\/\/kalinkamagazin.com\/es\/wp-json\/wp\/v2\/types\/product"}],"wp:featuredmedia":[{"embeddable":true,"href":"https:\/\/kalinkamagazin.com\/es\/wp-json\/wp\/v2\/media\/2167"}],"wp:attachment":[{"href":"https:\/\/kalinkamagazin.com\/es\/wp-json\/wp\/v2\/media?parent=2393"}],"wp:term":[{"taxonomy":"product_brand","embeddable":true,"href":"https:\/\/kalinkamagazin.com\/es\/wp-json\/wp\/v2\/product_brand?post=2393"},{"taxonomy":"product_cat","embeddable":true,"href":"https:\/\/kalinkamagazin.com\/es\/wp-json\/wp\/v2\/product_cat?post=2393"},{"taxonomy":"product_tag","embeddable":true,"href":"https:\/\/kalinkamagazin.com\/es\/wp-json\/wp\/v2\/product_tag?post=2393"}],"curies":[{"name":"wp","href":"https:\/\/api.w.org\/{rel}","templated":true}]}}