{"id":2397,"date":"2026-01-29T16:44:36","date_gmt":"2026-01-29T13:44:36","guid":{"rendered":"https:\/\/kalinkamagazin.com\/product\/125-costillas-de-cerdo-curadas-cocidas-ahumadas-125-es\/"},"modified":"2026-01-29T17:10:48","modified_gmt":"2026-01-29T14:10:48","slug":"125-costillas-de-cerdo-curadas-cocidas-ahumadas-125-es","status":"publish","type":"product","link":"https:\/\/kalinkamagazin.com\/es\/product\/125-costillas-de-cerdo-curadas-cocidas-ahumadas-125-es\/","title":{"rendered":"Costillas de cerdo curadas, cocidas, ahumadas (125)"},"content":{"rendered":"<p>Costillas en salmuera, terminadas de cocinar y ahumadas. Ingredientes: costillas de cerdo, sal, especias, dextrosa, jarabe de glucosa deshidratado, potenciador del sabor: glutamato monos\u00f3dico, estabilizante: difosfato, antioxidante: ascorbato s\u00f3dico, extractos de especias, saborizantes, conservante: nitrito s\u00f3dico, humo. <!--NWT-Text-->Valor nutricional por 100 g: Valor energ\u00e9tico: 881 kJ \/ 212 kcal, Grasas: 16 g, de las cuales saturadas: 6,7 g, Hidratos de carbono: 1,0 g, de los cuales az\u00facares: <0,5 g, Prote\u00ednas: 16 g, Sal: 2,2 g, <!--NWT-Table--><\/p>\n<table>\n<tbody>\n<tr>\n<td colspan=\"2\">Valor nutricional por 100 g:<\/td>\n<\/tr>\n<tr>\n<td>Valor energ\u00e9tico:<\/td>\n<td align = \"right\">881 kJ \/ 212 kcal<\/td>\n<\/tr>\n<tr>\n<td>Grasas:<\/td>\n<td align = \"right\">16 g<\/td>\n<\/tr>\n<tr>\n<td>de las cuales saturadas:<\/td>\n<td align = \"right\">6,7 g<\/td>\n<\/tr>\n<tr>\n<td>Hidratos de carbono:<\/td>\n<td align = \"right\">1,0 g<\/td>\n<\/tr>\n<tr>\n<td>- de los cuales az\u00facares:<\/td>\n<td align = \"right\"><0,5 g<\/td>\n<\/tr>\n<tr>\n<td>Prote\u00ednas:<\/td>\n<td align = \"right\">16 g<\/td>\n<\/tr>\n<tr>\n<td>Sal:<\/td>\n<td align = \"right\">2,2 g<\/td>\n<\/tr>\n<\/tbody>\n<\/table>\n<p> <!--Bezeichnung-->Costillas, saladas en soluci\u00f3n, preparadas y ahumadas.<\/p>\n","protected":false},"excerpt":{"rendered":"<p>Costillas en salmuera, terminadas de cocinar y ahumadas. Ingredientes: costillas de cerdo, sal, especias, dextrosa, jarabe de glucosa deshidratado, potenciador del sabor: glutamato monos\u00f3dico, estabilizante: difosfato, antioxidante: ascorbato s\u00f3dico, extractos de especias, saborizantes, conservante: nitrito s\u00f3dico, humo. Valor nutricional por 100 g: Valor energ\u00e9tico: 881 kJ \/ 212 kcal, Grasas: 16 g, de las cuales [&hellip;]<\/p>\n","protected":false},"featured_media":934,"template":"","meta":{"inline_featured_image":false},"product_brand":[],"product_cat":[222,223],"product_tag":[],"class_list":{"0":"post-2397","1":"product","2":"type-product","3":"status-publish","4":"has-post-thumbnail","6":"product_cat-carne-y-productos-carnicos","7":"product_cat-embutidos-salchichas","9":"first","10":"instock","11":"shipping-taxable","12":"purchasable","13":"product-type-simple"},"acf":[],"_links":{"self":[{"href":"https:\/\/kalinkamagazin.com\/es\/wp-json\/wp\/v2\/product\/2397","targetHints":{"allow":["GET"]}}],"collection":[{"href":"https:\/\/kalinkamagazin.com\/es\/wp-json\/wp\/v2\/product"}],"about":[{"href":"https:\/\/kalinkamagazin.com\/es\/wp-json\/wp\/v2\/types\/product"}],"wp:featuredmedia":[{"embeddable":true,"href":"https:\/\/kalinkamagazin.com\/es\/wp-json\/wp\/v2\/media\/934"}],"wp:attachment":[{"href":"https:\/\/kalinkamagazin.com\/es\/wp-json\/wp\/v2\/media?parent=2397"}],"wp:term":[{"taxonomy":"product_brand","embeddable":true,"href":"https:\/\/kalinkamagazin.com\/es\/wp-json\/wp\/v2\/product_brand?post=2397"},{"taxonomy":"product_cat","embeddable":true,"href":"https:\/\/kalinkamagazin.com\/es\/wp-json\/wp\/v2\/product_cat?post=2397"},{"taxonomy":"product_tag","embeddable":true,"href":"https:\/\/kalinkamagazin.com\/es\/wp-json\/wp\/v2\/product_tag?post=2397"}],"curies":[{"name":"wp","href":"https:\/\/api.w.org\/{rel}","templated":true}]}}