{"id":2399,"date":"2026-01-29T16:36:08","date_gmt":"2026-01-29T13:36:08","guid":{"rendered":"https:\/\/kalinkamagazin.com\/product\/6228-dulce-de-harina-300-g-es\/"},"modified":"2026-01-29T17:01:55","modified_gmt":"2026-01-29T14:01:55","slug":"6228-dulce-de-harina-300-g-es","status":"publish","type":"product","link":"https:\/\/kalinkamagazin.com\/es\/product\/6228-dulce-de-harina-300-g-es\/","title":{"rendered":"Dulce de harina 300 g"},"content":{"rendered":"<p>Producto de confiter\u00eda. Ingredientes: <b>harina de trigo,<\/b>az\u00facar,<\/b>grasas vegetales (karit\u00e9, palma),<\/b>agua, <b>almid\u00f3n de trigo,<\/b>aceite de coco,<\/b>suero de leche,<\/b>huevo en polvo,<\/b>levadura en polvo (E500, E503),<\/b>sal,<\/b>jarabe invertido (az\u00facar, agua,<\/b>regulador de acidez (E330, E500),<\/b>antioxidantes (disulfito de sodio),<\/b>aroma.<\/b> Puede contener: <b>cebada,<\/b>almendras,<\/b>avena,<\/b>mostaza,<\/b>nueces de Brasil,<\/b>nueces,<\/b>cacahuetes,<\/b>centeno,<\/b>cebada,<\/b>soja,<\/b><b>s\u00e9samo.<\/b>Conservar en un lugar fresco y seco. Distribuci\u00f3n: Lackmann Fleisch- und Feinkostfabrik GmbH, Carl Benz Stra\u00dfe 10, 77731 Willst\u00e4tt, Alemania. Consumir preferentemente antes de: en el reverso. <!--NWT-Text-->Valor nutricional por 100 g: Valor energ\u00e9tico: 1809 kJ \/ 429 kcal, Grasas: 12 g, de las cuales saturadas: 6,7 g, Hidratos de carbono: 72 g, de los cuales az\u00facares: 18 g, Prote\u00ednas: 8,8 g, Sal: 1,0 g, <!--NWT-Table--><\/p>\n<table>\n<tbody>\n<tr>\n<td colspan=\"2\">Valor nutricional por 100 g:<\/td>\n<\/tr>\n<tr>\n<td>Valor energ\u00e9tico:<\/td>\n<td align = \"right\">1809 kJ \/ 429 kcal<\/td>\n<\/tr>\n<tr>\n<td>Grasas:<\/td>\n<td align = \"right\">12 g<\/td>\n<\/tr>\n<tr>\n<td>- de los cuales \u00e1cidos grasos saturados:<\/td>\n<td align = \"right\">6,7 g<\/td>\n<\/tr>\n<tr>\n<td>Hidratos de carbono:<\/td>\n<td align = \"right\">72 g<\/td>\n<\/tr>\n<tr>\n<td>- de los cuales az\u00facares:<\/td>\n<td align = \"right\">18 g<\/td>\n<\/tr>\n<tr>\n<td>Prote\u00ednas:<\/td>\n<td align = \"right\">8,8 g<\/td>\n<\/tr>\n<tr>\n<td>Sal:<\/td>\n<td align = \"right\">1,0 g<\/td>\n<\/tr>\n<\/tbody>\n<\/table>\n<p> <!--Bezeichnung-->Producto de confiter\u00eda. .<\/p>\n","protected":false},"excerpt":{"rendered":"<p>Producto de confiter\u00eda. Ingredientes: harina de trigo,az\u00facar,grasas vegetales (karit\u00e9, palma),agua, almid\u00f3n de trigo,aceite de coco,suero de leche,huevo en polvo,levadura en polvo (E500, E503),sal,jarabe invertido (az\u00facar, agua,regulador de acidez (E330, E500),antioxidantes (disulfito de sodio),aroma. Puede contener: cebada,almendras,avena,mostaza,nueces de Brasil,nueces,cacahuetes,centeno,cebada,soja,s\u00e9samo.Conservar en un lugar fresco y seco. Distribuci\u00f3n: Lackmann Fleisch- und Feinkostfabrik GmbH, Carl Benz Stra\u00dfe 10, 77731 [&hellip;]<\/p>\n","protected":false},"featured_media":1630,"template":"","meta":{"inline_featured_image":false},"product_brand":[],"product_cat":[238,245],"product_tag":[],"class_list":{"0":"post-2399","1":"product","2":"type-product","3":"status-publish","4":"has-post-thumbnail","6":"product_cat-dulces-y-reposteria","7":"product_cat-galletas","9":"first","10":"instock","11":"shipping-taxable","12":"purchasable","13":"product-type-simple"},"acf":[],"_links":{"self":[{"href":"https:\/\/kalinkamagazin.com\/es\/wp-json\/wp\/v2\/product\/2399","targetHints":{"allow":["GET"]}}],"collection":[{"href":"https:\/\/kalinkamagazin.com\/es\/wp-json\/wp\/v2\/product"}],"about":[{"href":"https:\/\/kalinkamagazin.com\/es\/wp-json\/wp\/v2\/types\/product"}],"wp:featuredmedia":[{"embeddable":true,"href":"https:\/\/kalinkamagazin.com\/es\/wp-json\/wp\/v2\/media\/1630"}],"wp:attachment":[{"href":"https:\/\/kalinkamagazin.com\/es\/wp-json\/wp\/v2\/media?parent=2399"}],"wp:term":[{"taxonomy":"product_brand","embeddable":true,"href":"https:\/\/kalinkamagazin.com\/es\/wp-json\/wp\/v2\/product_brand?post=2399"},{"taxonomy":"product_cat","embeddable":true,"href":"https:\/\/kalinkamagazin.com\/es\/wp-json\/wp\/v2\/product_cat?post=2399"},{"taxonomy":"product_tag","embeddable":true,"href":"https:\/\/kalinkamagazin.com\/es\/wp-json\/wp\/v2\/product_tag?post=2399"}],"curies":[{"name":"wp","href":"https:\/\/api.w.org\/{rel}","templated":true}]}}