{"id":2400,"date":"2025-10-20T04:05:25","date_gmt":"2025-10-20T01:05:25","guid":{"rendered":"https:\/\/kalinkamagazin.com\/product\/6066-dulce-de-harina-es\/"},"modified":"2025-10-20T04:05:25","modified_gmt":"2025-10-20T01:05:25","slug":"6066-dulce-de-harina-es","status":"publish","type":"product","link":"https:\/\/kalinkamagazin.com\/es\/product\/6066-dulce-de-harina-es\/","title":{"rendered":"Dulce de harina"},"content":{"rendered":"<p>Pan de jengibre cl\u00e1sico \"Infancia\" de Lakmansky. Ingredientes: harina de trigo, az\u00facar, jarabe de az\u00facar invertido (az\u00facar, agua, correctores de acidez: E330, E500), jarabe de glucosa y fructosa, aceite de colza, dextrosa, levadura qu\u00edmica (E500, E503), especias, jarabe de caramelo (az\u00facar, agua). Este producto puede contener trazas de: avena, centeno, cebada, huevos, mostaza, leche, cacahuetes, avellanas, anacardos, nueces, soja, s\u00e9samo. Conservar en un lugar fresco y seco. Consumir preferentemente antes del: ver la etiqueta del envase, en la parte frontal. Distribuci\u00f3n: Lackmann Fleisch- und Feinkostfabrik GmbH, Carl Benz Stra\u00dfe 10, 77731 Willst\u00e4tt, Alemania. <!--NWT-Text-->Valor nutricional por 100 g: Valor energ\u00e9tico: 1514 kJ \/ 357 kcal, Grasas: 3,3 g, de las cuales saturadas: 0,4 g, Hidratos de carbono: 77 g, de los cuales az\u00facares: 41 g, Prote\u00ednas: 5,4 g, Sal: 0,40 g, <!--NWT-Table--><\/p>\n<table>\n<tbody>\n<tr>\n<td colspan=\"2\">Valor nutricional por 100 g:<\/td>\n<\/tr>\n<tr>\n<td>Valor energ\u00e9tico:<\/td>\n<td align = \"right\">1514 kJ\/357 kcal<\/td>\n<\/tr>\n<tr>\n<td>Grasas:<\/td>\n<td align = \"right\">3,3 g<\/td>\n<\/tr>\n<tr>\n<td>de las cuales saturadas:<\/td>\n<td align = \"right\">0,4 g<\/td>\n<\/tr>\n<tr>\n<td>Hidratos de carbono:<\/td>\n<td align = \"right\">77 g<\/td>\n<\/tr>\n<tr>\n<td>- de los cuales az\u00facares:<\/td>\n<td align = \"right\">41 g<\/td>\n<\/tr>\n<tr>\n<td>Prote\u00ednas:<\/td>\n<td align = \"right\">5,4 g<\/td>\n<\/tr>\n<tr>\n<td>Sal:<\/td>\n<td align = \"right\">0,40 g<\/td>\n<\/tr>\n<\/tbody>\n<\/table>\n<p> <!--Bezeichnung-->Pan de jengibre cl\u00e1sico \"Infancia\" de Lackmansky.<\/p>\n","protected":false},"excerpt":{"rendered":"<p>Pan de jengibre cl\u00e1sico \"Infancia\" de Lakmansky. Ingredientes: harina de trigo, az\u00facar, jarabe de az\u00facar invertido (az\u00facar, agua, correctores de acidez: E330, E500), jarabe de glucosa y fructosa, aceite de colza, dextrosa, levadura qu\u00edmica (E500, E503), especias, jarabe de caramelo (az\u00facar, agua). Este producto puede contener trazas de: avena, centeno, cebada, huevos, mostaza, leche, cacahuetes, [&hellip;]<\/p>\n","protected":false},"featured_media":1639,"template":"","meta":{"inline_featured_image":false},"product_brand":[],"product_cat":[238,246],"product_tag":[],"class_list":{"0":"post-2400","1":"product","2":"type-product","3":"status-publish","4":"has-post-thumbnail","6":"product_cat-dulces-y-reposteria","7":"product_cat-pan-de-jengibre-galletas-de-especias","9":"first","10":"instock","11":"shipping-taxable","12":"purchasable","13":"product-type-simple"},"acf":[],"_links":{"self":[{"href":"https:\/\/kalinkamagazin.com\/es\/wp-json\/wp\/v2\/product\/2400","targetHints":{"allow":["GET"]}}],"collection":[{"href":"https:\/\/kalinkamagazin.com\/es\/wp-json\/wp\/v2\/product"}],"about":[{"href":"https:\/\/kalinkamagazin.com\/es\/wp-json\/wp\/v2\/types\/product"}],"wp:featuredmedia":[{"embeddable":true,"href":"https:\/\/kalinkamagazin.com\/es\/wp-json\/wp\/v2\/media\/1639"}],"wp:attachment":[{"href":"https:\/\/kalinkamagazin.com\/es\/wp-json\/wp\/v2\/media?parent=2400"}],"wp:term":[{"taxonomy":"product_brand","embeddable":true,"href":"https:\/\/kalinkamagazin.com\/es\/wp-json\/wp\/v2\/product_brand?post=2400"},{"taxonomy":"product_cat","embeddable":true,"href":"https:\/\/kalinkamagazin.com\/es\/wp-json\/wp\/v2\/product_cat?post=2400"},{"taxonomy":"product_tag","embeddable":true,"href":"https:\/\/kalinkamagazin.com\/es\/wp-json\/wp\/v2\/product_tag?post=2400"}],"curies":[{"name":"wp","href":"https:\/\/api.w.org\/{rel}","templated":true}]}}