{"id":2406,"date":"2026-01-29T16:45:35","date_gmt":"2026-01-29T13:45:35","guid":{"rendered":"https:\/\/kalinkamagazin.com\/product\/3743-hgado-de-bacalao-en-su-jugo-y-aceite-121-g-es\/"},"modified":"2026-05-01T14:00:50","modified_gmt":"2026-05-01T11:00:50","slug":"3743-hgado-de-bacalao-en-su-jugo-y-aceite-121-g-es","status":"publish","type":"product","link":"https:\/\/kalinkamagazin.com\/es\/product\/3743-hgado-de-bacalao-en-su-jugo-y-aceite-121-g-es\/","title":{"rendered":"H\u00edgado de bacalao en su jugo y aceite. 121 g"},"content":{"rendered":"<p>H\u00edgado de bacalao en su jugo y aceite. Zona de pesca: <b>Bacalao<\/b> (Gadus Morhua): Atl\u00e1ntico Nororiental, Plataforma Islandesa. M\u00e9todo de captura: anzuelos y palangres de fondo, o redes de cerco, o redes de enmalle y similares. Ingredientes: <b>H\u00edgado de bacalao<\/b> 99 %*, sal de mesa. *Proporci\u00f3n de h\u00edgado de bacalao en el momento del procesamiento. Puede producirse una disminuci\u00f3n de peso al calentarlo. La vida \u00fatil m\u00ednima en envase sin abrir es de hasta: ver la segunda l\u00ednea del impreso. Refrigerar despu\u00e9s de abrir. Consumir en un plazo de 3 d\u00edas tras la apertura. Ventas: Lackmann Fleisch- und Feinkostfabrik GmbH, Carl Benz Stra\u00dfe 10, 77731 Willst\u00e4tt, Alemania. <!--NWT-Text-->Valor nutricional por 100 g: Valor energ\u00e9tico: 1611 kJ \/ 386 kcal, Grasas: 39 g, de las cuales saturadas: 8,0 g, Hidratos de carbono: <0,5 g, de los cuales az\u00facares: <0,5 g, Prote\u00ednas: 8,5 g, Sal: 1,0 g, <!--NWT-Table--><\/p>\n<table>\n<tbody>\n<tr>\n<td colspan=\"2\">Valor nutricional por 100 g:<\/td>\n<\/tr>\n<tr>\n<td>Valor energ\u00e9tico:<\/td>\n<td align = \"right\">1611 kJ\/386 kcal<\/td>\n<\/tr>\n<tr>\n<td>Grasas:<\/td>\n<td align = \"right\">39 g<\/td>\n<\/tr>\n<tr>\n<td>de las cuales saturadas:<\/td>\n<td align = \"right\">8,0 g<\/td>\n<\/tr>\n<tr>\n<td>Hidratos de carbono:<\/td>\n<td align = \"right\"><0,5 g<\/td>\n<\/tr>\n<tr>\n<td>- de los cuales az\u00facares:<\/td>\n<td align = \"right\"><0,5 g<\/td>\n<\/tr>\n<tr>\n<td>Prote\u00ednas:<\/td>\n<td align = \"right\">8,5 g<\/td>\n<\/tr>\n<tr>\n<td>Sal:<\/td>\n<td align = \"right\">1,0 g<\/td>\n<\/tr>\n<\/tbody>\n<\/table>\n<p> <!--Bezeichnung-->h\u00edgado de bacalao en su propio jugo y aceite.<\/p>\n","protected":false},"excerpt":{"rendered":"<p>H\u00edgado de bacalao en su jugo y aceite. Zona de pesca: Bacalao (Gadus Morhua): Atl\u00e1ntico Nororiental, Plataforma Islandesa. M\u00e9todo de captura: anzuelos y palangres de fondo, o redes de cerco, o redes de enmalle y similares. Ingredientes: H\u00edgado de bacalao 99 %*, sal de mesa. *Proporci\u00f3n de h\u00edgado de bacalao en el momento del procesamiento. [&hellip;]<\/p>\n","protected":false},"featured_media":859,"template":"","meta":{"inline_featured_image":false},"product_brand":[],"product_cat":[234,232],"product_tag":[],"class_list":{"0":"post-2406","1":"product","2":"type-product","3":"status-publish","4":"has-post-thumbnail","6":"product_cat-conservas-de-pescado","7":"product_cat-pescado-y-productos-de-pescado","9":"first","10":"instock","11":"shipping-taxable","12":"purchasable","13":"product-type-simple"},"acf":[],"_links":{"self":[{"href":"https:\/\/kalinkamagazin.com\/es\/wp-json\/wp\/v2\/product\/2406","targetHints":{"allow":["GET"]}}],"collection":[{"href":"https:\/\/kalinkamagazin.com\/es\/wp-json\/wp\/v2\/product"}],"about":[{"href":"https:\/\/kalinkamagazin.com\/es\/wp-json\/wp\/v2\/types\/product"}],"wp:featuredmedia":[{"embeddable":true,"href":"https:\/\/kalinkamagazin.com\/es\/wp-json\/wp\/v2\/media\/859"}],"wp:attachment":[{"href":"https:\/\/kalinkamagazin.com\/es\/wp-json\/wp\/v2\/media?parent=2406"}],"wp:term":[{"taxonomy":"product_brand","embeddable":true,"href":"https:\/\/kalinkamagazin.com\/es\/wp-json\/wp\/v2\/product_brand?post=2406"},{"taxonomy":"product_cat","embeddable":true,"href":"https:\/\/kalinkamagazin.com\/es\/wp-json\/wp\/v2\/product_cat?post=2406"},{"taxonomy":"product_tag","embeddable":true,"href":"https:\/\/kalinkamagazin.com\/es\/wp-json\/wp\/v2\/product_tag?post=2406"}],"curies":[{"name":"wp","href":"https:\/\/api.w.org\/{rel}","templated":true}]}}