{"id":2408,"date":"2026-01-29T16:34:21","date_gmt":"2026-01-29T13:34:21","guid":{"rendered":"https:\/\/kalinkamagazin.com\/product\/3245-pan-de-centeno-cortado-ultracongelado3245-es\/"},"modified":"2026-01-29T17:00:04","modified_gmt":"2026-01-29T14:00:04","slug":"3245-pan-de-centeno-cortado-ultracongelado3245-es","status":"publish","type":"product","link":"https:\/\/kalinkamagazin.com\/es\/product\/3245-pan-de-centeno-cortado-ultracongelado3245-es\/","title":{"rendered":"Pan de centeno cortado, ultracongelado.(3245)"},"content":{"rendered":"<p>Pan de centeno \"Borodinsky\" rebanado, congelado. Pa\u00eds de origen: Estonia. Ingredientes: harina de centeno 41,8%, agua, harina de trigo 10%, az\u00facar, harina de malta de centeno, levadura, cilantro, sal, antioxidantes: \u00e1cido asc\u00f3rbico. Este producto puede contener trazas de huevo. Conservaci\u00f3n a \u2264 -18 \u00b0C hasta: ver en la costura. N\u00famero de lote: ver en la costura. No volver a congelar el producto descongelado. Tras la descongelaci\u00f3n, conservar a una temperatura m\u00e1xima de +25 \u00b0C durante 7 d\u00edas. A temperatura ambiente, el tiempo de descongelaci\u00f3n es de aproximadamente 3 horas. Valor nutricional por 100 g: fibra diet\u00e9tica 6,8 g. Ventas: Lackmann Fleisch- und Feinkostfabrik GmbH, Carl-Benz-Stra\u00dfe 10, 77731 Willst\u00e4tt, Alemania. <!--NWT-Text-->Valor nutricional por 100 g: Valor energ\u00e9tico: 1036 kJ \/ 245 kcal, Grasas: 1,4 g, de las cuales \u00e1cidos grasos saturados: <0,1 g, Hidratos de carbono: 49 g, de los cuales az\u00facares: 7,3 g, Prote\u00ednas: 5,7 g, Sal: 1,1 g, <!--NWT-Table--><\/p>\n<table>\n<tbody>\n<tr>\n<td colspan=\"2\">Valor nutricional por 100 g:<\/td>\n<\/tr>\n<tr>\n<td>Valor energ\u00e9tico:<\/td>\n<td align = \"right\">1036 kJ\/245 kcal<\/td>\n<\/tr>\n<tr>\n<td>Grasas:<\/td>\n<td align = \"right\">1,4 g<\/td>\n<\/tr>\n<tr>\n<td>de las cuales \u00e1cidos grasos saturados:<\/td>\n<td align = \"right\"><0.1g<\/td>\n<\/tr>\n<tr>\n<td>Hidratos de carbono:<\/td>\n<td align = \"right\">49g<\/td>\n<\/tr>\n<tr>\n<td>- de los cuales az\u00facares:<\/td>\n<td align = \"right\">7.3g<\/td>\n<\/tr>\n<tr>\n<td>Prote\u00ednas:<\/td>\n<td align = \"right\">5.7g<\/td>\n<\/tr>\n<tr>\n<td>Sal:<\/td>\n<td align = \"right\">1.1g<\/td>\n<\/tr>\n<\/tbody>\n<\/table>\n<p> <!--Bezeichnung-->Pan de centeno \"Borodinsky\" rebanado, congelado. .<\/p>\n","protected":false},"excerpt":{"rendered":"<p>Pan de centeno \"Borodinsky\" rebanado, congelado. Pa\u00eds de origen: Estonia. Ingredientes: harina de centeno 41,8%, agua, harina de trigo 10%, az\u00facar, harina de malta de centeno, levadura, cilantro, sal, antioxidantes: \u00e1cido asc\u00f3rbico. Este producto puede contener trazas de huevo. Conservaci\u00f3n a \u2264 -18 \u00b0C hasta: ver en la costura. N\u00famero de lote: ver en la [&hellip;]<\/p>\n","protected":false},"featured_media":1801,"template":"","meta":{"inline_featured_image":false},"product_brand":[],"product_cat":[192,187],"product_tag":[],"class_list":{"0":"post-2408","1":"product","2":"type-product","3":"status-publish","4":"has-post-thumbnail","6":"product_cat-pan","7":"product_cat-productos-congelados-y-pan","9":"first","10":"instock","11":"shipping-taxable","12":"purchasable","13":"product-type-simple"},"acf":[],"_links":{"self":[{"href":"https:\/\/kalinkamagazin.com\/es\/wp-json\/wp\/v2\/product\/2408","targetHints":{"allow":["GET"]}}],"collection":[{"href":"https:\/\/kalinkamagazin.com\/es\/wp-json\/wp\/v2\/product"}],"about":[{"href":"https:\/\/kalinkamagazin.com\/es\/wp-json\/wp\/v2\/types\/product"}],"wp:featuredmedia":[{"embeddable":true,"href":"https:\/\/kalinkamagazin.com\/es\/wp-json\/wp\/v2\/media\/1801"}],"wp:attachment":[{"href":"https:\/\/kalinkamagazin.com\/es\/wp-json\/wp\/v2\/media?parent=2408"}],"wp:term":[{"taxonomy":"product_brand","embeddable":true,"href":"https:\/\/kalinkamagazin.com\/es\/wp-json\/wp\/v2\/product_brand?post=2408"},{"taxonomy":"product_cat","embeddable":true,"href":"https:\/\/kalinkamagazin.com\/es\/wp-json\/wp\/v2\/product_cat?post=2408"},{"taxonomy":"product_tag","embeddable":true,"href":"https:\/\/kalinkamagazin.com\/es\/wp-json\/wp\/v2\/product_tag?post=2408"}],"curies":[{"name":"wp","href":"https:\/\/api.w.org\/{rel}","templated":true}]}}