{"id":2409,"date":"2026-01-29T16:34:09","date_gmt":"2026-01-29T13:34:09","guid":{"rendered":"https:\/\/kalinkamagazin.com\/product\/3297-pan-de-centeno-cortado-ultracongelado-es\/"},"modified":"2026-01-29T16:59:52","modified_gmt":"2026-01-29T13:59:52","slug":"3297-pan-de-centeno-cortado-ultracongelado-es","status":"publish","type":"product","link":"https:\/\/kalinkamagazin.com\/es\/product\/3297-pan-de-centeno-cortado-ultracongelado-es\/","title":{"rendered":"Pan de centeno cortado, ultracongelado."},"content":{"rendered":"<p>Pan de centeno \"Rizhsky\", rebanado, congelado. Pa\u00eds de origen: Estonia. Ingredientes: harina de centeno 35%, agua, harina de trigo 16%, az\u00facar, extracto de malta de cebada, harina de malta de centeno, sal, levadura, espesante: goma guar, conservante: \u00e1cido s\u00f3rbico, antioxidante: \u00e1cido asc\u00f3rbico. Este producto puede contener trazas de huevo. Caducidad a \u2264 -18 \u00b0C: ver en la etiqueta. N\u00famero de lote: ver en la etiqueta. No volver a congelar el producto descongelado. Tras la descongelaci\u00f3n, conservar a una temperatura m\u00e1xima de +25 \u00b0C durante 9 d\u00edas. A temperatura ambiente, el tiempo de descongelaci\u00f3n es de aproximadamente 3 horas. Valor nutricional por 100 g: fibra diet\u00e9tica 6,2 g. Ventas: Lackmann Fleisch- und Feinkostfabrik GmbH, Carl-Benz-Stra\u00dfe 10, 77731 Willst\u00e4tt, Alemania. <!--NWT-Text-->Valor nutricional por 100 g: Valor energ\u00e9tico: 1039 kJ \/ 246 kcal, Grasas: 1,1 g, de las cuales saturadas: 0,2 g, Hidratos de carbono: 50 g, de los cuales az\u00facares: 7,3 g, Prote\u00ednas: 5,8 g, Sal: 0,90 g, <!--NWT-Table--><\/p>\n<table>\n<tbody>\n<tr>\n<td colspan=\"2\">Valor nutricional por 100 g:<\/td>\n<\/tr>\n<tr>\n<td>Valor energ\u00e9tico:<\/td>\n<td align = \"right\">1039 kJ\/246 kcal<\/td>\n<\/tr>\n<tr>\n<td>Grasas:<\/td>\n<td align = \"right\">1,1 g<\/td>\n<\/tr>\n<tr>\n<td>de las cuales saturadas:<\/td>\n<td align = \"right\">0,2 g<\/td>\n<\/tr>\n<tr>\n<td>Hidratos de carbono:<\/td>\n<td align = \"right\">50 g<\/td>\n<\/tr>\n<tr>\n<td>- de los cuales az\u00facares:<\/td>\n<td align = \"right\">7,3 g<\/td>\n<\/tr>\n<tr>\n<td>Prote\u00ednas:<\/td>\n<td align = \"right\">5,8 g<\/td>\n<\/tr>\n<tr>\n<td>Sal:<\/td>\n<td align = \"right\">0,90 g<\/td>\n<\/tr>\n<\/tbody>\n<\/table>\n<p> <!--Bezeichnung-->Pan de centeno \"Rizhsky\", rebanado, congelado..<\/p>\n","protected":false},"excerpt":{"rendered":"<p>Pan de centeno \"Rizhsky\", rebanado, congelado. Pa\u00eds de origen: Estonia. Ingredientes: harina de centeno 35%, agua, harina de trigo 16%, az\u00facar, extracto de malta de cebada, harina de malta de centeno, sal, levadura, espesante: goma guar, conservante: \u00e1cido s\u00f3rbico, antioxidante: \u00e1cido asc\u00f3rbico. Este producto puede contener trazas de huevo. Caducidad a \u2264 -18 \u00b0C: ver [&hellip;]<\/p>\n","protected":false},"featured_media":1810,"template":"","meta":{"inline_featured_image":false},"product_brand":[],"product_cat":[192,187],"product_tag":[],"class_list":{"0":"post-2409","1":"product","2":"type-product","3":"status-publish","4":"has-post-thumbnail","6":"product_cat-pan","7":"product_cat-productos-congelados-y-pan","9":"first","10":"instock","11":"shipping-taxable","12":"purchasable","13":"product-type-simple"},"acf":[],"_links":{"self":[{"href":"https:\/\/kalinkamagazin.com\/es\/wp-json\/wp\/v2\/product\/2409","targetHints":{"allow":["GET"]}}],"collection":[{"href":"https:\/\/kalinkamagazin.com\/es\/wp-json\/wp\/v2\/product"}],"about":[{"href":"https:\/\/kalinkamagazin.com\/es\/wp-json\/wp\/v2\/types\/product"}],"wp:featuredmedia":[{"embeddable":true,"href":"https:\/\/kalinkamagazin.com\/es\/wp-json\/wp\/v2\/media\/1810"}],"wp:attachment":[{"href":"https:\/\/kalinkamagazin.com\/es\/wp-json\/wp\/v2\/media?parent=2409"}],"wp:term":[{"taxonomy":"product_brand","embeddable":true,"href":"https:\/\/kalinkamagazin.com\/es\/wp-json\/wp\/v2\/product_brand?post=2409"},{"taxonomy":"product_cat","embeddable":true,"href":"https:\/\/kalinkamagazin.com\/es\/wp-json\/wp\/v2\/product_cat?post=2409"},{"taxonomy":"product_tag","embeddable":true,"href":"https:\/\/kalinkamagazin.com\/es\/wp-json\/wp\/v2\/product_tag?post=2409"}],"curies":[{"name":"wp","href":"https:\/\/api.w.org\/{rel}","templated":true}]}}