{"id":2410,"date":"2026-01-29T16:34:24","date_gmt":"2026-01-29T13:34:24","guid":{"rendered":"https:\/\/kalinkamagazin.com\/product\/3232-remolacha-pelado-hervido-3232-es\/"},"modified":"2026-01-29T17:00:07","modified_gmt":"2026-01-29T14:00:07","slug":"3232-remolacha-pelado-hervido-3232-es","status":"publish","type":"product","link":"https:\/\/kalinkamagazin.com\/es\/product\/3232-remolacha-pelado-hervido-3232-es\/","title":{"rendered":"Remolacha, pelado, hervido. (3232)"},"content":{"rendered":"<p>Remolacha pelada y hervida. Ingredientes: remolacha. Producto pasteurizado. Apto para consumo inmediato. Conservar en un lugar fresco y seco. Una vez abierto, refrigerar y consumir en un plazo de 1 d\u00eda. La vida \u00fatil m\u00ednima en el envase sin abrir es de: ver la impresi\u00f3n del envase, ver la costura. Distribuci\u00f3n: Lackmann Fleisch- und Feinkostfabrik GmbH, Carl Benz Stra\u00dfe 10, 77731 Willst\u00e4tt, Alemania. <!--NWT-Text-->Valor nutricional por 100 g: Valor energ\u00e9tico: 238 kJ \/ 57 kcal, Grasas: 0 g, de las cuales \u00e1cidos grasos saturados: 0 g, Hidratos de carbono: 7,9 g, de los cuales az\u00facares: 6,5 g, Prote\u00ednas: 1,7 g, Sal: 0,06 g, <!--NWT-Table--><\/p>\n<table>\n<tbody>\n<tr>\n<td colspan=\"2\">Valor nutricional por 100 g:<\/td>\n<\/tr>\n<tr>\n<td>Valor energ\u00e9tico:<\/td>\n<td align = \"right\">238 kJ\/57 kcal<\/td>\n<\/tr>\n<tr>\n<td>Grasas:<\/td>\n<td align = \"right\">0 g<\/td>\n<\/tr>\n<tr>\n<td>de los cuales \u00e1cidos grasos saturados:<\/td>\n<td align = \"right\">0g<\/td>\n<\/tr>\n<tr>\n<td>Hidratos de carbono:<\/td>\n<td align = \"right\">7,9g<\/td>\n<\/tr>\n<tr>\n<td>- de los cuales az\u00facares:<\/td>\n<td align = \"right\">6,5g<\/td>\n<\/tr>\n<tr>\n<td>Prote\u00ednas:<\/td>\n<td align = \"right\">1,7g<\/td>\n<\/tr>\n<tr>\n<td>Sal:<\/td>\n<td align = \"right\">0,06g<\/td>\n<\/tr>\n<\/tbody>\n<\/table>\n<p> <!--Bezeichnung-->Remolacha pelada y hervida.<\/p>\n","protected":false},"excerpt":{"rendered":"<p>Remolacha pelada y hervida. Ingredientes: remolacha. Producto pasteurizado. Apto para consumo inmediato. Conservar en un lugar fresco y seco. Una vez abierto, refrigerar y consumir en un plazo de 1 d\u00eda. La vida \u00fatil m\u00ednima en el envase sin abrir es de: ver la impresi\u00f3n del envase, ver la costura. Distribuci\u00f3n: Lackmann Fleisch- und Feinkostfabrik [&hellip;]<\/p>\n","protected":false},"featured_media":1795,"template":"","meta":{"inline_featured_image":false},"product_brand":[],"product_cat":[195,198],"product_tag":[],"class_list":{"0":"post-2410","1":"product","2":"type-product","3":"status-publish","4":"has-post-thumbnail","6":"product_cat-conservas","7":"product_cat-conservas-otros","9":"first","10":"instock","11":"shipping-taxable","12":"purchasable","13":"product-type-simple"},"acf":[],"_links":{"self":[{"href":"https:\/\/kalinkamagazin.com\/es\/wp-json\/wp\/v2\/product\/2410","targetHints":{"allow":["GET"]}}],"collection":[{"href":"https:\/\/kalinkamagazin.com\/es\/wp-json\/wp\/v2\/product"}],"about":[{"href":"https:\/\/kalinkamagazin.com\/es\/wp-json\/wp\/v2\/types\/product"}],"wp:featuredmedia":[{"embeddable":true,"href":"https:\/\/kalinkamagazin.com\/es\/wp-json\/wp\/v2\/media\/1795"}],"wp:attachment":[{"href":"https:\/\/kalinkamagazin.com\/es\/wp-json\/wp\/v2\/media?parent=2410"}],"wp:term":[{"taxonomy":"product_brand","embeddable":true,"href":"https:\/\/kalinkamagazin.com\/es\/wp-json\/wp\/v2\/product_brand?post=2410"},{"taxonomy":"product_cat","embeddable":true,"href":"https:\/\/kalinkamagazin.com\/es\/wp-json\/wp\/v2\/product_cat?post=2410"},{"taxonomy":"product_tag","embeddable":true,"href":"https:\/\/kalinkamagazin.com\/es\/wp-json\/wp\/v2\/product_tag?post=2410"}],"curies":[{"name":"wp","href":"https:\/\/api.w.org\/{rel}","templated":true}]}}