{"id":2412,"date":"2026-01-29T16:35:32","date_gmt":"2026-01-29T13:35:32","guid":{"rendered":"https:\/\/kalinkamagazin.com\/product\/6080-rosquillas-con-sabor-a-vainilla-200-g-es\/"},"modified":"2026-01-29T17:01:18","modified_gmt":"2026-01-29T14:01:18","slug":"6080-rosquillas-con-sabor-a-vainilla-200-g-es","status":"publish","type":"product","link":"https:\/\/kalinkamagazin.com\/es\/product\/6080-rosquillas-con-sabor-a-vainilla-200-g-es\/","title":{"rendered":"Rosquillas con sabor a vainilla. 200 g"},"content":{"rendered":"<p>Pretzels con sabor a vainilla. Ingredientes: <b>harina de trigo<\/b>, agua potable, az\u00facar, margarina (grasas y aceites vegetales [palma, colza]), agua potable, sal yodada (sal de mesa, yoduro de potasio), emulgentes (lecitina de colza, E471), antioxidantes (E330), conservante (E211), colorante (E160a), aroma), aceite de girasol, sal yodada (sal de mesa, yoduro de potasio), aroma, levadura, emulgente (E491), antioxidantes (E300). Conservar en un lugar fresco y seco. Consumir preferentemente antes de: en la parte posterior, arriba a la izquierda. Ventas: Lackmann Fleisch- und Feinkostfabrik GmbH, Carl Benz Stra\u00dfe 10, 77731 Willst\u00e4tt, Alemania. <!--NWT-Text-->Valor nutricional por 100 g: Valor energ\u00e9tico: 1576 kJ \/ 372 kcal, Grasas: 2,7 g, de las cuales \u00e1cidos grasos saturados: 1,1 g, Hidratos de carbono: 77 g, de los cuales az\u00facares: 16 g, Prote\u00ednas: 10 g, Sal: 1,0 g, <!--NWT-Table--><\/p>\n<table>\n<tbody>\n<tr>\n<td colspan=\"2\">Valor nutricional por 100 g:<\/td>\n<\/tr>\n<tr>\n<td>Valor energ\u00e9tico:<\/td>\n<td align = \"right\">1576 kJ\/372 kcal<\/td>\n<\/tr>\n<tr>\n<td>Grasas:<\/td>\n<td align = \"right\">2,7 g<\/td>\n<\/tr>\n<tr>\n<td>de los cuales \u00e1cidos grasos saturados:<\/td>\n<td align = \"right\">1.1g<\/td>\n<\/tr>\n<tr>\n<td>Carbohidratos:<\/td>\n<td align = \"right\">77g<\/td>\n<\/tr>\n<tr>\n<td>- de los cuales az\u00facares:<\/td>\n<td align = \"right\">16g<\/td>\n<\/tr>\n<tr>\n<td>Prote\u00ednas:<\/td>\n<td align = \"right\">10g<\/td>\n<\/tr>\n<tr>\n<td>Sal:<\/td>\n<td align = \"right\">1.0g<\/td>\n<\/tr>\n<\/tbody>\n<\/table>\n<p> <!--Bezeichnung-->Galletas de pretzel con sabor a vainilla.<\/p>\n","protected":false},"excerpt":{"rendered":"<p>Pretzels con sabor a vainilla. Ingredientes: harina de trigo, agua potable, az\u00facar, margarina (grasas y aceites vegetales [palma, colza]), agua potable, sal yodada (sal de mesa, yoduro de potasio), emulgentes (lecitina de colza, E471), antioxidantes (E330), conservante (E211), colorante (E160a), aroma), aceite de girasol, sal yodada (sal de mesa, yoduro de potasio), aroma, levadura, emulgente [&hellip;]<\/p>\n","protected":false},"featured_media":1705,"template":"","meta":{"inline_featured_image":false},"product_brand":[],"product_cat":[207],"product_tag":[],"class_list":{"0":"post-2412","1":"product","2":"type-product","3":"status-publish","4":"has-post-thumbnail","6":"product_cat-granos-cereales-y-snacks","8":"first","9":"instock","10":"shipping-taxable","11":"purchasable","12":"product-type-simple"},"acf":[],"_links":{"self":[{"href":"https:\/\/kalinkamagazin.com\/es\/wp-json\/wp\/v2\/product\/2412","targetHints":{"allow":["GET"]}}],"collection":[{"href":"https:\/\/kalinkamagazin.com\/es\/wp-json\/wp\/v2\/product"}],"about":[{"href":"https:\/\/kalinkamagazin.com\/es\/wp-json\/wp\/v2\/types\/product"}],"wp:featuredmedia":[{"embeddable":true,"href":"https:\/\/kalinkamagazin.com\/es\/wp-json\/wp\/v2\/media\/1705"}],"wp:attachment":[{"href":"https:\/\/kalinkamagazin.com\/es\/wp-json\/wp\/v2\/media?parent=2412"}],"wp:term":[{"taxonomy":"product_brand","embeddable":true,"href":"https:\/\/kalinkamagazin.com\/es\/wp-json\/wp\/v2\/product_brand?post=2412"},{"taxonomy":"product_cat","embeddable":true,"href":"https:\/\/kalinkamagazin.com\/es\/wp-json\/wp\/v2\/product_cat?post=2412"},{"taxonomy":"product_tag","embeddable":true,"href":"https:\/\/kalinkamagazin.com\/es\/wp-json\/wp\/v2\/product_tag?post=2412"}],"curies":[{"name":"wp","href":"https:\/\/api.w.org\/{rel}","templated":true}]}}