{"id":2413,"date":"2026-01-29T16:35:14","date_gmt":"2026-01-29T13:35:14","guid":{"rendered":"https:\/\/kalinkamagazin.com\/product\/6233-rosquillas-con-sabor-a-vainilla-es\/"},"modified":"2026-01-29T17:00:59","modified_gmt":"2026-01-29T14:00:59","slug":"6233-rosquillas-con-sabor-a-vainilla-es","status":"publish","type":"product","link":"https:\/\/kalinkamagazin.com\/es\/product\/6233-rosquillas-con-sabor-a-vainilla-es\/","title":{"rendered":"Rosquillas con sabor a vainilla."},"content":{"rendered":"<p>Bollos de vainilla. Ingredientes: harina de trigo, az\u00facar, aceite de colza, levadura, sal, harina de centeno, enzima (contiene trigo y soja), aroma, antioxidantes (\u00e1cido asc\u00f3rbico), conservante (\u00e1cido s\u00f3rbico). Este producto puede contener trazas de: huevos, cacahuetes, leche y s\u00e9samo. Conservar en un lugar fresco y seco. Consumir preferentemente antes de: ver la etiqueta en la parte posterior. Ventas: Lackmann Fleisch- und Feinkostfabrik GmbH, Carl Benz Stra\u00dfe 10, 77731 Willst\u00e4tt, Alemania. Valor nutricional por 100 g: fibra diet\u00e9tica 3,7 g. <!--NWT-Text-->Valor nutricional por 100 g: Valor energ\u00e9tico: 1543 kJ \/ 366 kcal, Grasas: 7,3 g, de las cuales \u00e1cidos grasos saturados: <0,1 g, Hidratos de carbono: 64 g, de los cuales az\u00facares: 12 g, Prote\u00ednas: 8,9 g, Sal: 0,77 g, <!--NWT-Table--><\/p>\n<table>\n<tbody>\n<tr>\n<td colspan=\"2\">Valor nutricional por 100 g:<\/td>\n<\/tr>\n<tr>\n<td>Valor energ\u00e9tico:<\/td>\n<td align = \"right\">1543 kJ\/366 kcal<\/td>\n<\/tr>\n<tr>\n<td>Grasas:<\/td>\n<td align = \"right\">7,3 g<\/td>\n<\/tr>\n<tr>\n<td>de las cuales \u00e1cidos grasos saturados:<\/td>\n<td align = \"right\"><0.1g<\/td>\n<\/tr>\n<tr>\n<td>Carbohidratos:<\/td>\n<td align = \"right\">64g<\/td>\n<\/tr>\n<tr>\n<td>- de los cuales az\u00facares:<\/td>\n<td align = \"right\">12g<\/td>\n<\/tr>\n<tr>\n<td>Prote\u00ednas:<\/td>\n<td align = \"right\">8.9g<\/td>\n<\/tr>\n<tr>\n<td>Sal:<\/td>\n<td align = \"right\">0.77g<\/td>\n<\/tr>\n<\/tbody>\n<\/table>\n<p> <!--Bezeichnung-->Bagels de vainilla..<\/p>\n","protected":false},"excerpt":{"rendered":"<p>Bollos de vainilla. Ingredientes: harina de trigo, az\u00facar, aceite de colza, levadura, sal, harina de centeno, enzima (contiene trigo y soja), aroma, antioxidantes (\u00e1cido asc\u00f3rbico), conservante (\u00e1cido s\u00f3rbico). Este producto puede contener trazas de: huevos, cacahuetes, leche y s\u00e9samo. Conservar en un lugar fresco y seco. Consumir preferentemente antes de: ver la etiqueta en la [&hellip;]<\/p>\n","protected":false},"featured_media":1726,"template":"","meta":{"inline_featured_image":false},"product_brand":[],"product_cat":[207],"product_tag":[],"class_list":{"0":"post-2413","1":"product","2":"type-product","3":"status-publish","4":"has-post-thumbnail","6":"product_cat-granos-cereales-y-snacks","8":"first","9":"instock","10":"shipping-taxable","11":"purchasable","12":"product-type-simple"},"acf":[],"_links":{"self":[{"href":"https:\/\/kalinkamagazin.com\/es\/wp-json\/wp\/v2\/product\/2413","targetHints":{"allow":["GET"]}}],"collection":[{"href":"https:\/\/kalinkamagazin.com\/es\/wp-json\/wp\/v2\/product"}],"about":[{"href":"https:\/\/kalinkamagazin.com\/es\/wp-json\/wp\/v2\/types\/product"}],"wp:featuredmedia":[{"embeddable":true,"href":"https:\/\/kalinkamagazin.com\/es\/wp-json\/wp\/v2\/media\/1726"}],"wp:attachment":[{"href":"https:\/\/kalinkamagazin.com\/es\/wp-json\/wp\/v2\/media?parent=2413"}],"wp:term":[{"taxonomy":"product_brand","embeddable":true,"href":"https:\/\/kalinkamagazin.com\/es\/wp-json\/wp\/v2\/product_brand?post=2413"},{"taxonomy":"product_cat","embeddable":true,"href":"https:\/\/kalinkamagazin.com\/es\/wp-json\/wp\/v2\/product_cat?post=2413"},{"taxonomy":"product_tag","embeddable":true,"href":"https:\/\/kalinkamagazin.com\/es\/wp-json\/wp\/v2\/product_tag?post=2413"}],"curies":[{"name":"wp","href":"https:\/\/api.w.org\/{rel}","templated":true}]}}