{"id":2414,"date":"2026-01-29T16:35:28","date_gmt":"2026-01-29T13:35:28","guid":{"rendered":"https:\/\/kalinkamagazin.com\/product\/6101-rosquillas-300-g-es\/"},"modified":"2026-01-29T17:01:14","modified_gmt":"2026-01-29T14:01:14","slug":"6101-rosquillas-300-g-es","status":"publish","type":"product","link":"https:\/\/kalinkamagazin.com\/es\/product\/6101-rosquillas-300-g-es\/","title":{"rendered":"Rosquillas. 300 g"},"content":{"rendered":"<p>Pretzels \"Malutka\". Ingredientes: <b>harina de trigo,<\/b>az\u00facar,<\/b>aceite de girasol,<\/b>sal de mesa,<\/b>levadura,<\/b>levadura en polvo: E503. Puede contener: <b>huevos,<\/b>mostaza,<\/b>s\u00e9samo.<\/b>Conservar en lugar fresco y seco. Ventas: Lackmann Fleisch- und Feinkostfabrik GmbH, Carl Benz Stra\u00dfe 10, 77731 Willst\u00e4tt, Alemania. Consumir preferentemente antes del: <!--NWT-Text-->Valor nutricional por 100 g: Valor energ\u00e9tico: 1805 kJ \/ 428 kcal, Grasas: 10 g, de las cuales saturadas: 1,0 g, Hidratos de carbono: 73 g, de los cuales az\u00facares: 13 g, Prote\u00ednas: 9,8 g, Sal: 0,92 g, <!--NWT-Table--><\/p>\n<table>\n<tbody>\n<tr>\n<td colspan=\"2\">Valor nutricional por 100 g:<\/td>\n<\/tr>\n<tr>\n<td>Valor energ\u00e9tico:<\/td>\n<td align = \"right\">1805 kJ\/428 kcal<\/td>\n<\/tr>\n<tr>\n<td>Grasas:<\/td>\n<td align = \"right\">10 g<\/td>\n<\/tr>\n<tr>\n<td>de las cuales saturadas:<\/td>\n<td align = \"right\">1,0 g<\/td>\n<\/tr>\n<tr>\n<td>Hidratos de carbono:<\/td>\n<td align = \"right\">73 g<\/td>\n<\/tr>\n<tr>\n<td>- de los cuales az\u00facares:<\/td>\n<td align = \"right\">13 g<\/td>\n<\/tr>\n<tr>\n<td>Prote\u00ednas:<\/td>\n<td align = \"right\">9,8 g<\/td>\n<\/tr>\n<tr>\n<td>Sal:<\/td>\n<td align = \"right\">0,92 g<\/td>\n<\/tr>\n<\/tbody>\n<\/table>\n<p> <!--Bezeichnung-->Pretzels \"Malutka.\" .<\/p>\n","protected":false},"excerpt":{"rendered":"<p>Pretzels \"Malutka\". Ingredientes: harina de trigo,az\u00facar,aceite de girasol,sal de mesa,levadura,levadura en polvo: E503. Puede contener: huevos,mostaza,s\u00e9samo.Conservar en lugar fresco y seco. Ventas: Lackmann Fleisch- und Feinkostfabrik GmbH, Carl Benz Stra\u00dfe 10, 77731 Willst\u00e4tt, Alemania. Consumir preferentemente antes del: Valor nutricional por 100 g: Valor energ\u00e9tico: 1805 kJ \/ 428 kcal, Grasas: 10 g, de las [&hellip;]<\/p>\n","protected":false},"featured_media":1708,"template":"","meta":{"inline_featured_image":false},"product_brand":[],"product_cat":[207],"product_tag":[],"class_list":{"0":"post-2414","1":"product","2":"type-product","3":"status-publish","4":"has-post-thumbnail","6":"product_cat-granos-cereales-y-snacks","8":"first","9":"instock","10":"shipping-taxable","11":"purchasable","12":"product-type-simple"},"acf":[],"_links":{"self":[{"href":"https:\/\/kalinkamagazin.com\/es\/wp-json\/wp\/v2\/product\/2414","targetHints":{"allow":["GET"]}}],"collection":[{"href":"https:\/\/kalinkamagazin.com\/es\/wp-json\/wp\/v2\/product"}],"about":[{"href":"https:\/\/kalinkamagazin.com\/es\/wp-json\/wp\/v2\/types\/product"}],"wp:featuredmedia":[{"embeddable":true,"href":"https:\/\/kalinkamagazin.com\/es\/wp-json\/wp\/v2\/media\/1708"}],"wp:attachment":[{"href":"https:\/\/kalinkamagazin.com\/es\/wp-json\/wp\/v2\/media?parent=2414"}],"wp:term":[{"taxonomy":"product_brand","embeddable":true,"href":"https:\/\/kalinkamagazin.com\/es\/wp-json\/wp\/v2\/product_brand?post=2414"},{"taxonomy":"product_cat","embeddable":true,"href":"https:\/\/kalinkamagazin.com\/es\/wp-json\/wp\/v2\/product_cat?post=2414"},{"taxonomy":"product_tag","embeddable":true,"href":"https:\/\/kalinkamagazin.com\/es\/wp-json\/wp\/v2\/product_tag?post=2414"}],"curies":[{"name":"wp","href":"https:\/\/api.w.org\/{rel}","templated":true}]}}