{"id":2415,"date":"2026-01-29T16:35:25","date_gmt":"2026-01-29T13:35:25","guid":{"rendered":"https:\/\/kalinkamagazin.com\/product\/6102-rosquillas-es\/"},"modified":"2026-01-29T17:01:11","modified_gmt":"2026-01-29T14:01:11","slug":"6102-rosquillas-es","status":"publish","type":"product","link":"https:\/\/kalinkamagazin.com\/es\/product\/6102-rosquillas-es\/","title":{"rendered":"Rosquillas."},"content":{"rendered":"<p>Pretzels \"de carretera\". Ingredientes: harina de trigo, az\u00facar, aceite de mostaza, sal comestible, levadura, levadura en polvo: E503. Puede contener: huevos, semillas de s\u00e9samo. Conservar en un lugar fresco y seco. Distribuci\u00f3n: Lackmann Fleisch- und Feinkostfabrik GmbH, Carl Benz Stra\u00dfe 10, 77731 Willst\u00e4tt, Alemania. Consumir preferentemente antes del: <!--NWT-Text-->Valor nutricional por 100 g: Valor energ\u00e9tico: 1749 kJ \/ 414 kcal, Grasas: 8,8 g, de las cuales saturadas: 0,4 g, Hidratos de carbono: 73 g, de los cuales az\u00facares: 11 g, Prote\u00ednas: 10 g, Sal: 0,92 g, <!--NWT-Table--><\/p>\n<table>\n<tbody>\n<tr>\n<td colspan=\"2\">Valor nutricional por 100 g:<\/td>\n<\/tr>\n<tr>\n<td>Valor energ\u00e9tico:<\/td>\n<td align = \"right\">1749 kJ\/414 kcal<\/td>\n<\/tr>\n<tr>\n<td>Grasas:<\/td>\n<td align = \"right\">8,8 g<\/td>\n<\/tr>\n<tr>\n<td>de las cuales saturadas: \u00c1cidos grasos:<\/td>\n<td align = \"right\">0.4g<\/td>\n<\/tr>\n<tr>\n<td>Carbohidratos:<\/td>\n<td align = \"right\">73g<\/td>\n<\/tr>\n<tr>\n<td>- de los cuales az\u00facares:<\/td>\n<td align = \"right\">11g<\/td>\n<\/tr>\n<tr>\n<td>Prote\u00ednas:<\/td>\n<td align = \"right\">10g<\/td>\n<\/tr>\n<tr>\n<td>Sal:<\/td>\n<td align = \"right\">0.92g<\/td>\n<\/tr>\n<\/tbody>\n<\/table>\n<p> <!--Bezeichnung-->Pretzels de carretera ..<\/p>\n","protected":false},"excerpt":{"rendered":"<p>Pretzels \"de carretera\". Ingredientes: harina de trigo, az\u00facar, aceite de mostaza, sal comestible, levadura, levadura en polvo: E503. Puede contener: huevos, semillas de s\u00e9samo. Conservar en un lugar fresco y seco. Distribuci\u00f3n: Lackmann Fleisch- und Feinkostfabrik GmbH, Carl Benz Stra\u00dfe 10, 77731 Willst\u00e4tt, Alemania. Consumir preferentemente antes del: Valor nutricional por 100 g: Valor energ\u00e9tico: [&hellip;]<\/p>\n","protected":false},"featured_media":1711,"template":"","meta":{"inline_featured_image":false},"product_brand":[],"product_cat":[207],"product_tag":[],"class_list":{"0":"post-2415","1":"product","2":"type-product","3":"status-publish","4":"has-post-thumbnail","6":"product_cat-granos-cereales-y-snacks","8":"first","9":"instock","10":"shipping-taxable","11":"purchasable","12":"product-type-simple"},"acf":[],"_links":{"self":[{"href":"https:\/\/kalinkamagazin.com\/es\/wp-json\/wp\/v2\/product\/2415","targetHints":{"allow":["GET"]}}],"collection":[{"href":"https:\/\/kalinkamagazin.com\/es\/wp-json\/wp\/v2\/product"}],"about":[{"href":"https:\/\/kalinkamagazin.com\/es\/wp-json\/wp\/v2\/types\/product"}],"wp:featuredmedia":[{"embeddable":true,"href":"https:\/\/kalinkamagazin.com\/es\/wp-json\/wp\/v2\/media\/1711"}],"wp:attachment":[{"href":"https:\/\/kalinkamagazin.com\/es\/wp-json\/wp\/v2\/media?parent=2415"}],"wp:term":[{"taxonomy":"product_brand","embeddable":true,"href":"https:\/\/kalinkamagazin.com\/es\/wp-json\/wp\/v2\/product_brand?post=2415"},{"taxonomy":"product_cat","embeddable":true,"href":"https:\/\/kalinkamagazin.com\/es\/wp-json\/wp\/v2\/product_cat?post=2415"},{"taxonomy":"product_tag","embeddable":true,"href":"https:\/\/kalinkamagazin.com\/es\/wp-json\/wp\/v2\/product_tag?post=2415"}],"curies":[{"name":"wp","href":"https:\/\/api.w.org\/{rel}","templated":true}]}}