{"id":2416,"date":"2026-01-29T16:44:07","date_gmt":"2026-01-29T13:44:07","guid":{"rendered":"https:\/\/kalinkamagazin.com\/product\/203-salami-al-estilo-ruso-cerdo-ternera-es\/"},"modified":"2026-01-29T17:10:17","modified_gmt":"2026-01-29T14:10:17","slug":"203-salami-al-estilo-ruso-cerdo-ternera-es","status":"publish","type":"product","link":"https:\/\/kalinkamagazin.com\/es\/product\/203-salami-al-estilo-ruso-cerdo-ternera-es\/","title":{"rendered":"salami al estilo ruso (cerdo, ternera)"},"content":{"rendered":"<p>Salami al estilo ruso. 100 g de producto elaborado con 130 g de carne de cerdo y ternera. Ingredientes: cerdo, ternera, manteca de cerdo, sal, especias, dextrosa, potenciador del sabor (glutamato monos\u00f3dico), extractos de especias, antioxidantes (\u00e1cido asc\u00f3rbico), fermentos l\u00e1cticos, conservante (nitrito de sodio), humo. Tripa no comestible. <!--NWT-Text-->Valor nutricional por 100 g: Valor energ\u00e9tico: 1895 kJ \/ 457 kcal, Grasas: 39 g, de las cuales saturadas: 17 g, Hidratos de carbono: 1,0 g, de los cuales az\u00facares: <0,5 g, Prote\u00ednas: 25 g, Sal: 3,4 g, <!--NWT-Table--><\/p>\n<table>\n<tbody>\n<tr>\n<td colspan=\"2\">Valor nutricional por 100 g:<\/td>\n<\/tr>\n<tr>\n<td>Valor energ\u00e9tico:<\/td>\n<td align = \"right\">1895 kJ\/457 kcal<\/td>\n<\/tr>\n<tr>\n<td>Grasas:<\/td>\n<td align = \"right\">39 g<\/td>\n<\/tr>\n<tr>\n<td>de las cuales saturadas:<\/td>\n<td align = \"right\">17 g<\/td>\n<\/tr>\n<tr>\n<td>Hidratos de carbono:<\/td>\n<td align = \"right\">1,0 g<\/td>\n<\/tr>\n<tr>\n<td>- de los cuales az\u00facares:<\/td>\n<td align = \"right\"><0,5 g<\/td>\n<\/tr>\n<tr>\n<td>Prote\u00ednas:<\/td>\n<td align = \"right\">25 g<\/td>\n<\/tr>\n<tr>\n<td>Sal:<\/td>\n<td align = \"right\">3,4 g<\/td>\n<\/tr>\n<\/tbody>\n<\/table>\n<p> <!--Bezeichnung-->Salami seg\u00fan una receta rusa.<\/p>\n","protected":false},"excerpt":{"rendered":"<p>Salami al estilo ruso. 100 g de producto elaborado con 130 g de carne de cerdo y ternera. Ingredientes: cerdo, ternera, manteca de cerdo, sal, especias, dextrosa, potenciador del sabor (glutamato monos\u00f3dico), extractos de especias, antioxidantes (\u00e1cido asc\u00f3rbico), fermentos l\u00e1cticos, conservante (nitrito de sodio), humo. Tripa no comestible. Valor nutricional por 100 g: Valor energ\u00e9tico: [&hellip;]<\/p>\n","protected":false},"featured_media":961,"template":"","meta":{"inline_featured_image":false},"product_brand":[],"product_cat":[222,223],"product_tag":[],"class_list":{"0":"post-2416","1":"product","2":"type-product","3":"status-publish","4":"has-post-thumbnail","6":"product_cat-carne-y-productos-carnicos","7":"product_cat-embutidos-salchichas","9":"first","10":"instock","11":"shipping-taxable","12":"purchasable","13":"product-type-simple"},"acf":[],"_links":{"self":[{"href":"https:\/\/kalinkamagazin.com\/es\/wp-json\/wp\/v2\/product\/2416","targetHints":{"allow":["GET"]}}],"collection":[{"href":"https:\/\/kalinkamagazin.com\/es\/wp-json\/wp\/v2\/product"}],"about":[{"href":"https:\/\/kalinkamagazin.com\/es\/wp-json\/wp\/v2\/types\/product"}],"wp:featuredmedia":[{"embeddable":true,"href":"https:\/\/kalinkamagazin.com\/es\/wp-json\/wp\/v2\/media\/961"}],"wp:attachment":[{"href":"https:\/\/kalinkamagazin.com\/es\/wp-json\/wp\/v2\/media?parent=2416"}],"wp:term":[{"taxonomy":"product_brand","embeddable":true,"href":"https:\/\/kalinkamagazin.com\/es\/wp-json\/wp\/v2\/product_brand?post=2416"},{"taxonomy":"product_cat","embeddable":true,"href":"https:\/\/kalinkamagazin.com\/es\/wp-json\/wp\/v2\/product_cat?post=2416"},{"taxonomy":"product_tag","embeddable":true,"href":"https:\/\/kalinkamagazin.com\/es\/wp-json\/wp\/v2\/product_tag?post=2416"}],"curies":[{"name":"wp","href":"https:\/\/api.w.org\/{rel}","templated":true}]}}