{"id":2417,"date":"2026-01-29T16:43:49","date_gmt":"2026-01-29T13:43:49","guid":{"rendered":"https:\/\/kalinkamagazin.com\/product\/458-salami-al-estilo-ruso-es\/"},"modified":"2026-01-29T17:09:59","modified_gmt":"2026-01-29T14:09:59","slug":"458-salami-al-estilo-ruso-es","status":"publish","type":"product","link":"https:\/\/kalinkamagazin.com\/es\/product\/458-salami-al-estilo-ruso-es\/","title":{"rendered":"salami al estilo ruso"},"content":{"rendered":"<p>Salami al estilo ruso. 100 g de producto elaborado con 140 g de carne de cerdo y ternera. Ingredientes: cerdo, ternera, manteca de cerdo, sal, especias, dextrosa, potenciador del sabor (monoglutamato monos\u00f3dico), antioxidantes (\u00e1cido asc\u00f3rbico), extractos de especias, fermentos l\u00e1cticos, conservante (nitrito de sodio), humo. Tripa no comestible. <!--NWT-Text-->Valor nutricional por 100 g: Valor energ\u00e9tico: 1601 kJ \/ 386 kcal, Grasas: 31 g, de las cuales saturadas: 13 g, Hidratos de carbono: 1,0 g, de los cuales az\u00facares: <0,5 g, Prote\u00ednas: 26 g, Sal: 3,4 g, <!--NWT-Table--><\/p>\n<table>\n<tbody>\n<tr>\n<td colspan=\"2\">Valor nutricional por 100 g:<\/td>\n<\/tr>\n<tr>\n<td>Valor energ\u00e9tico:<\/td>\n<td align = \"right\">1601 kJ\/386 kcal<\/td>\n<\/tr>\n<tr>\n<td>Grasas:<\/td>\n<td align = \"right\">31 g<\/td>\n<\/tr>\n<tr>\n<td>de las cuales saturadas:<\/td>\n<td align = \"right\">13 g<\/td>\n<\/tr>\n<tr>\n<td>Hidratos de carbono:<\/td>\n<td align = \"right\">1,0 g<\/td>\n<\/tr>\n<tr>\n<td>- de los cuales az\u00facares:<\/td>\n<td align = \"right\"><0,5 g<\/td>\n<\/tr>\n<tr>\n<td>Prote\u00ednas:<\/td>\n<td align = \"right\">26 g<\/td>\n<\/tr>\n<tr>\n<td>Sal:<\/td>\n<td align = \"right\">3,4 g<\/td>\n<\/tr>\n<\/tbody>\n<\/table>\n<p> <!--Bezeichnung-->Salami seg\u00fan una receta rusa.<\/p>\n","protected":false},"excerpt":{"rendered":"<p>Salami al estilo ruso. 100 g de producto elaborado con 140 g de carne de cerdo y ternera. Ingredientes: cerdo, ternera, manteca de cerdo, sal, especias, dextrosa, potenciador del sabor (monoglutamato monos\u00f3dico), antioxidantes (\u00e1cido asc\u00f3rbico), extractos de especias, fermentos l\u00e1cticos, conservante (nitrito de sodio), humo. Tripa no comestible. Valor nutricional por 100 g: Valor energ\u00e9tico: [&hellip;]<\/p>\n","protected":false},"featured_media":979,"template":"","meta":{"inline_featured_image":false},"product_brand":[],"product_cat":[222,223],"product_tag":[],"class_list":{"0":"post-2417","1":"product","2":"type-product","3":"status-publish","4":"has-post-thumbnail","6":"product_cat-carne-y-productos-carnicos","7":"product_cat-embutidos-salchichas","9":"first","10":"instock","11":"shipping-taxable","12":"purchasable","13":"product-type-simple"},"acf":[],"_links":{"self":[{"href":"https:\/\/kalinkamagazin.com\/es\/wp-json\/wp\/v2\/product\/2417","targetHints":{"allow":["GET"]}}],"collection":[{"href":"https:\/\/kalinkamagazin.com\/es\/wp-json\/wp\/v2\/product"}],"about":[{"href":"https:\/\/kalinkamagazin.com\/es\/wp-json\/wp\/v2\/types\/product"}],"wp:featuredmedia":[{"embeddable":true,"href":"https:\/\/kalinkamagazin.com\/es\/wp-json\/wp\/v2\/media\/979"}],"wp:attachment":[{"href":"https:\/\/kalinkamagazin.com\/es\/wp-json\/wp\/v2\/media?parent=2417"}],"wp:term":[{"taxonomy":"product_brand","embeddable":true,"href":"https:\/\/kalinkamagazin.com\/es\/wp-json\/wp\/v2\/product_brand?post=2417"},{"taxonomy":"product_cat","embeddable":true,"href":"https:\/\/kalinkamagazin.com\/es\/wp-json\/wp\/v2\/product_cat?post=2417"},{"taxonomy":"product_tag","embeddable":true,"href":"https:\/\/kalinkamagazin.com\/es\/wp-json\/wp\/v2\/product_tag?post=2417"}],"curies":[{"name":"wp","href":"https:\/\/api.w.org\/{rel}","templated":true}]}}