{"id":2421,"date":"2026-01-29T16:43:37","date_gmt":"2026-01-29T13:43:37","guid":{"rendered":"https:\/\/kalinkamagazin.com\/product\/556-salchichas-ahumadas-es\/"},"modified":"2026-01-29T17:09:47","modified_gmt":"2026-01-29T14:09:47","slug":"556-salchichas-ahumadas-es","status":"publish","type":"product","link":"https:\/\/kalinkamagazin.com\/es\/product\/556-salchichas-ahumadas-es\/","title":{"rendered":"Salchichas ahumadas"},"content":{"rendered":"<p>Salchichas elaboradas con carne cocida, cortada en trozos (con leche entera en polvo), seg\u00fan una receta rusa. Ingredientes: cerdo (73%), manteca de cerdo, agua potable, sal de mesa, leche entera en polvo (1%), especias, extractos de especias, estabilizante: difosfato, potenciadores del sabor: (E621, E635), dextrosa, colorante: carm\u00edn natural, antioxidantes: \u00e1cido asc\u00f3rbico, maltodextrina, aromas, conservante: nitrito de sodio, tripa de cerdo, humo. Envasado en atm\u00f3sfera protectora. <!--NWT-Text-->Valor nutricional por 100 g: Valor energ\u00e9tico: 1239 kJ \/ 300 kcal, Grasas: 28 g, de las cuales saturadas: 12 g, Hidratos de carbono: 1,0 g, de los cuales az\u00facares: 0,7 g, Prote\u00ednas: 12 g, Sal: 1,8 g, <!--NWT-Table--><\/p>\n<table>\n<tbody>\n<tr>\n<td colspan=\"2\">Valor nutricional por 100 g:<\/td>\n<\/tr>\n<tr>\n<td>Valor energ\u00e9tico:<\/td>\n<td align = \"right\">1239 kJ\/300 kcal<\/td>\n<\/tr>\n<tr>\n<td>Grasas:<\/td>\n<td align = \"right\">28 g<\/td>\n<\/tr>\n<tr>\n<td>de las cuales saturadas:<\/td>\n<td align = \"right\">12 g<\/td>\n<\/tr>\n<tr>\n<td>Hidratos de carbono:<\/td>\n<td align = \"right\">1,0 g<\/td>\n<\/tr>\n<tr>\n<td>- de los cuales az\u00facares:<\/td>\n<td align = \"right\">0,7 g<\/td>\n<\/tr>\n<tr>\n<td>Prote\u00ednas:<\/td>\n<td align = \"right\">12 g<\/td>\n<\/tr>\n<tr>\n<td>Sal:<\/td>\n<td align = \"right\">1,8 g<\/td>\n<\/tr>\n<\/tbody>\n<\/table>\n<p> <!--Bezeichnung-->Salchichas a base de carne hervida, cortada en trozos (que contienen leche entera en polvo), seg\u00fan una receta rusa.<\/p>\n","protected":false},"excerpt":{"rendered":"<p>Salchichas elaboradas con carne cocida, cortada en trozos (con leche entera en polvo), seg\u00fan una receta rusa. Ingredientes: cerdo (73%), manteca de cerdo, agua potable, sal de mesa, leche entera en polvo (1%), especias, extractos de especias, estabilizante: difosfato, potenciadores del sabor: (E621, E635), dextrosa, colorante: carm\u00edn natural, antioxidantes: \u00e1cido asc\u00f3rbico, maltodextrina, aromas, conservante: nitrito [&hellip;]<\/p>\n","protected":false},"featured_media":994,"template":"","meta":{"inline_featured_image":false},"product_brand":[],"product_cat":[222,223],"product_tag":[],"class_list":{"0":"post-2421","1":"product","2":"type-product","3":"status-publish","4":"has-post-thumbnail","6":"product_cat-carne-y-productos-carnicos","7":"product_cat-embutidos-salchichas","9":"first","10":"instock","11":"shipping-taxable","12":"purchasable","13":"product-type-simple"},"acf":[],"_links":{"self":[{"href":"https:\/\/kalinkamagazin.com\/es\/wp-json\/wp\/v2\/product\/2421","targetHints":{"allow":["GET"]}}],"collection":[{"href":"https:\/\/kalinkamagazin.com\/es\/wp-json\/wp\/v2\/product"}],"about":[{"href":"https:\/\/kalinkamagazin.com\/es\/wp-json\/wp\/v2\/types\/product"}],"wp:featuredmedia":[{"embeddable":true,"href":"https:\/\/kalinkamagazin.com\/es\/wp-json\/wp\/v2\/media\/994"}],"wp:attachment":[{"href":"https:\/\/kalinkamagazin.com\/es\/wp-json\/wp\/v2\/media?parent=2421"}],"wp:term":[{"taxonomy":"product_brand","embeddable":true,"href":"https:\/\/kalinkamagazin.com\/es\/wp-json\/wp\/v2\/product_brand?post=2421"},{"taxonomy":"product_cat","embeddable":true,"href":"https:\/\/kalinkamagazin.com\/es\/wp-json\/wp\/v2\/product_cat?post=2421"},{"taxonomy":"product_tag","embeddable":true,"href":"https:\/\/kalinkamagazin.com\/es\/wp-json\/wp\/v2\/product_tag?post=2421"}],"curies":[{"name":"wp","href":"https:\/\/api.w.org\/{rel}","templated":true}]}}